{"id":4756,"date":"2024-12-17T09:27:40","date_gmt":"2024-12-17T09:27:40","guid":{"rendered":"https:\/\/lomoro.nl\/?post_type=product&#038;p=4756"},"modified":"2025-01-08T11:24:39","modified_gmt":"2025-01-08T11:24:39","slug":"handgemaakte-leren-laarzen-23","status":"publish","type":"product","link":"https:\/\/www.lomoro.nl\/de\/products\/handgemaakte-leren-laarzen-23\/","title":{"rendered":"Lederstiefel Herren"},"content":{"rendered":"<p><span>Heben Sie sich diesen Winter von der Masse ab mit unseren stilvollen Lederstiefeln f\u00fcr Herren f\u00fcr den Winter, perfekt f\u00fcr jeden Anlass. Diese von erfahrenen Handwerkern handgefertigten Lederstiefel bieten M\u00e4nnern die ideale Kombination aus Komfort und Haltbarkeit. Diese aus hochwertigem Leder gefertigten Lederstiefel f\u00fcr Herren sind so konzipiert, dass sie der K\u00e4lte standhalten und gleichzeitig Ihren Stil unterstreichen. Die hochwertige Verarbeitung und die ikonischen Designs sorgen daf\u00fcr, dass Sie sowohl elegant als auch stilvoll aussehen. Ganz gleich, ob Sie\u00a0<\/span><a title=\"Stilvolle Lederstiefel f\u00fcr Herren f\u00fcr den Winter\" href=\"https:\/\/www.lomoro.nl\/products\/handgemaakte-leren-laarzen-17\" target=\"_blank\" rel=\"noopener\"><span>Lederstiefel f\u00fcr Herren<\/span><\/a><span>\u00a0im Outdoor- oder Freizeit-Look w\u00e4hlen\u00a0\u00a0\u00a0, diese Stiefel sind eine wichtige Erg\u00e4nzung Ihrer Garderobe. Werten Sie Ihr Winteroutfit mit dem Luxus und der Vielseitigkeit unserer Lederstiefel auf.<\/span><\/p>\n<p><span>Die\u00a0<\/span><b><span>Lederstiefel f\u00fcr Herren\u00a0<\/span><\/b><span>sind die ideale Wahl f\u00fcr M\u00e4nner, die einen vielseitigen und stilvollen Stiefel suchen, der sich jede Saison bew\u00e4hrt. Diese aus hochwertigem Leder gefertigten Stiefel bieten einen eleganten Look und sind gleichzeitig \u00e4u\u00dferst bequem. Die robuste Konstruktion sorgt daf\u00fcr, dass sie jahrelang halten, w\u00e4hrend die Lederoberfl\u00e4che f\u00fcr einen luxuri\u00f6sen Look sorgt, der zu jedem Anlass passt.<\/span><\/p>\n<p><span>Egal, ob Sie einen Tag lang ausgehen oder einen formellen Anlass haben, diese Lederstiefel verleihen Ihrem Look eine raffinierte Note. Sie wurden mit Liebe zum Detail und Komfort entworfen und eignen sich aufgrund ihrer Vielseitigkeit sowohl f\u00fcr formelle als auch f\u00fcr l\u00e4ssige Outfits. Der zeitlose Stil, gepaart mit den praktischen Vorz\u00fcgen von Leder, machen diese Stiefel zu einem Must-have f\u00fcr jeden modebewussten Mann.<\/span><\/p>\n<table>\n<tbody>\n<tr>\n<td><b><span>Besonderheit<\/span><\/b><\/td>\n<td><b><span>Details<\/span><\/b><\/td>\n<\/tr>\n<tr>\n<td><b><span>Material<\/span><\/b><\/td>\n<td><span>Hochwertiges Leder<\/span><\/td>\n<\/tr>\n<tr>\n<td><b><span>Farbe<\/span><\/b><\/td>\n<td><span>Braun, Schwarz oder Cognac<\/span><\/td>\n<\/tr>\n<tr>\n<td><b><span>Kumpel<\/span><\/b><\/td>\n<td><span>Erh\u00e4ltlich in verschiedenen Gr\u00f6\u00dfen<\/span><\/td>\n<\/tr>\n<tr>\n<td><b><span>Sohle, einzig, alleinig<\/span><\/b><\/td>\n<td><span>Rutschfestes Gummi<\/span><\/td>\n<\/tr>\n<tr>\n<td><b><span>Wartung<\/span><\/b><\/td>\n<td><span>Regelm\u00e4\u00dfig mit Ledercreme einreiben<\/span><\/td>\n<\/tr>\n<\/tbody>\n<\/table>\n","protected":false},"excerpt":{"rendered":"<p><span>Die\u00a0<\/span><b><span>Lederstiefel f\u00fcr Herren\u00a0<\/span><\/b><span>sind die perfekte Kombination aus Stil und Komfort. Diese aus hochwertigem Leder gefertigten Stiefel bieten nicht nur einen klassischen Look, sondern auch Strapazierf\u00e4higkeit f\u00fcr den t\u00e4glichen Gebrauch. Mit ihrem zeitlosen Design passen sie zu einer Vielzahl von Stilen, von l\u00e4ssigen bis hin zu formelleren Outfits. Diese Stiefel sind so konzipiert, dass Ihre F\u00fc\u00dfe zu jeder Jahreszeit bequem bleiben.<\/span><\/p>\n<p>\u2702\ufe0f<span>Perfekte Passform, speziell f\u00fcr Sie gefertigt.<\/span><\/p>\n<p>\ud83d\udc54<span>Individuelle Beratung f\u00fcr Ihren einzigartigen Look.<\/span><\/p>\n<p>\ud83e\uddf5<span>Hochwertige Materialien f\u00fcr ultimativen Komfort.<\/span><\/p>\n<p>\ud83c\udfa8<span>Stilvoll f\u00fcr jeden Anlass.<\/span><\/p>\n<p>\ud83c\udf81<span>Genie\u00dfen Sie bei jedem Ladenbesuch ein Gratisgeschenk!<\/span><\/p>\n","protected":false},"featured_media":2788,"template":"","meta":{"_acf_changed":false},"product_brand":[],"product_cat":[125],"product_tag":[],"class_list":{"0":"post-4756","1":"product","2":"type-product","3":"status-publish","4":"has-post-thumbnail","6":"product_cat-schoenen-collectie","8":"first","9":"instock","10":"sale","11":"shipping-taxable","12":"purchasable","13":"product-type-simple"},"acf":[],"_links":{"self":[{"href":"https:\/\/www.lomoro.nl\/de\/wp-json\/wp\/v2\/product\/4756","targetHints":{"allow":["GET"]}}],"collection":[{"href":"https:\/\/www.lomoro.nl\/de\/wp-json\/wp\/v2\/product"}],"about":[{"href":"https:\/\/www.lomoro.nl\/de\/wp-json\/wp\/v2\/types\/product"}],"wp:featuredmedia":[{"embeddable":true,"href":"https:\/\/www.lomoro.nl\/de\/wp-json\/wp\/v2\/media\/2788"}],"wp:attachment":[{"href":"https:\/\/www.lomoro.nl\/de\/wp-json\/wp\/v2\/media?parent=4756"}],"wp:term":[{"taxonomy":"product_brand","embeddable":true,"href":"https:\/\/www.lomoro.nl\/de\/wp-json\/wp\/v2\/product_brand?post=4756"},{"taxonomy":"product_cat","embeddable":true,"href":"https:\/\/www.lomoro.nl\/de\/wp-json\/wp\/v2\/product_cat?post=4756"},{"taxonomy":"product_tag","embeddable":true,"href":"https:\/\/www.lomoro.nl\/de\/wp-json\/wp\/v2\/product_tag?post=4756"}],"curies":[{"name":"wp","href":"https:\/\/api.w.org\/{rel}","templated":true}]}}