{"id":4768,"date":"2024-12-20T09:04:23","date_gmt":"2024-12-20T09:04:23","guid":{"rendered":"https:\/\/lomoro.nl\/?post_type=product&#038;p=4768"},"modified":"2025-01-10T06:52:26","modified_gmt":"2025-01-10T06:52:26","slug":"stropdas-27","status":"publish","type":"product","link":"https:\/\/www.lomoro.nl\/de\/products\/stropdas-27\/","title":{"rendered":"Burgunderrote Krawatte mit Paisleymuster"},"content":{"rendered":"<section id=\"shopify-section-template--23762923880771__rich_text_kx9yLB\" class=\"shopify-section section\">\n<div class=\"isolate\">\n<div class=\"rich-text content-container color-scheme-1 gradient rich-text--full-width content-container--full-width section-template--23762923880771__rich_text_kx9yLB-padding\">\n<div class=\"rich-text__wrapper rich-text__wrapper--left page-width\">\n<div class=\"rich-text__blocks left\">\n<div class=\"rich-text__text rte scroll-trigger animate--slide-in\" data-cascade=\"\">\n<p>Die burgundische Paisley-Krawatte strahlt dank des luxuri\u00f6sen Paisley-Musters und der warmen, tiefen Burgunderfarbe Klasse und Eleganz aus. Dieses stilvolle Accessoire ist perfekt f\u00fcr M\u00e4nner, die ihr Outfit auf die n\u00e4chste Stufe heben m\u00f6chten. Ganz gleich, ob Sie an einer Hochzeit, einer Gala oder einem Gesch\u00e4ftstreffen teilnehmen, diese Krawatte sorgt f\u00fcr das gewisse Extra an Flair.<\/p>\n<p>Hergestellt aus hochwertigen, langlebigen Materialien bietet diese Krawatte nicht nur einen eleganten Look, sondern auch ein angenehmes Tragegef\u00fchl. Kombinieren Sie es mit einem klassischen wei\u00dfen Hemd oder einem dunklen Anzug f\u00fcr einen zeitlosen, stilvollen Look.<\/p>\n<p>Mit sorgf\u00e4ltig verarbeiteten Details und hochwertigem Stoff bietet die Krawatte nicht nur eine edle Optik, sondern auch Langlebigkeit und Tragekomfort. Der vielseitige Burgunderton l\u00e4sst sich leicht mit einer Vielzahl von Anz\u00fcgen und Hemden kombinieren und eignet sich daher sowohl f\u00fcr formelle als auch halbformelle Anl\u00e4sse.<\/p>\n<table style=\"height: 126px;\" width=\"479\">\n<thead>\n<tr>\n<th>Merkmal<\/th>\n<th>Details<\/th>\n<\/tr>\n<\/thead>\n<tbody>\n<tr>\n<td><strong>Material<\/strong><\/td>\n<td>Luxuri\u00f6se Seidenmischung<\/td>\n<\/tr>\n<tr>\n<td><strong>Farbe<\/strong><\/td>\n<td>Burgunderrot mit Paisleymuster<\/td>\n<\/tr>\n<tr>\n<td><strong>Abmessungen<\/strong><\/td>\n<td>Standardl\u00e4nge und -breite<\/td>\n<\/tr>\n<tr>\n<td><strong>Pflegehinweise<\/strong><\/td>\n<td>Nur professionelle Reinigung<\/td>\n<\/tr>\n<\/tbody>\n<\/table>\n<\/div>\n<\/div>\n<\/div>\n<\/div>\n<\/div>\n<\/section>\n","protected":false},"excerpt":{"rendered":"<p>Verleihen Sie Ihrem Outfit einen Hauch von Luxus mit der burgunderroten Paisley-Krawatte. Diese Krawatte ist mit einem raffinierten Paisley-Muster und einem satten Burgunderton gestaltet und eignet sich perfekt f\u00fcr formelle Anl\u00e4sse und Gesch\u00e4ftstreffen.<\/p>\n<p>\u2702\ufe0f Perfekte Passform, speziell f\u00fcr Sie gefertigt.<\/p>\n<p>\ud83d\udc54 Individuelle Beratung f\u00fcr Ihren einzigartigen Look.<\/p>\n<p>\ud83e\uddf5 Hochwertige Materialien f\u00fcr ultimativen Komfort.<\/p>\n<p>\ud83c\udfa8 Stilvoll f\u00fcr jeden Anlass.<\/p>\n<p>\ud83c\udf81 Genie\u00dfen Sie bei jedem Ladenbesuch ein kostenloses Geschenk!<\/p>\n","protected":false},"featured_media":3016,"template":"","meta":{"_acf_changed":false},"product_brand":[],"product_cat":[152],"product_tag":[],"class_list":{"0":"post-4768","1":"product","2":"type-product","3":"status-publish","4":"has-post-thumbnail","6":"product_cat-stropdas","8":"first","9":"instock","10":"sale","11":"shipping-taxable","12":"purchasable","13":"product-type-simple"},"acf":[],"_links":{"self":[{"href":"https:\/\/www.lomoro.nl\/de\/wp-json\/wp\/v2\/product\/4768","targetHints":{"allow":["GET"]}}],"collection":[{"href":"https:\/\/www.lomoro.nl\/de\/wp-json\/wp\/v2\/product"}],"about":[{"href":"https:\/\/www.lomoro.nl\/de\/wp-json\/wp\/v2\/types\/product"}],"wp:featuredmedia":[{"embeddable":true,"href":"https:\/\/www.lomoro.nl\/de\/wp-json\/wp\/v2\/media\/3016"}],"wp:attachment":[{"href":"https:\/\/www.lomoro.nl\/de\/wp-json\/wp\/v2\/media?parent=4768"}],"wp:term":[{"taxonomy":"product_brand","embeddable":true,"href":"https:\/\/www.lomoro.nl\/de\/wp-json\/wp\/v2\/product_brand?post=4768"},{"taxonomy":"product_cat","embeddable":true,"href":"https:\/\/www.lomoro.nl\/de\/wp-json\/wp\/v2\/product_cat?post=4768"},{"taxonomy":"product_tag","embeddable":true,"href":"https:\/\/www.lomoro.nl\/de\/wp-json\/wp\/v2\/product_tag?post=4768"}],"curies":[{"name":"wp","href":"https:\/\/api.w.org\/{rel}","templated":true}]}}