{"id":4774,"date":"2024-12-17T12:18:33","date_gmt":"2024-12-17T12:18:33","guid":{"rendered":"https:\/\/lomoro.nl\/?post_type=product&#038;p=4774"},"modified":"2025-01-08T11:49:55","modified_gmt":"2025-01-08T11:49:55","slug":"pak-10","status":"publish","type":"product","link":"https:\/\/www.lomoro.nl\/de\/products\/pak-10\/","title":{"rendered":"Der dreiteilige zweireihige Anzug in Marineblau"},"content":{"rendered":"<p><span>Der\u00a0<\/span><b><span>dreiteilige Zweireiheranzug in Marineblau\u00a0<\/span><\/b><span>ist ein elegantes und vielseitiges Ensemble bestehend aus einem raffinierten Zweireiher-Blazer, einer gut strukturierten Weste und einer pr\u00e4zise geschnittenen Hose. Dieser Anzug soll Ihren Look auf die n\u00e4chste Stufe heben, egal ob Sie an einer Hochzeit, einer Gala oder einem Gesch\u00e4ftstreffen teilnehmen.<\/span><\/p>\n<p><span>Der hochwertige Stoff sorgt nicht nur f\u00fcr einen erstklassigen Look, sondern bietet auch hervorragenden Komfort und Haltbarkeit. Erh\u00e4ltlich in den kleinen Gr\u00f6\u00dfen 46-62 und den gro\u00dfen Gr\u00f6\u00dfen 58-72 macht dieser Anzug einen stilvollen Eindruck und sorgt f\u00fcr eine perfekte Passform f\u00fcr M\u00e4nner mit unterschiedlichen K\u00f6rpertypen.<\/span><\/p>\n<table>\n<tbody>\n<tr>\n<td><b><span>Besonderheit<\/span><\/b><\/td>\n<td><b><span>Details<\/span><\/b><\/td>\n<\/tr>\n<tr>\n<td><b><span>Material<\/span><\/b><\/td>\n<td><span>Hochwertige Wollmischung<\/span><\/td>\n<\/tr>\n<tr>\n<td><b><span>Farbe<\/span><\/b><\/td>\n<td><span>Marineblau<\/span><\/td>\n<\/tr>\n<tr>\n<td><b><span>Stil<\/span><\/b><\/td>\n<td><span>3-teilig mit doppelter Knopfreihe<\/span><\/td>\n<\/tr>\n<tr>\n<td><b><span>Verf\u00fcgbare Gr\u00f6\u00dfen<\/span><\/b><\/td>\n<td><span>Kleine Gr\u00f6\u00dfen 46-62 \/ Gro\u00dfe Gr\u00f6\u00dfen 58-72<\/span><\/td>\n<\/tr>\n<tr>\n<td><b><span>Fit<\/span><\/b><\/td>\n<td><span>Schmale Passform f\u00fcr einen modernen Look<\/span><\/td>\n<\/tr>\n<tr>\n<td><b><span>Waschanleitung<\/span><\/b><\/td>\n<td><span>Nur chemische Reinigung<\/span><\/td>\n<\/tr>\n<\/tbody>\n<\/table>\n","protected":false},"excerpt":{"rendered":"<p><span>Der\u00a0<\/span><b><span>dreiteilige Zweireiheranzug in Marineblau\u00a0<\/span><\/b><span>bietet eine zeitlose Kombination aus klassischem Stil und moderner Finesse. Mit seinem Slim-Fit-Design eignet sich dieser Anzug perfekt f\u00fcr formelle Anl\u00e4sse und Gesch\u00e4ftstreffen. Das hochwertige Material sorgt f\u00fcr ein elegantes Erscheinungsbild und langanhaltenden Tragekomfort. Erh\u00e4ltlich in den kleinen Gr\u00f6\u00dfen 46\u201362 und gro\u00dfen Gr\u00f6\u00dfen 58\u201372, passt es sich m\u00fchelos jeder K\u00f6rperform an.<\/span><\/p>\n<p>\u2702\ufe0f<span>Perfekte Passform, speziell f\u00fcr Sie gefertigt.<\/span><\/p>\n<p>\ud83d\udc54<span>Individuelle Beratung f\u00fcr Ihren einzigartigen Look.<\/span><\/p>\n<p>\ud83e\uddf5<span>Hochwertige Materialien f\u00fcr ultimativen Komfort.<\/span><\/p>\n<p>\ud83c\udfa8<span>Stilvoll f\u00fcr jeden Anlass.<\/span><\/p>\n<p>\ud83c\udf81<span>Genie\u00dfen Sie bei jedem Ladenbesuch ein Gratisgeschenk!<\/span><\/p>\n","protected":false},"featured_media":2890,"template":"","meta":{"_acf_changed":false},"product_brand":[],"product_cat":[138],"product_tag":[],"class_list":{"0":"post-4774","1":"product","2":"type-product","3":"status-publish","4":"has-post-thumbnail","6":"product_cat-outlet","8":"first","9":"instock","10":"sale","11":"shipping-taxable","12":"purchasable","13":"product-type-simple"},"acf":[],"_links":{"self":[{"href":"https:\/\/www.lomoro.nl\/de\/wp-json\/wp\/v2\/product\/4774","targetHints":{"allow":["GET"]}}],"collection":[{"href":"https:\/\/www.lomoro.nl\/de\/wp-json\/wp\/v2\/product"}],"about":[{"href":"https:\/\/www.lomoro.nl\/de\/wp-json\/wp\/v2\/types\/product"}],"wp:featuredmedia":[{"embeddable":true,"href":"https:\/\/www.lomoro.nl\/de\/wp-json\/wp\/v2\/media\/2890"}],"wp:attachment":[{"href":"https:\/\/www.lomoro.nl\/de\/wp-json\/wp\/v2\/media?parent=4774"}],"wp:term":[{"taxonomy":"product_brand","embeddable":true,"href":"https:\/\/www.lomoro.nl\/de\/wp-json\/wp\/v2\/product_brand?post=4774"},{"taxonomy":"product_cat","embeddable":true,"href":"https:\/\/www.lomoro.nl\/de\/wp-json\/wp\/v2\/product_cat?post=4774"},{"taxonomy":"product_tag","embeddable":true,"href":"https:\/\/www.lomoro.nl\/de\/wp-json\/wp\/v2\/product_tag?post=4774"}],"curies":[{"name":"wp","href":"https:\/\/api.w.org\/{rel}","templated":true}]}}