{"id":4776,"date":"2024-12-17T09:32:59","date_gmt":"2024-12-17T09:32:59","guid":{"rendered":"https:\/\/lomoro.nl\/?post_type=product&#038;p=4776"},"modified":"2025-01-08T11:58:32","modified_gmt":"2025-01-08T11:58:32","slug":"handgemaakte-leren-laarzen-22","status":"publish","type":"product","link":"https:\/\/www.lomoro.nl\/de\/products\/handgemaakte-leren-laarzen-22\/","title":{"rendered":"schwarze Schuhe M\u00e4nner"},"content":{"rendered":"<p><span>Sp\u00fcren Sie den Luxus und die Qualit\u00e4t bei jedem Schritt mit unseren handgefertigten schwarzen Designerschuhen f\u00fcr Herren. Jedes Paar Schuhe wurde sorgf\u00e4ltig aus hochwertigen Materialien gefertigt und bietet einen eleganten und stilvollen Look, der Sie bei jedem Anlass hervorstechen l\u00e4sst. Unsere handgefertigten schwarzen Luxus-Designerschuhe f\u00fcr Herren vereinen stilvolles Design mit langlebiger Qualit\u00e4t, sodass Sie sich den ganzen Tag \u00fcber sicher und bequem f\u00fchlen. Diese handgefertigten schwarzen Schuhe f\u00fcr Herren eignen sich perfekt f\u00fcr formelle Anl\u00e4sse oder l\u00e4ssige Outfits. Genie\u00dfen Sie den Komfort unserer bequemen\u00a0\u00a0<\/span><a title=\"Handgefertigte schwarze Designerschuhe f\u00fcr Herren\" href=\"https:\/\/www.lomoro.nl\/de\/blogs\/nachricht\/herfst-winter-schoenen-heren-2024\" target=\"_blank\" rel=\"noopener\"><span>schwarzen Designer-Herrenschuhe<\/span><\/a><span>\u00a0, die Ihren Look auf die n\u00e4chste Stufe heben. Entdecken Sie die trendige Eleganz unserer schwarzen Designer-Herrenschuhe f\u00fcr einen stilvollen Look, perfekt f\u00fcr jeden Anlass.<\/span><\/p>\n<p><span>Die\u00a0<\/span><b><span>Black Shoes Men\u00a0<\/span><\/b><span>vereinen Eleganz mit Funktionalit\u00e4t und sind somit die ideale Wahl f\u00fcr jeden Anlass. Diese aus hochwertigem schwarzem Leder gefertigten Schuhe bieten einen eleganten Look, der nie aus der Mode kommt. Sie sind nicht nur stilvoll, sondern dank des atmungsaktiven Materials und der st\u00fctzenden Konstruktion auch so konzipiert, dass Ihre F\u00fc\u00dfe den ganzen Tag \u00fcber bequem bleiben.<\/span><\/p>\n<p><span>Egal, ob Sie ein formelles Meeting oder einen entspannten Tag im B\u00fcro haben, diese Schuhe passen zu jedem Look. Die robuste und flexible Sohle sorgt f\u00fcr zus\u00e4tzlichen Halt und Komfort und macht sie perfekt f\u00fcr den t\u00e4glichen Gebrauch. Mit ihrem schlanken Design und der langlebigen Verarbeitung sind sie eine unverwechselbare Erg\u00e4nzung Ihrer Schuhkollektion.<\/span><\/p>\n<table>\n<tbody>\n<tr>\n<td><b><span>Besonderheit<\/span><\/b><\/td>\n<td><b><span>Details<\/span><\/b><\/td>\n<\/tr>\n<tr>\n<td><b><span>Material<\/span><\/b><\/td>\n<td><span>Hochwertiges schwarzes Leder<\/span><\/td>\n<\/tr>\n<tr>\n<td><b><span>Farbe<\/span><\/b><\/td>\n<td><span>Schwarz<\/span><\/td>\n<\/tr>\n<tr>\n<td><b><span>Kumpel<\/span><\/b><\/td>\n<td><span>Erh\u00e4ltlich in verschiedenen Gr\u00f6\u00dfen<\/span><\/td>\n<\/tr>\n<tr>\n<td><b><span>Sohle, einzig, alleinig<\/span><\/b><\/td>\n<td><span>Flexible Gummisohle<\/span><\/td>\n<\/tr>\n<tr>\n<td><b><span>Wartung<\/span><\/b><\/td>\n<td><span>Regelm\u00e4\u00dfig mit Ledercreme einreiben<\/span><\/td>\n<\/tr>\n<\/tbody>\n<\/table>\n","protected":false},"excerpt":{"rendered":"<p><span>Die\u00a0<\/span><b><span>Black Shoes Men\u00a0<\/span><\/b><span>sind das perfekte Beispiel f\u00fcr Vielseitigkeit und Raffinesse. Mit ihrem klassischen schwarzen Lederdesign passen sie zu einer Vielzahl von Stilen, von formell bis l\u00e4ssig. Diese Schuhe bieten ultimativen Komfort, ohne auf Stil zu verzichten.\u00a0<\/span><span>Sie sind aus hochwertigem Leder gefertigt, eignen sich perfekt f\u00fcr den t\u00e4glichen Gebrauch und bieten eine lange Haltbarkeit. Egal, ob Sie ins B\u00fcro gehen oder abends ausgehen, diese Schuhe sind ein Muss in Ihrer Garderobe.<\/span><\/p>\n<p>\u2702\ufe0f<span>Perfekte Passform, speziell f\u00fcr Sie gefertigt.<\/span><\/p>\n<p>\ud83d\udc54<span>Individuelle Beratung f\u00fcr Ihren einzigartigen Look.<\/span><\/p>\n<p>\ud83e\uddf5<span>Hochwertige Materialien f\u00fcr ultimativen Komfort.<\/span><\/p>\n<p>\ud83c\udfa8<span>Stilvoll f\u00fcr jeden Anlass.<\/span><\/p>\n<p>\ud83c\udf81<span>Genie\u00dfen Sie bei jedem Ladenbesuch ein Gratisgeschenk!<\/span><\/p>\n","protected":false},"featured_media":2791,"template":"","meta":{"_acf_changed":false},"product_brand":[],"product_cat":[125],"product_tag":[],"class_list":{"0":"post-4776","1":"product","2":"type-product","3":"status-publish","4":"has-post-thumbnail","6":"product_cat-schoenen-collectie","8":"first","9":"instock","10":"sale","11":"shipping-taxable","12":"purchasable","13":"product-type-simple"},"acf":[],"_links":{"self":[{"href":"https:\/\/www.lomoro.nl\/de\/wp-json\/wp\/v2\/product\/4776","targetHints":{"allow":["GET"]}}],"collection":[{"href":"https:\/\/www.lomoro.nl\/de\/wp-json\/wp\/v2\/product"}],"about":[{"href":"https:\/\/www.lomoro.nl\/de\/wp-json\/wp\/v2\/types\/product"}],"wp:featuredmedia":[{"embeddable":true,"href":"https:\/\/www.lomoro.nl\/de\/wp-json\/wp\/v2\/media\/2791"}],"wp:attachment":[{"href":"https:\/\/www.lomoro.nl\/de\/wp-json\/wp\/v2\/media?parent=4776"}],"wp:term":[{"taxonomy":"product_brand","embeddable":true,"href":"https:\/\/www.lomoro.nl\/de\/wp-json\/wp\/v2\/product_brand?post=4776"},{"taxonomy":"product_cat","embeddable":true,"href":"https:\/\/www.lomoro.nl\/de\/wp-json\/wp\/v2\/product_cat?post=4776"},{"taxonomy":"product_tag","embeddable":true,"href":"https:\/\/www.lomoro.nl\/de\/wp-json\/wp\/v2\/product_tag?post=4776"}],"curies":[{"name":"wp","href":"https:\/\/api.w.org\/{rel}","templated":true}]}}