{"id":4788,"date":"2024-12-20T09:11:20","date_gmt":"2024-12-20T09:11:20","guid":{"rendered":"https:\/\/lomoro.nl\/?post_type=product&#038;p=4788"},"modified":"2025-01-10T07:07:49","modified_gmt":"2025-01-10T07:07:49","slug":"stropdas-25","status":"publish","type":"product","link":"https:\/\/www.lomoro.nl\/de\/products\/stropdas-25\/","title":{"rendered":"Schwarze Krawatte und Einstecktuch"},"content":{"rendered":"<section id=\"shopify-section-template--23762923880771__rich_text_kx9yLB\" class=\"shopify-section section\">\n<div class=\"isolate\">\n<div class=\"rich-text content-container color-scheme-1 gradient rich-text--full-width content-container--full-width section-template--23762923880771__rich_text_kx9yLB-padding\">\n<div class=\"rich-text__wrapper rich-text__wrapper--left page-width\">\n<div class=\"rich-text__blocks left\">\n<div class=\"rich-text__text rte scroll-trigger animate--slide-in\" data-cascade=\"\">\n<p>Die schwarze Krawatte und das Einstecktuch symbolisieren zeitlose Klasse und Eleganz. Die Krawatte besteht aus hochwertigen Materialien, die f\u00fcr eine seidig weiche Textur und einen luxuri\u00f6sen Look sorgen. Das passende Einstecktuch verleiht Ihrem Outfit einen dezenten und dennoch raffinierten letzten Schliff. Dieses Set eignet sich sowohl f\u00fcr formelle als auch f\u00fcr semi-formelle Anl\u00e4sse und verleiht Ihrem Look das n\u00e4chste Level.<\/p>\n<p>Egal, ob Sie eine Gesch\u00e4ftspr\u00e4sentation haben oder an einem festlichen Anlass teilnehmen, dieses Set l\u00e4sst sich m\u00fchelos mit jedem Stil kombinieren. Der tiefschwarze Farbton strahlt Selbstbewusstsein und Stil aus, w\u00e4hrend die hochwertige Verarbeitung Komfort und Langlebigkeit garantiert. W\u00e4hlen Sie dieses Set, um Ihrem Outfit einen Hauch von Raffinesse zu verleihen, der nicht unbemerkt bleibt.<\/p>\n<table>\n<thead>\n<tr>\n<th>Merkmal<\/th>\n<th>Details<\/th>\n<\/tr>\n<\/thead>\n<tbody>\n<tr>\n<td>Material<\/td>\n<td>Luxuri\u00f6ses Polyester mit seidenweicher Textur<\/td>\n<\/tr>\n<tr>\n<td>Muster<\/td>\n<td>Einfarbig Schwarz<\/td>\n<\/tr>\n<tr>\n<td>Farbe<\/td>\n<td>Klassisches Schwarz<\/td>\n<\/tr>\n<tr>\n<td>Set beinhaltet<\/td>\n<td>Krawatte und passendes Einstecktuch<\/td>\n<\/tr>\n<tr>\n<td>Abmessungen<\/td>\n<td>Krawatte: 150 cm x 8 cm; Einstecktuch: 25 cm x 25 cm<\/td>\n<\/tr>\n<tr>\n<td>Pflegehinweise<\/td>\n<td>Handw\u00e4sche empfohlen<\/td>\n<\/tr>\n<\/tbody>\n<\/table>\n<\/div>\n<\/div>\n<\/div>\n<\/div>\n<\/div>\n<\/section>\n","protected":false},"excerpt":{"rendered":"<p>Vervollst\u00e4ndigen Sie Ihren formellen Look mit der schwarzen Krawatte und dem Einstecktuch, einer stilvollen Kombination aus klassischer Schlichtheit und moderner Raffinesse. Die tiefschwarze Farbe und die hochwertige Verarbeitung sorgen f\u00fcr einen zeitlosen Look, perfekt f\u00fcr Hochzeiten, Galas und Gesch\u00e4ftstreffen. Dieses Set bietet die perfekte Balance zwischen Eleganz und Vielseitigkeit. Die Krawatte und das Einstecktuch sind so konzipiert, dass sie nahtlos zu einer Vielzahl von Stilen und Outfits passen und somit eine unverzichtbare Erg\u00e4nzung f\u00fcr jede Garderobe sind.<\/p>\n<p>\u2702\ufe0f Perfekte Passform, speziell f\u00fcr Sie gefertigt.<\/p>\n<p>\ud83d\udc54 Individuelle Beratung f\u00fcr Ihren einzigartigen Look.<\/p>\n<p>\ud83e\uddf5 Hochwertige Materialien f\u00fcr ultimativen Komfort.<\/p>\n<p>\ud83c\udfa8 Stilvoll f\u00fcr jeden Anlass.<\/p>\n<p>\ud83c\udf81 Genie\u00dfen Sie bei jedem Ladenbesuch ein kostenloses Geschenk!<\/p>\n","protected":false},"featured_media":3022,"template":"","meta":{"_acf_changed":false},"product_brand":[],"product_cat":[152],"product_tag":[],"class_list":{"0":"post-4788","1":"product","2":"type-product","3":"status-publish","4":"has-post-thumbnail","6":"product_cat-stropdas","8":"first","9":"instock","10":"sale","11":"shipping-taxable","12":"purchasable","13":"product-type-simple"},"acf":[],"_links":{"self":[{"href":"https:\/\/www.lomoro.nl\/de\/wp-json\/wp\/v2\/product\/4788","targetHints":{"allow":["GET"]}}],"collection":[{"href":"https:\/\/www.lomoro.nl\/de\/wp-json\/wp\/v2\/product"}],"about":[{"href":"https:\/\/www.lomoro.nl\/de\/wp-json\/wp\/v2\/types\/product"}],"wp:featuredmedia":[{"embeddable":true,"href":"https:\/\/www.lomoro.nl\/de\/wp-json\/wp\/v2\/media\/3022"}],"wp:attachment":[{"href":"https:\/\/www.lomoro.nl\/de\/wp-json\/wp\/v2\/media?parent=4788"}],"wp:term":[{"taxonomy":"product_brand","embeddable":true,"href":"https:\/\/www.lomoro.nl\/de\/wp-json\/wp\/v2\/product_brand?post=4788"},{"taxonomy":"product_cat","embeddable":true,"href":"https:\/\/www.lomoro.nl\/de\/wp-json\/wp\/v2\/product_cat?post=4788"},{"taxonomy":"product_tag","embeddable":true,"href":"https:\/\/www.lomoro.nl\/de\/wp-json\/wp\/v2\/product_tag?post=4788"}],"curies":[{"name":"wp","href":"https:\/\/api.w.org\/{rel}","templated":true}]}}