{"id":4797,"date":"2024-12-20T09:19:31","date_gmt":"2024-12-20T09:19:31","guid":{"rendered":"https:\/\/lomoro.nl\/?post_type=product&#038;p=4797"},"modified":"2025-01-10T07:23:32","modified_gmt":"2025-01-10T07:23:32","slug":"stropdas-23","status":"publish","type":"product","link":"https:\/\/www.lomoro.nl\/de\/products\/stropdas-23\/","title":{"rendered":"Bordeauxrote und goldene Jacquard-Krawatte"},"content":{"rendered":"<p>Die Jacquard-Krawatte in Bordeauxrot und Gold ist ein Statement f\u00fcr Eleganz und Luxus. Die tiefe burgunderrote Farbe wird durch ein dezentes Gold-Jacquard-Muster zart akzentuiert, was f\u00fcr einen einzigartigen und raffinierten Look sorgt. Diese Krawatte wurde pr\u00e4zise entworfen, sodass sie sowohl zu traditionellen als auch zu modernen Outfits perfekt passt.<\/p>\n<p>Ob Sie ein wichtiges Gesch\u00e4ftstreffen haben oder an einem formellen Anlass teilnehmen, mit dieser Krawatte sehen Sie stilvoll und selbstbewusst aus. Das hochwertige Material garantiert eine seidenweiche Textur und einen bequemen Knoten, sodass Sie den ganzen Tag \u00fcber m\u00fchelos elegant bleiben.<\/p>\n<table style=\"height: 165px;\" width=\"545\">\n<thead>\n<tr>\n<th>Merkmal<\/th>\n<th>Details<\/th>\n<\/tr>\n<\/thead>\n<tbody>\n<tr>\n<td><strong>Material<\/strong><\/td>\n<td>Luxuri\u00f6ses jacquardgewebtes Polyester<\/td>\n<\/tr>\n<tr>\n<td><strong>Muster<\/strong><\/td>\n<td>Dezenter goldener Jacquard-Druck<\/td>\n<\/tr>\n<tr>\n<td><strong>Farbe<\/strong><\/td>\n<td>Bordeauxrot und Gold<\/td>\n<\/tr>\n<tr>\n<td><strong>Abmessungen<\/strong><\/td>\n<td>150 cm x 8 cm<\/td>\n<\/tr>\n<tr>\n<td><strong>Pflegehinweise<\/strong><\/td>\n<td>Handw\u00e4sche empfohlen<\/td>\n<\/tr>\n<\/tbody>\n<\/table>\n","protected":false},"excerpt":{"rendered":"<p>Bringen Sie Ihren Stil mit der bordeauxroten und goldenen Jacquard-Krawatte auf die n\u00e4chste Stufe. Diese wundersch\u00f6ne Krawatte kombiniert einen satten Burgunderton mit einem dezenten goldenen Jacquard-Druck, der f\u00fcr einen luxuri\u00f6sen Look sorgt. Perfekt f\u00fcr Hochzeiten, Galas oder formelle Gesch\u00e4ftstreffen. Diese Krawatte strahlt Klasse und Raffinesse aus. Sein hochwertiges Material und die detaillierte Gestaltung machen es zu einer hervorragenden Wahl f\u00fcr alle, die einen stilvollen und eleganten Eindruck hinterlassen m\u00f6chten.<\/p>\n<p>\u2702\ufe0f Perfekte Passform, speziell f\u00fcr Sie gefertigt.<\/p>\n<p>\ud83d\udc54 Individuelle Beratung f\u00fcr Ihren einzigartigen Look.<\/p>\n<p>\ud83e\uddf5 Hochwertige Materialien f\u00fcr ultimativen Komfort.<\/p>\n<p>\ud83c\udfa8 Stilvoll f\u00fcr jeden Anlass.<\/p>\n<p>\ud83c\udf81 Genie\u00dfen Sie bei jedem Ladenbesuch ein kostenloses Geschenk!<\/p>\n","protected":false},"featured_media":3028,"template":"","meta":{"_acf_changed":false},"product_brand":[],"product_cat":[152],"product_tag":[],"class_list":{"0":"post-4797","1":"product","2":"type-product","3":"status-publish","4":"has-post-thumbnail","6":"product_cat-stropdas","8":"first","9":"instock","10":"sale","11":"shipping-taxable","12":"purchasable","13":"product-type-simple"},"acf":[],"_links":{"self":[{"href":"https:\/\/www.lomoro.nl\/de\/wp-json\/wp\/v2\/product\/4797","targetHints":{"allow":["GET"]}}],"collection":[{"href":"https:\/\/www.lomoro.nl\/de\/wp-json\/wp\/v2\/product"}],"about":[{"href":"https:\/\/www.lomoro.nl\/de\/wp-json\/wp\/v2\/types\/product"}],"wp:featuredmedia":[{"embeddable":true,"href":"https:\/\/www.lomoro.nl\/de\/wp-json\/wp\/v2\/media\/3028"}],"wp:attachment":[{"href":"https:\/\/www.lomoro.nl\/de\/wp-json\/wp\/v2\/media?parent=4797"}],"wp:term":[{"taxonomy":"product_brand","embeddable":true,"href":"https:\/\/www.lomoro.nl\/de\/wp-json\/wp\/v2\/product_brand?post=4797"},{"taxonomy":"product_cat","embeddable":true,"href":"https:\/\/www.lomoro.nl\/de\/wp-json\/wp\/v2\/product_cat?post=4797"},{"taxonomy":"product_tag","embeddable":true,"href":"https:\/\/www.lomoro.nl\/de\/wp-json\/wp\/v2\/product_tag?post=4797"}],"curies":[{"name":"wp","href":"https:\/\/api.w.org\/{rel}","templated":true}]}}