{"id":4814,"date":"2024-12-17T12:22:23","date_gmt":"2024-12-17T12:22:23","guid":{"rendered":"https:\/\/lomoro.nl\/?post_type=product&#038;p=4814"},"modified":"2025-01-09T07:50:04","modified_gmt":"2025-01-09T07:50:04","slug":"pak-11","status":"publish","type":"product","link":"https:\/\/www.lomoro.nl\/de\/products\/pak-11\/","title":{"rendered":"Der marineblaue zweireihige dreiteilige Anzug"},"content":{"rendered":"<p><span>Der\u00a0<\/span><b><span>zweireihige dreiteilige Anzug in Marineblau\u00a0<\/span><\/b><span>vereint traditionellen Stil mit moderner Eleganz. Das zweireihige Design des Blazers sorgt f\u00fcr einen Hauch von Klasse, w\u00e4hrend der taillierte Cardigan und die perfekt geschnittene Hose f\u00fcr einen kompletten und schlichten Look sorgen. Dieser Anzug ist ideal f\u00fcr Gesch\u00e4ftstreffen, Hochzeiten oder besondere Anl\u00e4sse.<\/span><\/p>\n<p><span>Der luxuri\u00f6se Stoff sorgt nicht nur f\u00fcr einen erstklassigen Look, sondern bietet auch die Haltbarkeit und den Komfort, die Sie f\u00fcr langfristiges Tragen ben\u00f6tigen. Mit Gr\u00f6\u00dfen von kleinen Gr\u00f6\u00dfen 46-62 bis gro\u00dfen Gr\u00f6\u00dfen 58-72 bietet dieser Anzug eine perfekte Passform f\u00fcr jeden Anlass.<\/span><\/p>\n<table>\n<tbody>\n<tr>\n<td><b><span>Besonderheit<\/span><\/b><\/td>\n<td><b><span>Einzelheiten<\/span><\/b><\/td>\n<\/tr>\n<tr>\n<td><b><span>Material<\/span><\/b><\/td>\n<td><span>Hochwertige Wollmischung<\/span><\/td>\n<\/tr>\n<tr>\n<td><b><span>Farbe<\/span><\/b><\/td>\n<td><span>Marineblau<\/span><\/td>\n<\/tr>\n<tr>\n<td><b><span>Stil<\/span><\/b><\/td>\n<td><span>3-teilig mit doppelter Knopfreihe<\/span><\/td>\n<\/tr>\n<tr>\n<td><b><span>Verf\u00fcgbare Gr\u00f6\u00dfen<\/span><\/b><\/td>\n<td><span>Kleine Gr\u00f6\u00dfen 46-62 \/ Gro\u00dfe Gr\u00f6\u00dfen 58-72<\/span><\/td>\n<\/tr>\n<tr>\n<td><b><span>Fit<\/span><\/b><\/td>\n<td><span>Schmale Passform f\u00fcr einen modernen Look<\/span><\/td>\n<\/tr>\n<tr>\n<td><b><span>Waschanleitung<\/span><\/b><\/td>\n<td><span>Nur chemische Reinigung<\/span><\/td>\n<\/tr>\n<\/tbody>\n<\/table>\n","protected":false},"excerpt":{"rendered":"<p><span>Der\u00a0<\/span><b><span>zweireihige dreiteilige Anzug in Marineblau\u00a0<\/span><\/b><span>strahlt zeitlose Eleganz aus und eignet sich perfekt f\u00fcr formelle Anl\u00e4sse und stilvolle Events. Das Slim-Fit-Design und die klassischen zweireihigen Kn\u00f6pfe sorgen f\u00fcr einen raffinierten Look. Dieser aus hochwertigem Stoff gefertigte Anzug bietet ultimativen Komfort und Haltbarkeit. Erh\u00e4ltlich in den kleinen Gr\u00f6\u00dfen 46\u201362 und gro\u00dfen Gr\u00f6\u00dfen 58\u201372, sodass es zu einer Vielzahl von K\u00f6rperformen passt.<\/span><\/p>\n<p>\u2702\ufe0f<span>Perfekte Passform, speziell f\u00fcr Sie gefertigt.<\/span><\/p>\n<p>\ud83d\udc54<span>Individuelle Beratung f\u00fcr Ihren einzigartigen Look.<\/span><\/p>\n<p>\ud83e\uddf5<span>Hochwertige Materialien f\u00fcr ultimativen Komfort.<\/span><\/p>\n<p>\ud83c\udfa8<span>Stilvoll f\u00fcr jeden Anlass.<\/span><\/p>\n<p>\ud83c\udf81<span>Genie\u00dfen Sie bei jedem Ladenbesuch ein Gratisgeschenk!<\/span><\/p>\n","protected":false},"featured_media":2893,"template":"","meta":{"_acf_changed":false},"product_brand":[],"product_cat":[138],"product_tag":[],"class_list":{"0":"post-4814","1":"product","2":"type-product","3":"status-publish","4":"has-post-thumbnail","6":"product_cat-outlet","8":"first","9":"instock","10":"sale","11":"shipping-taxable","12":"purchasable","13":"product-type-simple"},"acf":[],"_links":{"self":[{"href":"https:\/\/www.lomoro.nl\/de\/wp-json\/wp\/v2\/product\/4814","targetHints":{"allow":["GET"]}}],"collection":[{"href":"https:\/\/www.lomoro.nl\/de\/wp-json\/wp\/v2\/product"}],"about":[{"href":"https:\/\/www.lomoro.nl\/de\/wp-json\/wp\/v2\/types\/product"}],"wp:featuredmedia":[{"embeddable":true,"href":"https:\/\/www.lomoro.nl\/de\/wp-json\/wp\/v2\/media\/2893"}],"wp:attachment":[{"href":"https:\/\/www.lomoro.nl\/de\/wp-json\/wp\/v2\/media?parent=4814"}],"wp:term":[{"taxonomy":"product_brand","embeddable":true,"href":"https:\/\/www.lomoro.nl\/de\/wp-json\/wp\/v2\/product_brand?post=4814"},{"taxonomy":"product_cat","embeddable":true,"href":"https:\/\/www.lomoro.nl\/de\/wp-json\/wp\/v2\/product_cat?post=4814"},{"taxonomy":"product_tag","embeddable":true,"href":"https:\/\/www.lomoro.nl\/de\/wp-json\/wp\/v2\/product_tag?post=4814"}],"curies":[{"name":"wp","href":"https:\/\/api.w.org\/{rel}","templated":true}]}}