{"id":4818,"date":"2024-12-17T12:25:13","date_gmt":"2024-12-17T12:25:13","guid":{"rendered":"https:\/\/lomoro.nl\/?post_type=product&#038;p=4818"},"modified":"2025-01-09T08:04:29","modified_gmt":"2025-01-09T08:04:29","slug":"pak-12","status":"publish","type":"product","link":"https:\/\/www.lomoro.nl\/de\/products\/pak-12\/","title":{"rendered":"Der marineblaue zweireihige dreiteilige Anzug"},"content":{"rendered":"<p>Der\u00a0<b>zweireihige dreiteilige Anzug in Marineblau\u00a0<\/b>verk\u00f6rpert zeitlosen Stil und Handwerkskunst. Durch den zweireihigen Blazer in Kombination mit der stilvollen Weste und der perfekt geschnittenen Hose eignet sich dieser Anzug f\u00fcr formelle Anl\u00e4sse, Gesch\u00e4ftstreffen und besondere Anl\u00e4sse. Das marineblaue Design strahlt Selbstbewusstsein und Eleganz aus.<\/p>\n<p>Dieser Anzug besteht aus hochwertigen Materialien und bietet eine hervorragende Mischung aus Komfort und Haltbarkeit. Mit einer schmalen Passform, die die Konturen des K\u00f6rpers dezent betont, und Gr\u00f6\u00dfen von kleinen Gr\u00f6\u00dfen 46-62 bis gro\u00dfen Gr\u00f6\u00dfen 58-72 garantiert dieser Anzug einen schmeichelhaften Look f\u00fcr jeden Mann.<\/p>\n<table>\n<tbody>\n<tr>\n<td><b>Besonderheit<\/b><\/td>\n<td><b>Einzelheiten<\/b><\/td>\n<\/tr>\n<tr>\n<td><b>Material<\/b><\/td>\n<td>Luxuri\u00f6se Wollmischung<\/td>\n<\/tr>\n<tr>\n<td><b>Farbe<\/b><\/td>\n<td>Marineblau<\/td>\n<\/tr>\n<tr>\n<td><b>Stil<\/b><\/td>\n<td>3-teilig mit doppelter Knopfreihe<\/td>\n<\/tr>\n<tr>\n<td><b>Verf\u00fcgbare Gr\u00f6\u00dfen<\/b><\/td>\n<td>Kleine Gr\u00f6\u00dfen 46-62 \/ Gro\u00dfe Gr\u00f6\u00dfen 58-72<\/td>\n<\/tr>\n<tr>\n<td><b>Fit<\/b><\/td>\n<td>Schlanke Passform<\/td>\n<\/tr>\n<tr>\n<td><b>Waschanleitung<\/b><\/td>\n<td>Nur chemische Reinigung<\/td>\n<\/tr>\n<\/tbody>\n<\/table>\n","protected":false},"excerpt":{"rendered":"<p>Der\u00a0<b>zweireihige dreiteilige Anzug in Marineblau\u00a0<\/b>ist die ultimative Wahl f\u00fcr einen klassischen und stilvollen Look. Das elegante zweireihige Design sorgt f\u00fcr einen anspruchsvollen und professionellen Look.<\/p>\n<p>Mit hochwertigen Stoffen und perfekter Passform bietet dieser Anzug sowohl Komfort als auch Haltbarkeit. Erh\u00e4ltlich in den kleinen Gr\u00f6\u00dfen 46\u201362 und gro\u00dfen Gr\u00f6\u00dfen 58\u201372, ideal f\u00fcr verschiedene K\u00f6rperformen und Anl\u00e4sse.<\/p>\n<p>\u2702\ufe0fPerfekte Passform, speziell f\u00fcr Sie gefertigt.<\/p>\n<p>\ud83d\udc54Individuelle Beratung f\u00fcr Ihren einzigartigen Look.<\/p>\n<p>\ud83e\uddf5Hochwertige Materialien f\u00fcr ultimativen Komfort.<\/p>\n<p>\ud83c\udfa8Stilvoll f\u00fcr jeden Anlass.<\/p>\n<p>\ud83c\udf81Genie\u00dfen Sie bei jedem Ladenbesuch ein Gratisgeschenk!<\/p>\n","protected":false},"featured_media":2896,"template":"","meta":{"_acf_changed":false},"product_brand":[],"product_cat":[138],"product_tag":[],"class_list":{"0":"post-4818","1":"product","2":"type-product","3":"status-publish","4":"has-post-thumbnail","6":"product_cat-outlet","8":"first","9":"instock","10":"sale","11":"shipping-taxable","12":"purchasable","13":"product-type-simple"},"acf":[],"_links":{"self":[{"href":"https:\/\/www.lomoro.nl\/de\/wp-json\/wp\/v2\/product\/4818","targetHints":{"allow":["GET"]}}],"collection":[{"href":"https:\/\/www.lomoro.nl\/de\/wp-json\/wp\/v2\/product"}],"about":[{"href":"https:\/\/www.lomoro.nl\/de\/wp-json\/wp\/v2\/types\/product"}],"wp:featuredmedia":[{"embeddable":true,"href":"https:\/\/www.lomoro.nl\/de\/wp-json\/wp\/v2\/media\/2896"}],"wp:attachment":[{"href":"https:\/\/www.lomoro.nl\/de\/wp-json\/wp\/v2\/media?parent=4818"}],"wp:term":[{"taxonomy":"product_brand","embeddable":true,"href":"https:\/\/www.lomoro.nl\/de\/wp-json\/wp\/v2\/product_brand?post=4818"},{"taxonomy":"product_cat","embeddable":true,"href":"https:\/\/www.lomoro.nl\/de\/wp-json\/wp\/v2\/product_cat?post=4818"},{"taxonomy":"product_tag","embeddable":true,"href":"https:\/\/www.lomoro.nl\/de\/wp-json\/wp\/v2\/product_tag?post=4818"}],"curies":[{"name":"wp","href":"https:\/\/api.w.org\/{rel}","templated":true}]}}