{"id":4824,"date":"2024-12-17T12:30:44","date_gmt":"2024-12-17T12:30:44","guid":{"rendered":"https:\/\/lomoro.nl\/?post_type=product&#038;p=4824"},"modified":"2025-01-09T08:18:31","modified_gmt":"2025-01-09T08:18:31","slug":"pak-14","status":"publish","type":"product","link":"https:\/\/www.lomoro.nl\/de\/products\/pak-14\/","title":{"rendered":"Marineblauer Nadelstreifen-Dreiteiler mit zweireihiger Weste"},"content":{"rendered":"<p><span>Der\u00a0<\/span><b><span>marineblaue Nadelstreifen-Dreiteiler mit zweireihiger Weste\u00a0<\/span><\/b><span>kombiniert ein klassisches Nadelstreifendesign mit moderner Handwerkskunst. Der Blazer und die zweireihige Strickjacke sorgen f\u00fcr einen formellen Look, w\u00e4hrend die Slim-Fit-Hose f\u00fcr einen modernen Touch sorgt. Dieser Anzug eignet sich perfekt f\u00fcr gesch\u00e4ftliche Anl\u00e4sse, formelle Veranstaltungen oder besondere Momente, bei denen Sie beeindrucken m\u00f6chten.<\/span><\/p>\n<p><span>Dieser Anzug besteht aus einer hochwertigen Wollmischung und bietet au\u00dfergew\u00f6hnlichen Komfort und Haltbarkeit. Es ist in den Petite-Gr\u00f6\u00dfen 46\u201362 und den \u00dcbergr\u00f6\u00dfen 58\u201372 erh\u00e4ltlich und bietet eine schmeichelhafte Passform f\u00fcr eine Vielzahl von K\u00f6rpertypen. Die sorgf\u00e4ltige Verarbeitung und das luxuri\u00f6se Material machen es zu einem Must-Have f\u00fcr jeden stilvollen Mann.<\/span><\/p>\n<table>\n<tbody>\n<tr>\n<td><b><span>Besonderheit<\/span><\/b><\/td>\n<td><b><span>Einzelheiten<\/span><\/b><\/td>\n<\/tr>\n<tr>\n<td><b><span>Material<\/span><\/b><\/td>\n<td><span>Hochwertige Wollmischung<\/span><\/td>\n<\/tr>\n<tr>\n<td><b><span>Farbe<\/span><\/b><\/td>\n<td><span>Marineblau mit Nadelstreifen<\/span><\/td>\n<\/tr>\n<tr>\n<td><b><span>Stil<\/span><\/b><\/td>\n<td><span>Dreiteiliger, zweireihiger Cardigan<\/span><\/td>\n<\/tr>\n<tr>\n<td><b><span>Verf\u00fcgbare Gr\u00f6\u00dfen<\/span><\/b><\/td>\n<td><span>Kleine Gr\u00f6\u00dfen 46-62 \/ Gro\u00dfe Gr\u00f6\u00dfen 58-72<\/span><\/td>\n<\/tr>\n<tr>\n<td><b><span>Fit<\/span><\/b><\/td>\n<td><span>Schlanke Passform<\/span><\/td>\n<\/tr>\n<tr>\n<td><b><span>Waschanleitung<\/span><\/b><\/td>\n<td><span>Nur chemische Reinigung<\/span><\/td>\n<\/tr>\n<\/tbody>\n<\/table>\n","protected":false},"excerpt":{"rendered":"<p><span>Der\u00a0<\/span><b><span>marineblaue Nadelstreifen-Dreiteiler mit zweireihiger Weste\u00a0<\/span><\/b><span>ist ein Meisterwerk zeitloser Eleganz. Der klassische Nadelstreifen in Marineblau verleiht Ihrer Garderobe einen eleganten und professionellen Look.<\/span><\/p>\n<p><span>Mit einer zweireihigen Strickjacke, einem Blazer und einer passenden Hose bietet dieser dreiteilige Anzug sowohl Stil als auch Vielseitigkeit. Erh\u00e4ltlich in den kleinen Gr\u00f6\u00dfen 46\u201362 und gro\u00dfen Gr\u00f6\u00dfen 58\u201372, f\u00fcr eine perfekte Passform f\u00fcr jeden.<\/span><\/p>\n<p>\u2702\ufe0f<span>Perfekte Passform, speziell f\u00fcr Sie gefertigt.<\/span><\/p>\n<p>\ud83d\udc54<span>Individuelle Beratung f\u00fcr Ihren einzigartigen Look.<\/span><\/p>\n<p>\ud83e\uddf5<span>Hochwertige Materialien f\u00fcr ultimativen Komfort.<\/span><\/p>\n<p>\ud83c\udfa8<span>Stilvoll f\u00fcr jeden Anlass.<\/span><\/p>\n<p>\ud83c\udf81<span>Genie\u00dfen Sie bei jedem Ladenbesuch ein Gratisgeschenk!<\/span><\/p>\n","protected":false},"featured_media":2902,"template":"","meta":{"_acf_changed":false},"product_brand":[],"product_cat":[138],"product_tag":[],"class_list":{"0":"post-4824","1":"product","2":"type-product","3":"status-publish","4":"has-post-thumbnail","6":"product_cat-outlet","8":"first","9":"instock","10":"sale","11":"shipping-taxable","12":"purchasable","13":"product-type-simple"},"acf":[],"_links":{"self":[{"href":"https:\/\/www.lomoro.nl\/de\/wp-json\/wp\/v2\/product\/4824","targetHints":{"allow":["GET"]}}],"collection":[{"href":"https:\/\/www.lomoro.nl\/de\/wp-json\/wp\/v2\/product"}],"about":[{"href":"https:\/\/www.lomoro.nl\/de\/wp-json\/wp\/v2\/types\/product"}],"wp:featuredmedia":[{"embeddable":true,"href":"https:\/\/www.lomoro.nl\/de\/wp-json\/wp\/v2\/media\/2902"}],"wp:attachment":[{"href":"https:\/\/www.lomoro.nl\/de\/wp-json\/wp\/v2\/media?parent=4824"}],"wp:term":[{"taxonomy":"product_brand","embeddable":true,"href":"https:\/\/www.lomoro.nl\/de\/wp-json\/wp\/v2\/product_brand?post=4824"},{"taxonomy":"product_cat","embeddable":true,"href":"https:\/\/www.lomoro.nl\/de\/wp-json\/wp\/v2\/product_cat?post=4824"},{"taxonomy":"product_tag","embeddable":true,"href":"https:\/\/www.lomoro.nl\/de\/wp-json\/wp\/v2\/product_tag?post=4824"}],"curies":[{"name":"wp","href":"https:\/\/api.w.org\/{rel}","templated":true}]}}