{"id":4829,"date":"2024-12-17T12:35:12","date_gmt":"2024-12-17T12:35:12","guid":{"rendered":"https:\/\/lomoro.nl\/?post_type=product&#038;p=4829"},"modified":"2025-01-09T08:40:07","modified_gmt":"2025-01-09T08:40:07","slug":"pak-16","status":"publish","type":"product","link":"https:\/\/www.lomoro.nl\/de\/products\/pak-16\/","title":{"rendered":"Der anthrazitfarbene Dreiteiler mit zweireihiger Weste"},"content":{"rendered":"<p><span>Die\u00a0<\/span><b><span>dreiteilige zweireihige Weste von De Charcoal\u00a0<\/span><\/b><span>bietet einen klassischen Stil, der m\u00fchelos zu modernen Trends passt. Dieser dreiteilige Anzug besteht aus einem Blazer, einer zweireihigen Weste und einer passenden Hose, alle aus einem hochwertigen Stoff gefertigt, der Strapazierf\u00e4higkeit und ein luxuri\u00f6ses Gef\u00fchl bietet. Die tiefe Anthrazitfarbe passt zu verschiedenen Stilen und Anl\u00e4ssen, von wichtigen Pr\u00e4sentationen bis hin zu besonderen Anl\u00e4ssen.<\/span><\/p>\n<p><span>Mit Gr\u00f6\u00dfen von kleinen Gr\u00f6\u00dfen 46-62 bis gro\u00dfen Gr\u00f6\u00dfen 58-72 ist dieser Anzug f\u00fcr eine perfekte Passform und maximale Bewegungsfreiheit konzipiert. Der zweireihige Cardigan verleiht einen Hauch von Vintage-Klasse, w\u00e4hrend das schlichte Design f\u00fcr einen modernen Look sorgt. Dieser Anzug ist eine Investition in zeitlose Mode und Raffinesse.<\/span><\/p>\n<table>\n<tbody>\n<tr>\n<td><b><span>Besonderheit<\/span><\/b><\/td>\n<td><b><span>Einzelheiten<\/span><\/b><\/td>\n<\/tr>\n<tr>\n<td><b><span>Material<\/span><\/b><\/td>\n<td><span>Luxuri\u00f6se Wollmischung<\/span><\/td>\n<\/tr>\n<tr>\n<td><b><span>Farbe<\/span><\/b><\/td>\n<td><span>Holzkohle<\/span><\/td>\n<\/tr>\n<tr>\n<td><b><span>Stil<\/span><\/b><\/td>\n<td><span>Dreiteiliger, zweireihiger Cardigan<\/span><\/td>\n<\/tr>\n<tr>\n<td><b><span>Verf\u00fcgbare Gr\u00f6\u00dfen<\/span><\/b><\/td>\n<td><span>Kleine Gr\u00f6\u00dfen 46-62 \/ Gro\u00dfe Gr\u00f6\u00dfen 58-72<\/span><\/td>\n<\/tr>\n<tr>\n<td><b><span>Fit<\/span><\/b><\/td>\n<td><span>Schlanke Passform<\/span><\/td>\n<\/tr>\n<tr>\n<td><b><span>Waschanleitung<\/span><\/b><\/td>\n<td><span>Nur chemische Reinigung<\/span><\/td>\n<\/tr>\n<\/tbody>\n<\/table>\n","protected":false},"excerpt":{"rendered":"<p><span>Der\u00a0<\/span><b><span>De Charcoal Dreiteiler mit zweireihiger Weste\u00a0<\/span><\/b><span>strahlt eine dezente Eleganz aus, perfekt f\u00fcr gesch\u00e4ftliche und formelle Anl\u00e4sse. Die tiefe Anthrazitfarbe und die zweireihige Strickjacke verleihen diesem Anzug einen modernen und raffinierten Look.<\/span><\/p>\n<p><span>Dieser Anzug vereint Stil und Komfort und ist in den kleinen Gr\u00f6\u00dfen 46\u201362 und gro\u00dfen Gr\u00f6\u00dfen 58\u201372 erh\u00e4ltlich und passt sich jeder K\u00f6rperform und pers\u00f6nlichen Vorlieben an.<\/span><\/p>\n<p>\u2702\ufe0f<span>Perfekte Passform, speziell f\u00fcr Sie gefertigt.<\/span><\/p>\n<p>\ud83d\udc54<span>Individuelle Beratung f\u00fcr Ihren einzigartigen Look.<\/span><\/p>\n<p>\ud83e\uddf5<span>Hochwertige Materialien f\u00fcr ultimativen Komfort.<\/span><\/p>\n<p>\ud83c\udfa8<span>Stilvoll f\u00fcr jeden Anlass.<\/span><\/p>\n<p>\ud83c\udf81<span>Genie\u00dfen Sie bei jedem Ladenbesuch ein Gratisgeschenk!<\/span><\/p>\n","protected":false},"featured_media":2908,"template":"","meta":{"_acf_changed":false},"product_brand":[],"product_cat":[138],"product_tag":[],"class_list":{"0":"post-4829","1":"product","2":"type-product","3":"status-publish","4":"has-post-thumbnail","6":"product_cat-outlet","8":"first","9":"instock","10":"sale","11":"shipping-taxable","12":"purchasable","13":"product-type-simple"},"acf":[],"_links":{"self":[{"href":"https:\/\/www.lomoro.nl\/de\/wp-json\/wp\/v2\/product\/4829","targetHints":{"allow":["GET"]}}],"collection":[{"href":"https:\/\/www.lomoro.nl\/de\/wp-json\/wp\/v2\/product"}],"about":[{"href":"https:\/\/www.lomoro.nl\/de\/wp-json\/wp\/v2\/types\/product"}],"wp:featuredmedia":[{"embeddable":true,"href":"https:\/\/www.lomoro.nl\/de\/wp-json\/wp\/v2\/media\/2908"}],"wp:attachment":[{"href":"https:\/\/www.lomoro.nl\/de\/wp-json\/wp\/v2\/media?parent=4829"}],"wp:term":[{"taxonomy":"product_brand","embeddable":true,"href":"https:\/\/www.lomoro.nl\/de\/wp-json\/wp\/v2\/product_brand?post=4829"},{"taxonomy":"product_cat","embeddable":true,"href":"https:\/\/www.lomoro.nl\/de\/wp-json\/wp\/v2\/product_cat?post=4829"},{"taxonomy":"product_tag","embeddable":true,"href":"https:\/\/www.lomoro.nl\/de\/wp-json\/wp\/v2\/product_tag?post=4829"}],"curies":[{"name":"wp","href":"https:\/\/api.w.org\/{rel}","templated":true}]}}