{"id":4841,"date":"2024-12-17T12:44:40","date_gmt":"2024-12-17T12:44:40","guid":{"rendered":"https:\/\/lomoro.nl\/?post_type=product&#038;p=4841"},"modified":"2025-01-09T09:26:27","modified_gmt":"2025-01-09T09:26:27","slug":"pak-20","status":"publish","type":"product","link":"https:\/\/www.lomoro.nl\/de\/products\/pak-20\/","title":{"rendered":"Grauer zweireihiger Anzug und Hose"},"content":{"rendered":"<p><span>Der\u00a0<\/span><b><span>graue zweireihige Anzug und die Hose\u00a0<\/span><\/b><span>sind ein perfektes Beispiel f\u00fcr raffinierte Herrenmode. Dieser aus hochwertigen Stoffen gefertigte Anzug bietet einen luxuri\u00f6sen Look und optimalen Komfort. Das zweireihige Design sorgt f\u00fcr einen Hauch traditioneller Klasse, w\u00e4hrend die schmale Passform f\u00fcr einen modernen Look sorgt. Die graue Farbe macht es zu einer vielseitigen Wahl f\u00fcr alle Arten von Anl\u00e4ssen, von Gesch\u00e4ftstreffen bis hin zu festlichen Veranstaltungen.<\/span><\/p>\n<p><span>Dieser Anzug ist in den kleinen Gr\u00f6\u00dfen 46-62 und den gro\u00dfen Gr\u00f6\u00dfen 58-72 erh\u00e4ltlich und bietet eine perfekte Passform f\u00fcr M\u00e4nner mit unterschiedlichen K\u00f6rpertypen. Die Liebe zum Detail im Design und in der Verarbeitung macht es zu einer unverzichtbaren Erg\u00e4nzung Ihrer Garderobe. Entscheiden Sie sich f\u00fcr diesen stilvollen Zweiteiler und hinterlassen Sie einen bleibenden Eindruck.<\/span><\/p>\n<table>\n<tbody>\n<tr>\n<td><b><span>Besonderheit<\/span><\/b><\/td>\n<td><b><span>Details<\/span><\/b><\/td>\n<\/tr>\n<tr>\n<td><b><span>Material<\/span><\/b><\/td>\n<td><span>Luxuri\u00f6se Wollmischung<\/span><\/td>\n<\/tr>\n<tr>\n<td><b><span>Farbe<\/span><\/b><\/td>\n<td><span>Grau<\/span><\/td>\n<\/tr>\n<tr>\n<td><b><span>Stil<\/span><\/b><\/td>\n<td><span>Zweiteilig mit doppelter Knopfreihe<\/span><\/td>\n<\/tr>\n<tr>\n<td><b><span>Verf\u00fcgbare Gr\u00f6\u00dfen<\/span><\/b><\/td>\n<td><span>Kleine Gr\u00f6\u00dfen 46-62 \/ Gro\u00dfe Gr\u00f6\u00dfen 58-72<\/span><\/td>\n<\/tr>\n<tr>\n<td><b><span>Fit<\/span><\/b><\/td>\n<td><span>Schlanke Passform<\/span><\/td>\n<\/tr>\n<tr>\n<td><b><span>Waschanleitung<\/span><\/b><\/td>\n<td><span>Nur chemische Reinigung<\/span><\/td>\n<\/tr>\n<\/tbody>\n<\/table>\n","protected":false},"excerpt":{"rendered":"<div class=\"product__tax caption rte\"><span>Der\u00a0<\/span><b><span>graue zweireihige Anzug und die Hose\u00a0<\/span><\/b><span>bieten eine stilvolle Kombination aus zeitloser Eleganz und moderner Raffinesse. Mit seiner klassischen grauen Farbe und der sorgf\u00e4ltig gestalteten Passform ist dieser Anzug ideal f\u00fcr formelle und gesch\u00e4ftliche Anl\u00e4sse. Dieser zweiteilige Anzug besteht aus einem zweireihigen Blazer und einer perfekt passenden Hose.\u00a0<\/span><\/div>\n<div>\n<p>\u2702\ufe0f<span>Perfekte Passform, speziell f\u00fcr Sie gefertigt.<\/span><\/p>\n<p>\ud83d\udc54<span>Individuelle Beratung f\u00fcr Ihren einzigartigen Look.<\/span><\/p>\n<p>\ud83e\uddf5<span>Hochwertige Materialien f\u00fcr ultimativen Komfort.<\/span><\/p>\n<p>\ud83c\udfa8<span>Stilvoll f\u00fcr jeden Anlass.<\/span><\/p>\n<p>\ud83c\udf81<span>Genie\u00dfen Sie bei jedem Ladenbesuch ein Gratisgeschenk!<\/span><\/p>\n<\/div>\n","protected":false},"featured_media":2920,"template":"","meta":{"_acf_changed":false},"product_brand":[],"product_cat":[138],"product_tag":[],"class_list":{"0":"post-4841","1":"product","2":"type-product","3":"status-publish","4":"has-post-thumbnail","6":"product_cat-outlet","8":"first","9":"instock","10":"sale","11":"shipping-taxable","12":"purchasable","13":"product-type-simple"},"acf":[],"_links":{"self":[{"href":"https:\/\/www.lomoro.nl\/de\/wp-json\/wp\/v2\/product\/4841","targetHints":{"allow":["GET"]}}],"collection":[{"href":"https:\/\/www.lomoro.nl\/de\/wp-json\/wp\/v2\/product"}],"about":[{"href":"https:\/\/www.lomoro.nl\/de\/wp-json\/wp\/v2\/types\/product"}],"wp:featuredmedia":[{"embeddable":true,"href":"https:\/\/www.lomoro.nl\/de\/wp-json\/wp\/v2\/media\/2920"}],"wp:attachment":[{"href":"https:\/\/www.lomoro.nl\/de\/wp-json\/wp\/v2\/media?parent=4841"}],"wp:term":[{"taxonomy":"product_brand","embeddable":true,"href":"https:\/\/www.lomoro.nl\/de\/wp-json\/wp\/v2\/product_brand?post=4841"},{"taxonomy":"product_cat","embeddable":true,"href":"https:\/\/www.lomoro.nl\/de\/wp-json\/wp\/v2\/product_cat?post=4841"},{"taxonomy":"product_tag","embeddable":true,"href":"https:\/\/www.lomoro.nl\/de\/wp-json\/wp\/v2\/product_tag?post=4841"}],"curies":[{"name":"wp","href":"https:\/\/api.w.org\/{rel}","templated":true}]}}