{"id":4847,"date":"2024-12-17T12:48:59","date_gmt":"2024-12-17T12:48:59","guid":{"rendered":"https:\/\/lomoro.nl\/?post_type=product&#038;p=4847"},"modified":"2025-01-09T10:08:43","modified_gmt":"2025-01-09T10:08:43","slug":"pak-23","status":"publish","type":"product","link":"https:\/\/www.lomoro.nl\/de\/products\/pak-23\/","title":{"rendered":"Beiger dreiteiliger Anzug mit zweireihiger Weste"},"content":{"rendered":"<p><span>Der\u00a0<\/span><b><span>beige dreiteilige Anzug mit zweireihiger Weste\u00a0<\/span><\/b><span>ist ein Beispiel f\u00fcr Eleganz und Raffinesse. Dieses sorgf\u00e4ltig zusammengestellte Ensemble besteht aus einer stilvollen Jacke, einer klassischen zweireihigen Weste und einer perfekt passenden Hose. Die beige Farbe verleiht einen Hauch von Weichheit und Vielseitigkeit und eignet sich daher sowohl f\u00fcr formelle als auch halbformelle Anl\u00e4sse.<\/span><\/p>\n<p><span>Mit Gr\u00f6\u00dfen von kleinen Gr\u00f6\u00dfen 46-62 bis gro\u00dfen Gr\u00f6\u00dfen 58-72 bietet dieser Anzug eine hervorragende Passform f\u00fcr eine Vielzahl von K\u00f6rpertypen. Die zweireihige Weste setzt einen klassischen Akzent, w\u00e4hrend das Gesamtdesign einen modernen Look beh\u00e4lt. Entscheiden Sie sich f\u00fcr diesen eleganten Anzug und machen Sie bei jedem besonderen Anlass Eindruck.<\/span><\/p>\n<table>\n<tbody>\n<tr>\n<td><b><span>Besonderheit<\/span><\/b><\/td>\n<td><b><span>Einzelheiten<\/span><\/b><\/td>\n<\/tr>\n<tr>\n<td><b><span>Material<\/span><\/b><\/td>\n<td><span>Luxuri\u00f6se Wollmischung<\/span><\/td>\n<\/tr>\n<tr>\n<td><b><span>Farbe<\/span><\/b><\/td>\n<td><span>Beige<\/span><\/td>\n<\/tr>\n<tr>\n<td><b><span>Stil<\/span><\/b><\/td>\n<td><span>Dreiteiler mit zweireihiger Weste<\/span><\/td>\n<\/tr>\n<tr>\n<td><b><span>Verf\u00fcgbare Gr\u00f6\u00dfen<\/span><\/b><\/td>\n<td><span>Kleine Gr\u00f6\u00dfen 46-62 \/ Gro\u00dfe Gr\u00f6\u00dfen 58-72<\/span><\/td>\n<\/tr>\n<tr>\n<td><b><span>Fit<\/span><\/b><\/td>\n<td><span>Schlanke Passform<\/span><\/td>\n<\/tr>\n<tr>\n<td><b><span>Waschanleitung<\/span><\/b><\/td>\n<td><span>Nur chemische Reinigung<\/span><\/td>\n<\/tr>\n<\/tbody>\n<\/table>\n","protected":false},"excerpt":{"rendered":"<p><span>Der\u00a0<\/span><b><span>beige dreiteilige Anzug mit zweireihiger Weste\u00a0<\/span><\/b><span>bietet einen zeitlosen und raffinierten Stil, perfekt f\u00fcr formelle Anl\u00e4sse. Der sanfte Beigeton strahlt Klasse und Vielseitigkeit aus und macht diesen Anzug zur idealen Wahl f\u00fcr jede Garderobe. Dieser Anzug wurde mit Blick auf Komfort und Eleganz entworfen und ist in den kleinen Gr\u00f6\u00dfen 46\u201362 und den gro\u00dfen Gr\u00f6\u00dfen 58\u201372 erh\u00e4ltlich. Die zweireihige Weste verleiht einen klassischen Touch, der Ihren Look abrundet.<\/span><\/p>\n<p>\u2702\ufe0f<span>Perfekte Passform, speziell f\u00fcr Sie gefertigt.<\/span><\/p>\n<p>\ud83d\udc54<span>Individuelle Beratung f\u00fcr Ihren einzigartigen Look.<\/span><\/p>\n<p>\ud83e\uddf5<span>Hochwertige Materialien f\u00fcr ultimativen Komfort.<\/span><\/p>\n<p>\ud83c\udfa8<span>Stilvoll f\u00fcr jeden Anlass.<\/span><\/p>\n<p>\ud83c\udf81<span>Genie\u00dfen Sie bei jedem Ladenbesuch ein Gratisgeschenk!<\/span><\/p>\n","protected":false},"featured_media":2926,"template":"","meta":{"_acf_changed":false},"product_brand":[],"product_cat":[138],"product_tag":[],"class_list":{"0":"post-4847","1":"product","2":"type-product","3":"status-publish","4":"has-post-thumbnail","6":"product_cat-outlet","8":"first","9":"instock","10":"sale","11":"shipping-taxable","12":"purchasable","13":"product-type-simple"},"acf":[],"_links":{"self":[{"href":"https:\/\/www.lomoro.nl\/de\/wp-json\/wp\/v2\/product\/4847","targetHints":{"allow":["GET"]}}],"collection":[{"href":"https:\/\/www.lomoro.nl\/de\/wp-json\/wp\/v2\/product"}],"about":[{"href":"https:\/\/www.lomoro.nl\/de\/wp-json\/wp\/v2\/types\/product"}],"wp:featuredmedia":[{"embeddable":true,"href":"https:\/\/www.lomoro.nl\/de\/wp-json\/wp\/v2\/media\/2926"}],"wp:attachment":[{"href":"https:\/\/www.lomoro.nl\/de\/wp-json\/wp\/v2\/media?parent=4847"}],"wp:term":[{"taxonomy":"product_brand","embeddable":true,"href":"https:\/\/www.lomoro.nl\/de\/wp-json\/wp\/v2\/product_brand?post=4847"},{"taxonomy":"product_cat","embeddable":true,"href":"https:\/\/www.lomoro.nl\/de\/wp-json\/wp\/v2\/product_cat?post=4847"},{"taxonomy":"product_tag","embeddable":true,"href":"https:\/\/www.lomoro.nl\/de\/wp-json\/wp\/v2\/product_tag?post=4847"}],"curies":[{"name":"wp","href":"https:\/\/api.w.org\/{rel}","templated":true}]}}