{"id":4851,"date":"2024-12-17T12:51:01","date_gmt":"2024-12-17T12:51:01","guid":{"rendered":"https:\/\/lomoro.nl\/?post_type=product&#038;p=4851"},"modified":"2025-01-09T10:26:49","modified_gmt":"2025-01-09T10:26:49","slug":"pak-24","status":"publish","type":"product","link":"https:\/\/www.lomoro.nl\/de\/products\/pak-24\/","title":{"rendered":"Dreiteiliger grauer Glencheck-Anzug"},"content":{"rendered":"<p><span>Der\u00a0<\/span><b><span>dreiteilige Anzug \u201eGrey Glen Plaid\u201c\u00a0<\/span><\/b><span>ist eine raffinierte Wahl f\u00fcr den modernen Mann. Das stilvolle Glen-Rautenmuster sorgt f\u00fcr einen klassischen Look, der nie aus der Mode kommt. Der Blazer und die Hose sind mit Liebe zum Detail gestaltet, w\u00e4hrend die zweireihige Weste dem Look zus\u00e4tzliche Raffinesse verleiht. Dieser dreiteilige Anzug ist ideal f\u00fcr Hochzeiten, Galas und wichtige Gesch\u00e4ftstreffen.<\/span><\/p>\n<p><span>Mit einer Auswahl an Gr\u00f6\u00dfen, von kleinen Gr\u00f6\u00dfen 46-62 bis zu gro\u00dfen Gr\u00f6\u00dfen 58-72, bietet dieser Anzug f\u00fcr jeden K\u00f6rpertyp die perfekte Passform. Das hochwertige Material und die sorgf\u00e4ltige Verarbeitung sorgen daf\u00fcr, dass dieser Anzug nicht nur stilvoll, sondern auch bequem ist. Machen Sie bei jedem Anlass Eindruck mit diesem eleganten und vielseitigen Anzug.<\/span><\/p>\n<table>\n<tbody>\n<tr>\n<td><b><span>Besonderheit<\/span><\/b><\/td>\n<td><b><span>Einzelheiten<\/span><\/b><\/td>\n<\/tr>\n<tr>\n<td><b><span>Material<\/span><\/b><\/td>\n<td><span>Hochwertige Wollmischung<\/span><\/td>\n<\/tr>\n<tr>\n<td><b><span>Farbe<\/span><\/b><\/td>\n<td><span>Grau mit Glenchecks<\/span><\/td>\n<\/tr>\n<tr>\n<td><b><span>Stil<\/span><\/b><\/td>\n<td><span>Dreiteiler mit zweireihiger Weste<\/span><\/td>\n<\/tr>\n<tr>\n<td><b><span>Verf\u00fcgbare Gr\u00f6\u00dfen<\/span><\/b><\/td>\n<td><span>Kleine Gr\u00f6\u00dfen 46-62 \/ Gro\u00dfe Gr\u00f6\u00dfen 58-72<\/span><\/td>\n<\/tr>\n<tr>\n<td><b><span>Fit<\/span><\/b><\/td>\n<td><span>Schlanke Passform<\/span><\/td>\n<\/tr>\n<tr>\n<td><b><span>Waschanleitung<\/span><\/b><\/td>\n<td><span>Nur chemische Reinigung<\/span><\/td>\n<\/tr>\n<\/tbody>\n<\/table>\n","protected":false},"excerpt":{"rendered":"<div class=\"product__tax caption rte\"><span>Der\u00a0<\/span><b><span>dreiteilige Anzug \u201eGrey Glen Plaid\u201c\u00a0<\/span><\/b><span>kombiniert klassische Eleganz mit einem zeitlosen Karomuster. Dieses stilvolle Ensemble eignet sich sowohl f\u00fcr formelle als auch f\u00fcr gesch\u00e4ftliche Anl\u00e4sse und strahlt Eleganz aus. Der Anzug besteht aus einem Blazer, einer zweireihigen Weste und einer passenden Hose.<\/span><\/div>\n<div>\n<p>\u2702\ufe0f<span>Perfekte Passform, speziell f\u00fcr Sie gefertigt.<\/span><\/p>\n<p>\ud83d\udc54<span>Individuelle Beratung f\u00fcr Ihren einzigartigen Look.<\/span><\/p>\n<p>\ud83e\uddf5<span>Hochwertige Materialien f\u00fcr ultimativen Komfort.<\/span><\/p>\n<p>\ud83c\udfa8<span>Stilvoll f\u00fcr jeden Anlass.<\/span><\/p>\n<p>\ud83c\udf81<span>Genie\u00dfen Sie bei jedem Ladenbesuch ein Gratisgeschenk!<\/span><\/p>\n<\/div>\n","protected":false},"featured_media":2929,"template":"","meta":{"_acf_changed":false},"product_brand":[],"product_cat":[138],"product_tag":[],"class_list":{"0":"post-4851","1":"product","2":"type-product","3":"status-publish","4":"has-post-thumbnail","6":"product_cat-outlet","8":"first","9":"instock","10":"sale","11":"shipping-taxable","12":"purchasable","13":"product-type-simple"},"acf":[],"_links":{"self":[{"href":"https:\/\/www.lomoro.nl\/de\/wp-json\/wp\/v2\/product\/4851","targetHints":{"allow":["GET"]}}],"collection":[{"href":"https:\/\/www.lomoro.nl\/de\/wp-json\/wp\/v2\/product"}],"about":[{"href":"https:\/\/www.lomoro.nl\/de\/wp-json\/wp\/v2\/types\/product"}],"wp:featuredmedia":[{"embeddable":true,"href":"https:\/\/www.lomoro.nl\/de\/wp-json\/wp\/v2\/media\/2929"}],"wp:attachment":[{"href":"https:\/\/www.lomoro.nl\/de\/wp-json\/wp\/v2\/media?parent=4851"}],"wp:term":[{"taxonomy":"product_brand","embeddable":true,"href":"https:\/\/www.lomoro.nl\/de\/wp-json\/wp\/v2\/product_brand?post=4851"},{"taxonomy":"product_cat","embeddable":true,"href":"https:\/\/www.lomoro.nl\/de\/wp-json\/wp\/v2\/product_cat?post=4851"},{"taxonomy":"product_tag","embeddable":true,"href":"https:\/\/www.lomoro.nl\/de\/wp-json\/wp\/v2\/product_tag?post=4851"}],"curies":[{"name":"wp","href":"https:\/\/api.w.org\/{rel}","templated":true}]}}