{"id":4855,"date":"2024-12-17T09:36:13","date_gmt":"2024-12-17T09:36:13","guid":{"rendered":"https:\/\/lomoro.nl\/?post_type=product&#038;p=4855"},"modified":"2025-01-09T10:45:01","modified_gmt":"2025-01-09T10:45:01","slug":"handgemaakte-leren-laarzen-21","status":"publish","type":"product","link":"https:\/\/www.lomoro.nl\/de\/products\/handgemaakte-leren-laarzen-21\/","title":{"rendered":"Handgefertigte Lederstiefel"},"content":{"rendered":"<p><span>Genie\u00dfen Sie zeitlose Handwerkskunst mit unseren handgefertigten Lederschuhen. Jedes Paar wird von Kunsthandwerkern sorgf\u00e4ltig aus hochwertigem Leder gefertigt, um Haltbarkeit und Komfort zu gew\u00e4hrleisten. Unsere Kollektion kombiniert klassische Stile mit modernen Sensibilit\u00e4ten und bietet Vielseitigkeit f\u00fcr jeden Anlass. Entdecken Sie die raffinierten Details und die hervorragende Qualit\u00e4t, die diese Schuhe zu einem unverzichtbaren Bestandteil jeder Garderobe machen. Bereichern Sie Ihren Stil mit unseren handgefertigten Schuhen, bei denen Tradition mit zeitgen\u00f6ssischer Eleganz verschmilzt.<\/span><\/p>\n<p><span>Unsere\u00a0<\/span><b><span>handgefertigten Lederstiefel\u00a0<\/span><\/b><span>sind sowohl auf Stil als auch auf Funktionalit\u00e4t ausgelegt. Sie bestehen aus hochwertigem Leder und bieten ein luxuri\u00f6ses Aussehen und au\u00dfergew\u00f6hnliche Haltbarkeit. Die Handwerkskunst, die in jedem Stiefel steckt, sorgt daf\u00fcr, dass er nicht nur modisch, sondern auch unglaublich bequem ist. Die robuste Sohle sorgt f\u00fcr zus\u00e4tzlichen Halt, sodass Sie sowohl in der Stadt als auch in der Natur stabil laufen k\u00f6nnen.<\/span><\/p>\n<p><span>Mit ihrem zeitlosen Design passen diese Stiefel zu jedem Outfit, von l\u00e4ssig bis formell. Sie sind die perfekte Wahl f\u00fcr jede Jahreszeit, ob Regen oder Sonnenschein. Das atmungsaktive Leder sorgt daf\u00fcr, dass Ihre F\u00fc\u00dfe den ganzen Tag \u00fcber bequem bleiben, w\u00e4hrend die robuste Verarbeitung eine langlebige Nutzung auch bei intensivem Tragen gew\u00e4hrleistet.<\/span><\/p>\n<table>\n<tbody>\n<tr>\n<td><b><span>Besonderheit<\/span><\/b><\/td>\n<td><b><span>Einzelheiten<\/span><\/b><\/td>\n<\/tr>\n<tr>\n<td><b><span>Material<\/span><\/b><\/td>\n<td><span>Hochwertiges Leder<\/span><\/td>\n<\/tr>\n<tr>\n<td><b><span>Farbe<\/span><\/b><\/td>\n<td><span>In verschiedenen Farben erh\u00e4ltlich<\/span><\/td>\n<\/tr>\n<tr>\n<td><b><span>Sohle, einzig, alleinig<\/span><\/b><\/td>\n<td><span>Robuste Gummisohle<\/span><\/td>\n<\/tr>\n<tr>\n<td><b><span>Kumpel<\/span><\/b><\/td>\n<td><span>Erh\u00e4ltlich in verschiedenen Gr\u00f6\u00dfen<\/span><\/td>\n<\/tr>\n<tr>\n<td><b><span>Handgefertigt<\/span><\/b><\/td>\n<td><span>Ja<\/span><\/td>\n<\/tr>\n<\/tbody>\n<\/table>\n","protected":false},"excerpt":{"rendered":"<p><span>Die\u00a0<\/span><b><span>handgefertigten Lederstiefel\u00a0<\/span><\/b><span>sind die perfekte Kombination aus Handwerkskunst und Stil. Aus hochwertigem Leder gefertigt, bieten diese Stiefel eine perfekte Passform und unvergleichlichen Komfort. Egal, ob Sie durch den Wald spazieren gehen oder einen entspannten Tag im Freien verbringen, diese Stiefel sind Ihr idealer Begleiter. Die robuste Au\u00dfenseite aus Leder bietet nicht nur Haltbarkeit, sondern auch einen klassischen Look, der nie aus der Mode kommt. Diese Stiefel sind auf Langlebigkeit ausgelegt und machen jeden Schritt bequem.<\/span><\/p>\n<p>\u2702\ufe0f<span>Perfekte Passform, speziell f\u00fcr Sie gefertigt.<\/span><\/p>\n<p>\ud83d\udc54<span>Individuelle Beratung f\u00fcr Ihren einzigartigen Look.<\/span><\/p>\n<p>\ud83e\uddf5<span>Hochwertige Materialien f\u00fcr ultimativen Komfort.<\/span><\/p>\n<p>\ud83c\udfa8<span>Stilvoll f\u00fcr jeden Anlass.<\/span><\/p>\n<p>\ud83c\udf81<span>Genie\u00dfen Sie bei jedem Ladenbesuch ein Gratisgeschenk!<\/span><\/p>\n","protected":false},"featured_media":2794,"template":"","meta":{"_acf_changed":false},"product_brand":[],"product_cat":[125],"product_tag":[],"class_list":{"0":"post-4855","1":"product","2":"type-product","3":"status-publish","4":"has-post-thumbnail","6":"product_cat-schoenen-collectie","8":"first","9":"instock","10":"sale","11":"shipping-taxable","12":"purchasable","13":"product-type-simple"},"acf":[],"_links":{"self":[{"href":"https:\/\/www.lomoro.nl\/de\/wp-json\/wp\/v2\/product\/4855","targetHints":{"allow":["GET"]}}],"collection":[{"href":"https:\/\/www.lomoro.nl\/de\/wp-json\/wp\/v2\/product"}],"about":[{"href":"https:\/\/www.lomoro.nl\/de\/wp-json\/wp\/v2\/types\/product"}],"wp:featuredmedia":[{"embeddable":true,"href":"https:\/\/www.lomoro.nl\/de\/wp-json\/wp\/v2\/media\/2794"}],"wp:attachment":[{"href":"https:\/\/www.lomoro.nl\/de\/wp-json\/wp\/v2\/media?parent=4855"}],"wp:term":[{"taxonomy":"product_brand","embeddable":true,"href":"https:\/\/www.lomoro.nl\/de\/wp-json\/wp\/v2\/product_brand?post=4855"},{"taxonomy":"product_cat","embeddable":true,"href":"https:\/\/www.lomoro.nl\/de\/wp-json\/wp\/v2\/product_cat?post=4855"},{"taxonomy":"product_tag","embeddable":true,"href":"https:\/\/www.lomoro.nl\/de\/wp-json\/wp\/v2\/product_tag?post=4855"}],"curies":[{"name":"wp","href":"https:\/\/api.w.org\/{rel}","templated":true}]}}