{"id":4856,"date":"2024-12-17T12:53:08","date_gmt":"2024-12-17T12:53:08","guid":{"rendered":"https:\/\/lomoro.nl\/?post_type=product&#038;p=4856"},"modified":"2025-01-09T10:42:52","modified_gmt":"2025-01-09T10:42:52","slug":"pak-25","status":"publish","type":"product","link":"https:\/\/www.lomoro.nl\/de\/products\/pak-25\/","title":{"rendered":"Grauer dreiteiliger Anzug mit Fischgr\u00e4tenmuster"},"content":{"rendered":"<p><span>Der\u00a0<\/span><b><span>graue dreiteilige Anzug mit Fischgr\u00e4tenmuster\u00a0<\/span><\/b><span>ist der Inbegriff von raffiniertem Stil und tadelloser Handwerkskunst. Das Fischgr\u00e4tenmuster sorgt f\u00fcr einen klassischen Look, w\u00e4hrend die graue Farbe Vielseitigkeit f\u00fcr eine Vielzahl von Veranstaltungen bietet. Dieser Anzug besteht aus einem schmal geschnittenen Blazer, einer zweireihigen Weste und einer perfekt sitzenden Hose und verleiht ihm einen kompletten und professionellen Look.<\/span><\/p>\n<p><span>Dieser Anzug ist in den kleinen Gr\u00f6\u00dfen 46\u201362 und den gro\u00dfen Gr\u00f6\u00dfen 58\u201372 erh\u00e4ltlich und passt zu einer Vielzahl von K\u00f6rpertypen. Ob f\u00fcr ein Gesch\u00e4ftstreffen oder eine Hochzeit, dieses 3-teilige Ensemble sorgt daf\u00fcr, dass Sie immer stilvoll und elegant auftreten. Erg\u00e4nzen Sie Ihre Garderobe mit diesem vielseitigen Anzug und strahlen Sie bei jedem Anlass Selbstvertrauen aus.<\/span><\/p>\n<table>\n<tbody>\n<tr>\n<td><b><span>Besonderheit<\/span><\/b><\/td>\n<td><b><span>Einzelheiten<\/span><\/b><\/td>\n<\/tr>\n<tr>\n<td><b><span>Material<\/span><\/b><\/td>\n<td><span>Luxuri\u00f6se Wollmischung<\/span><\/td>\n<\/tr>\n<tr>\n<td><b><span>Farbe<\/span><\/b><\/td>\n<td><span>Grau mit Fischgr\u00e4tenmuster<\/span><\/td>\n<\/tr>\n<tr>\n<td><b><span>Stil<\/span><\/b><\/td>\n<td><span>Dreiteilig: Blazer, Weste, Hose<\/span><\/td>\n<\/tr>\n<tr>\n<td><b><span>Verf\u00fcgbare Gr\u00f6\u00dfen<\/span><\/b><\/td>\n<td><span>Kleine Gr\u00f6\u00dfen 46-62 \/ Gro\u00dfe Gr\u00f6\u00dfen 58-72<\/span><\/td>\n<\/tr>\n<tr>\n<td><b><span>Fit<\/span><\/b><\/td>\n<td><span>Schlanke Passform<\/span><\/td>\n<\/tr>\n<tr>\n<td><b><span>Waschanleitung<\/span><\/b><\/td>\n<td><span>Professionelle chemische Reinigung empfohlen<\/span><\/td>\n<\/tr>\n<\/tbody>\n<\/table>\n","protected":false},"excerpt":{"rendered":"<p><span>Der\u00a0<\/span><b><span>graue dreiteilige Anzug mit Fischgr\u00e4tenmuster\u00a0<\/span><\/b><span>kombiniert traditionelle Handwerkskunst mit anspruchsvollem, modernem Stil. Das Fischgr\u00e4tenmuster sorgt f\u00fcr zeitlose Eleganz, ideal f\u00fcr formelle Anl\u00e4sse oder Gesch\u00e4ftstreffen. Mit einem Blazer, einer passenden Weste und einer Hose bietet dieser Anzug einen kompletten und schlichten Look.\u00a0<\/span><\/p>\n<p>\u2702\ufe0f<span>Perfekte Passform, speziell f\u00fcr Sie gefertigt.<\/span><\/p>\n<p>\ud83d\udc54<span>Individuelle Beratung f\u00fcr Ihren einzigartigen Look.<\/span><\/p>\n<p>\ud83e\uddf5<span>Hochwertige Materialien f\u00fcr ultimativen Komfort.<\/span><\/p>\n<p>\ud83c\udfa8<span>Stilvoll f\u00fcr jeden Anlass.<\/span><\/p>\n<p>\ud83c\udf81<span>Genie\u00dfen Sie bei jedem Ladenbesuch ein Gratisgeschenk!<\/span><\/p>\n","protected":false},"featured_media":2932,"template":"","meta":{"_acf_changed":false},"product_brand":[],"product_cat":[138],"product_tag":[],"class_list":{"0":"post-4856","1":"product","2":"type-product","3":"status-publish","4":"has-post-thumbnail","6":"product_cat-outlet","8":"first","9":"instock","10":"sale","11":"shipping-taxable","12":"purchasable","13":"product-type-simple"},"acf":[],"_links":{"self":[{"href":"https:\/\/www.lomoro.nl\/de\/wp-json\/wp\/v2\/product\/4856","targetHints":{"allow":["GET"]}}],"collection":[{"href":"https:\/\/www.lomoro.nl\/de\/wp-json\/wp\/v2\/product"}],"about":[{"href":"https:\/\/www.lomoro.nl\/de\/wp-json\/wp\/v2\/types\/product"}],"wp:featuredmedia":[{"embeddable":true,"href":"https:\/\/www.lomoro.nl\/de\/wp-json\/wp\/v2\/media\/2932"}],"wp:attachment":[{"href":"https:\/\/www.lomoro.nl\/de\/wp-json\/wp\/v2\/media?parent=4856"}],"wp:term":[{"taxonomy":"product_brand","embeddable":true,"href":"https:\/\/www.lomoro.nl\/de\/wp-json\/wp\/v2\/product_brand?post=4856"},{"taxonomy":"product_cat","embeddable":true,"href":"https:\/\/www.lomoro.nl\/de\/wp-json\/wp\/v2\/product_cat?post=4856"},{"taxonomy":"product_tag","embeddable":true,"href":"https:\/\/www.lomoro.nl\/de\/wp-json\/wp\/v2\/product_tag?post=4856"}],"curies":[{"name":"wp","href":"https:\/\/api.w.org\/{rel}","templated":true}]}}