{"id":4863,"date":"2024-12-17T09:39:05","date_gmt":"2024-12-17T09:39:05","guid":{"rendered":"https:\/\/lomoro.nl\/?post_type=product&#038;p=4863"},"modified":"2025-01-09T10:59:11","modified_gmt":"2025-01-09T10:59:11","slug":"handgemaakte-leren-laarzen-20","status":"publish","type":"product","link":"https:\/\/www.lomoro.nl\/de\/products\/handgemaakte-leren-laarzen-20\/","title":{"rendered":"Braune handgefertigte Lederstiefel"},"content":{"rendered":"<p><span>Die\u00a0<\/span><b><span>braunen handgefertigten Lederstiefel\u00a0<\/span><\/b><span>sind die ultimative Wahl f\u00fcr alle, die sowohl Komfort als auch Stil suchen. Diese aus hochwertigem Leder gefertigten Stiefel bieten ein luxuri\u00f6ses Finish, das sich perfekt f\u00fcr den t\u00e4glichen Gebrauch eignet. Das robuste Leder ist nicht nur langlebig, sondern passt sich auch dem Fu\u00df perfekt an. Die robuste Gummisohle bietet hervorragenden Halt und macht diese Stiefel ideal f\u00fcr verschiedene Wetterbedingungen.<\/span><\/p>\n<p><span>Diese Stiefel sind auf Langlebigkeit ausgelegt und eignen sich perfekt f\u00fcr eine Vielzahl von Anl\u00e4ssen. Egal, ob Sie in der Stadt spazieren gehen oder f\u00fcr ein Wochenende verreisen, sie kombinieren Eleganz mit Funktionalit\u00e4t. Die klassische braune Farbe macht sie vielseitig und l\u00e4sst sich leicht mit l\u00e4ssigen und formellen Outfits kombinieren, sodass Sie immer stilvoll aussehen.<\/span><\/p>\n<table>\n<tbody>\n<tr>\n<td><b><span>Besonderheit<\/span><\/b><\/td>\n<td><b><span>Einzelheiten<\/span><\/b><\/td>\n<\/tr>\n<tr>\n<td><b><span>Material<\/span><\/b><\/td>\n<td><span>Hochwertiges Leder<\/span><\/td>\n<\/tr>\n<tr>\n<td><b><span>Farbe<\/span><\/b><\/td>\n<td><span>Br\u00e4unen<\/span><\/td>\n<\/tr>\n<tr>\n<td><b><span>Sohle, einzig, alleinig<\/span><\/b><\/td>\n<td><span>Robuste Gummisohle<\/span><\/td>\n<\/tr>\n<tr>\n<td><b><span>Kumpel<\/span><\/b><\/td>\n<td><span>Erh\u00e4ltlich in verschiedenen Gr\u00f6\u00dfen<\/span><\/td>\n<\/tr>\n<tr>\n<td><b><span>Handgefertigt<\/span><\/b><\/td>\n<td><span>Ja<\/span><\/td>\n<\/tr>\n<\/tbody>\n<\/table>\n","protected":false},"excerpt":{"rendered":"<p><span>Die\u00a0<\/span><b><span>braunen handgefertigten Lederstiefel\u00a0<\/span><\/b><span>bieten eine perfekte Balance zwischen Stil und Funktionalit\u00e4t. Das hochwertige Leder sorgt f\u00fcr einen luxuri\u00f6sen Look, w\u00e4hrend die robuste Sohle f\u00fcr optimalen Halt sorgt. Diese Stiefel sind nicht nur langlebig, sondern auch ideal f\u00fcr den t\u00e4glichen Gebrauch.\u00a0<\/span><span>Mit ihrer zeitlosen braunen Farbe passen sie perfekt zu fast jedem Outfit. Egal, ob Sie einen l\u00e4ssigen Look oder einen schicken Look bevorzugen, diese Stiefel verleihen Ihrer Garderobe eine elegante Note.<\/span><\/p>\n<p>\u2702\ufe0f<span>Perfekte Passform, speziell f\u00fcr Sie gefertigt.<\/span><\/p>\n<p>\ud83d\udc54<span>Individuelle Beratung f\u00fcr Ihren einzigartigen Look.<\/span><\/p>\n<p>\ud83e\uddf5<span>Hochwertige Materialien f\u00fcr ultimativen Komfort.<\/span><\/p>\n<p>\ud83c\udfa8<span>Stilvoll f\u00fcr jeden Anlass.<\/span><\/p>\n<p>\ud83c\udf81<span>Genie\u00dfen Sie bei jedem Ladenbesuch ein Gratisgeschenk!<\/span><\/p>\n","protected":false},"featured_media":2797,"template":"","meta":{"_acf_changed":false},"product_brand":[],"product_cat":[125],"product_tag":[],"class_list":{"0":"post-4863","1":"product","2":"type-product","3":"status-publish","4":"has-post-thumbnail","6":"product_cat-schoenen-collectie","8":"first","9":"instock","10":"sale","11":"shipping-taxable","12":"purchasable","13":"product-type-simple"},"acf":[],"_links":{"self":[{"href":"https:\/\/www.lomoro.nl\/de\/wp-json\/wp\/v2\/product\/4863","targetHints":{"allow":["GET"]}}],"collection":[{"href":"https:\/\/www.lomoro.nl\/de\/wp-json\/wp\/v2\/product"}],"about":[{"href":"https:\/\/www.lomoro.nl\/de\/wp-json\/wp\/v2\/types\/product"}],"wp:featuredmedia":[{"embeddable":true,"href":"https:\/\/www.lomoro.nl\/de\/wp-json\/wp\/v2\/media\/2797"}],"wp:attachment":[{"href":"https:\/\/www.lomoro.nl\/de\/wp-json\/wp\/v2\/media?parent=4863"}],"wp:term":[{"taxonomy":"product_brand","embeddable":true,"href":"https:\/\/www.lomoro.nl\/de\/wp-json\/wp\/v2\/product_brand?post=4863"},{"taxonomy":"product_cat","embeddable":true,"href":"https:\/\/www.lomoro.nl\/de\/wp-json\/wp\/v2\/product_cat?post=4863"},{"taxonomy":"product_tag","embeddable":true,"href":"https:\/\/www.lomoro.nl\/de\/wp-json\/wp\/v2\/product_tag?post=4863"}],"curies":[{"name":"wp","href":"https:\/\/api.w.org\/{rel}","templated":true}]}}