{"id":4873,"date":"2024-12-17T09:43:58","date_gmt":"2024-12-17T09:43:58","guid":{"rendered":"https:\/\/lomoro.nl\/?post_type=product&#038;p=4873"},"modified":"2025-01-09T11:37:45","modified_gmt":"2025-01-09T11:37:45","slug":"handgemaakte-leren-laarzen-18","status":"publish","type":"product","link":"https:\/\/www.lomoro.nl\/de\/products\/handgemaakte-leren-laarzen-18\/","title":{"rendered":"Braune handgefertigte Lederstiefel"},"content":{"rendered":"<p><span>Die\u00a0<\/span><b><span>handgefertigten braunen Lederstiefel\u00a0<\/span><\/b><span>sind das Ergebnis traditioneller Handwerkskunst, wobei jedes Paar mit Sorgfalt gefertigt wird, um sowohl Qualit\u00e4t als auch Stil zu gew\u00e4hrleisten. Die Verwendung von hochwertigem Leder sorgt f\u00fcr ein luxuri\u00f6ses Aussehen und bleibt gleichzeitig flexibel und atmungsaktiv f\u00fcr optimalen Komfort. Diese Stiefel sind ideal f\u00fcr allt\u00e4gliche Abenteuer, egal ob ein Spaziergang durch die Stadt oder eine Erkundung der freien Natur.<\/span><\/p>\n<p><span>Mit ihrer robusten Gummisohle bieten die Stiefel hervorragenden Halt und Stabilit\u00e4t, auch auf unebenem oder rutschigem Gel\u00e4nde. Durch das zeitlose Design passen sie zu jedem Anlass, w\u00e4hrend das braune Leder einen nat\u00fcrlichen, edlen Look bietet, der mit zunehmendem Alter immer sch\u00f6ner wird. Diese\u00a0<\/span><b><span>braunen handgefertigten Lederstiefel\u00a0<\/span><\/b><span>sind nicht nur praktisch, sondern auch eine Investition in Stil und Haltbarkeit.<\/span><\/p>\n<table>\n<tbody>\n<tr>\n<td><b><span>Besonderheit<\/span><\/b><\/td>\n<td><b><span>Details<\/span><\/b><\/td>\n<\/tr>\n<tr>\n<td><b><span>Material<\/span><\/b><\/td>\n<td><span>Hochwertiges Leder<\/span><\/td>\n<\/tr>\n<tr>\n<td><b><span>Sohle, einzig, alleinig<\/span><\/b><\/td>\n<td><span>Gummi, rutschfest<\/span><\/td>\n<\/tr>\n<tr>\n<td><b><span>Farbe<\/span><\/b><\/td>\n<td><span>Braun<\/span><\/td>\n<\/tr>\n<tr>\n<td><b><span>Handgefertigt<\/span><\/b><\/td>\n<td><span>Ja<\/span><\/td>\n<\/tr>\n<tr>\n<td><b><span>Kumpel<\/span><\/b><\/td>\n<td><span>Erh\u00e4ltlich in verschiedenen Gr\u00f6\u00dfen<\/span><\/td>\n<\/tr>\n<\/tbody>\n<\/table>\n","protected":false},"excerpt":{"rendered":"<p><span>Die\u00a0<\/span><b><span>braunen handgefertigten Lederstiefel\u00a0<\/span><\/b><span>f\u00fcr Herren kombinieren Handwerkskunst mit Stil. Sie bestehen aus hochwertigem Leder und bieten sowohl Haltbarkeit als auch Komfort f\u00fcr den t\u00e4glichen Gebrauch. Die robuste Sohle sorgt unabh\u00e4ngig vom Gel\u00e4nde f\u00fcr Halt und Stabilit\u00e4t. Diese Stiefel eignen sich perfekt f\u00fcr einen l\u00e4ssigen Look, k\u00f6nnen aber auch mit einem formelleren Outfit f\u00fcr einen vielseitigen Stil kombiniert werden.<\/span><\/p>\n<p>\u2702\ufe0f<span>Perfekte Passform, speziell f\u00fcr Sie gefertigt.<\/span><\/p>\n<p>\ud83d\udc54<span>Individuelle Beratung f\u00fcr Ihren einzigartigen Look.<\/span><\/p>\n<p>\ud83e\uddf5<span>Hochwertige Materialien f\u00fcr ultimativen Komfort.<\/span><\/p>\n<p>\ud83c\udfa8<span>Stilvoll f\u00fcr jeden Anlass.<\/span><\/p>\n<p>\ud83c\udf81<span>Genie\u00dfen Sie bei jedem Ladenbesuch ein Gratisgeschenk!<\/span><\/p>\n","protected":false},"featured_media":2803,"template":"","meta":{"_acf_changed":false},"product_brand":[],"product_cat":[125],"product_tag":[],"class_list":{"0":"post-4873","1":"product","2":"type-product","3":"status-publish","4":"has-post-thumbnail","6":"product_cat-schoenen-collectie","8":"first","9":"instock","10":"sale","11":"shipping-taxable","12":"purchasable","13":"product-type-simple"},"acf":[],"_links":{"self":[{"href":"https:\/\/www.lomoro.nl\/de\/wp-json\/wp\/v2\/product\/4873","targetHints":{"allow":["GET"]}}],"collection":[{"href":"https:\/\/www.lomoro.nl\/de\/wp-json\/wp\/v2\/product"}],"about":[{"href":"https:\/\/www.lomoro.nl\/de\/wp-json\/wp\/v2\/types\/product"}],"wp:featuredmedia":[{"embeddable":true,"href":"https:\/\/www.lomoro.nl\/de\/wp-json\/wp\/v2\/media\/2803"}],"wp:attachment":[{"href":"https:\/\/www.lomoro.nl\/de\/wp-json\/wp\/v2\/media?parent=4873"}],"wp:term":[{"taxonomy":"product_brand","embeddable":true,"href":"https:\/\/www.lomoro.nl\/de\/wp-json\/wp\/v2\/product_brand?post=4873"},{"taxonomy":"product_cat","embeddable":true,"href":"https:\/\/www.lomoro.nl\/de\/wp-json\/wp\/v2\/product_cat?post=4873"},{"taxonomy":"product_tag","embeddable":true,"href":"https:\/\/www.lomoro.nl\/de\/wp-json\/wp\/v2\/product_tag?post=4873"}],"curies":[{"name":"wp","href":"https:\/\/api.w.org\/{rel}","templated":true}]}}