{"id":4891,"date":"2024-12-17T10:00:51","date_gmt":"2024-12-17T10:00:51","guid":{"rendered":"https:\/\/lomoro.nl\/?post_type=product&#038;p=4891"},"modified":"2025-01-09T14:04:03","modified_gmt":"2025-01-09T14:04:03","slug":"handgemaakte-leren-laarzen-13","status":"publish","type":"product","link":"https:\/\/www.lomoro.nl\/de\/products\/handgemaakte-leren-laarzen-13\/","title":{"rendered":"Handgefertigte Penny-Stiefel aus burgunderrotem Leder"},"content":{"rendered":"<p><span>Die\u00a0<\/span><b><span>handgefertigten Penny Boots aus bordeauxrotem Leder\u00a0<\/span><\/b><span>sind eine wahre Ode an die traditionelle Handwerkskunst. Jedes Paar ist sorgf\u00e4ltig aus hochwertigem Leder gefertigt, was sie nicht nur stilvoll, sondern auch \u00e4u\u00dferst langlebig macht. Der satte Burgunderton und der klassische Penny-Loafer-Stil machen diese Stiefel zu einer vielseitigen Wahl, die sowohl zu formellen als auch zu elegant-l\u00e4ssigen Outfits perfekt passt.<\/span><\/p>\n<p><span>Neben ihrem eleganten Aussehen bieten diese Stiefel unvergleichlichen Komfort. Das weiche Lederfutter und die flexible Sohle sorgen daf\u00fcr, dass Sie den ganzen Tag \u00fcber bequem bleiben, ohne auf Stil zu verzichten. Egal, ob Sie ein Statement-Paar f\u00fcr einen besonderen Anlass oder eine zuverl\u00e4ssige Wahl f\u00fcr den Alltag suchen, diese Stiefel sind ein Muss.<\/span><\/p>\n<table>\n<tbody>\n<tr>\n<td><b><span>Besonderheit<\/span><\/b><\/td>\n<td><b><span>Einzelheiten<\/span><\/b><\/td>\n<\/tr>\n<tr>\n<td><b><span>Material<\/span><\/b><\/td>\n<td><span>Hochwertiges 100 % echtes Leder<\/span><\/td>\n<\/tr>\n<tr>\n<td><b><span>Farbe<\/span><\/b><\/td>\n<td><span>Bordeauxrot<\/span><\/td>\n<\/tr>\n<tr>\n<td><b><span>Stil<\/span><\/b><\/td>\n<td><span>Penny-Stiefel<\/span><\/td>\n<\/tr>\n<tr>\n<td><b><span>Beschichtung<\/span><\/b><\/td>\n<td><span>Weiches Leder f\u00fcr maximalen Komfort<\/span><\/td>\n<\/tr>\n<tr>\n<td><b><span>Sohle, einzig, alleinig<\/span><\/b><\/td>\n<td><span>Strapazierf\u00e4higes und flexibles Gummi<\/span><\/td>\n<\/tr>\n<tr>\n<td><b><span>Wartung<\/span><\/b><\/td>\n<td><span>F\u00fcr langanhaltenden Glanz verwenden Sie Lederpflegemittel<\/span><\/td>\n<\/tr>\n<\/tbody>\n<\/table>\n","protected":false},"excerpt":{"rendered":"<p><span>Bringen Sie Ihren Stil mit den\u00a0<\/span><b><span>handgefertigten Penny Boots aus burgunderrotem Leder auf die n\u00e4chste Stufe\u00a0<\/span><\/b><span>. Diese eleganten Schuhe vereinen zeitlose Klasse mit moderner Handwerkskunst. Sie bestehen aus hochwertigem Leder und bieten eine bequeme Passform und eine langlebige Verarbeitung.<\/span><\/p>\n<p><span>Diese Penny Boots in raffiniertem Burgunderrot eignen sich perfekt f\u00fcr formelle und l\u00e4ssige Anl\u00e4sse. Egal, ob Sie sie im B\u00fcro oder zum Ausgehen tragen, sie verleihen jedem Outfit einen stilvollen und raffinierten Look.<\/span><\/p>\n<p>\u2702\ufe0f<span>Perfekte Passform, speziell f\u00fcr Sie gefertigt.<\/span><\/p>\n<p>\ud83d\udc54<span>Individuelle Beratung f\u00fcr Ihren einzigartigen Look.<\/span><\/p>\n<p>\ud83e\uddf5<span>Hochwertige Materialien f\u00fcr ultimativen Komfort.<\/span><\/p>\n<p>\ud83c\udfa8<span>Stilvoll f\u00fcr jeden Anlass.<\/span><\/p>\n<p>\ud83c\udf81<span>Genie\u00dfen Sie bei jedem Ladenbesuch ein Gratisgeschenk!<\/span><\/p>\n","protected":false},"featured_media":2818,"template":"","meta":{"_acf_changed":false},"product_brand":[],"product_cat":[125],"product_tag":[],"class_list":{"0":"post-4891","1":"product","2":"type-product","3":"status-publish","4":"has-post-thumbnail","6":"product_cat-schoenen-collectie","8":"first","9":"instock","10":"sale","11":"shipping-taxable","12":"purchasable","13":"product-type-simple"},"acf":[],"_links":{"self":[{"href":"https:\/\/www.lomoro.nl\/de\/wp-json\/wp\/v2\/product\/4891","targetHints":{"allow":["GET"]}}],"collection":[{"href":"https:\/\/www.lomoro.nl\/de\/wp-json\/wp\/v2\/product"}],"about":[{"href":"https:\/\/www.lomoro.nl\/de\/wp-json\/wp\/v2\/types\/product"}],"wp:featuredmedia":[{"embeddable":true,"href":"https:\/\/www.lomoro.nl\/de\/wp-json\/wp\/v2\/media\/2818"}],"wp:attachment":[{"href":"https:\/\/www.lomoro.nl\/de\/wp-json\/wp\/v2\/media?parent=4891"}],"wp:term":[{"taxonomy":"product_brand","embeddable":true,"href":"https:\/\/www.lomoro.nl\/de\/wp-json\/wp\/v2\/product_brand?post=4891"},{"taxonomy":"product_cat","embeddable":true,"href":"https:\/\/www.lomoro.nl\/de\/wp-json\/wp\/v2\/product_cat?post=4891"},{"taxonomy":"product_tag","embeddable":true,"href":"https:\/\/www.lomoro.nl\/de\/wp-json\/wp\/v2\/product_tag?post=4891"}],"curies":[{"name":"wp","href":"https:\/\/api.w.org\/{rel}","templated":true}]}}