{"id":4901,"date":"2024-12-17T13:01:53","date_gmt":"2024-12-17T13:01:53","guid":{"rendered":"https:\/\/lomoro.nl\/?post_type=product&#038;p=4901"},"modified":"2025-01-09T14:53:48","modified_gmt":"2025-01-09T14:53:48","slug":"pak-29","status":"publish","type":"product","link":"https:\/\/www.lomoro.nl\/de\/products\/pak-29\/","title":{"rendered":"Dreiteiliger Herrenanzug in Anthrazitgrau"},"content":{"rendered":"<p><span>Der\u00a0<\/span><b><span>dreiteilige Herrenanzug in Anthrazitgrau\u00a0<\/span><\/b><span>bietet die perfekte Balance zwischen Eleganz und Vielseitigkeit. Der tiefe Anthrazitgrauton strahlt Klasse aus, w\u00e4hrend die hochwertigen Materialien f\u00fcr ein angenehmes Tragegef\u00fchl sorgen. Dieser Anzug ist ein Must-Have f\u00fcr M\u00e4nner, die Wert auf Stil und Qualit\u00e4t legen.<\/span><\/p>\n<p><span>Dank der Verf\u00fcgbarkeit in den kleinen Gr\u00f6\u00dfen 46-62 und den gro\u00dfen Gr\u00f6\u00dfen 58-72 findet jeder die ideale Gr\u00f6\u00dfe. Egal, ob Sie an einer formellen Veranstaltung teilnehmen oder im B\u00fcro beeindrucken m\u00f6chten, dieser Anzug wird alle Ihre Erwartungen erf\u00fcllen.<\/span><\/p>\n<table width=\"487\">\n<tbody>\n<tr>\n<td><b><span>Besonderheit<\/span><\/b><\/td>\n<td><b><span>Einzelheiten<\/span><\/b><\/td>\n<\/tr>\n<tr>\n<td><b><span>Material<\/span><\/b><\/td>\n<td><span>Hochwertige Wollmischung<\/span><\/td>\n<\/tr>\n<tr>\n<td><b><span>Farbe<\/span><\/b><\/td>\n<td><span>Anthrazitgrau<\/span><\/td>\n<\/tr>\n<tr>\n<td><b><span>Gr\u00f6\u00dfen<\/span><\/b><\/td>\n<td><span>Kleine Gr\u00f6\u00dfen 46-62, gro\u00dfe Gr\u00f6\u00dfen 58-72<\/span><\/td>\n<\/tr>\n<tr>\n<td><b><span>Fit<\/span><\/b><\/td>\n<td><span>Slim Fit und Regular Fit erh\u00e4ltlich<\/span><\/td>\n<\/tr>\n<tr>\n<td><b><span>Stil<\/span><\/b><\/td>\n<td><span>Klassisch und modern<\/span><\/td>\n<\/tr>\n<tr>\n<td><b><span>Wartung<\/span><\/b><\/td>\n<td><span>Professionelle Reinigung empfohlen<\/span><\/td>\n<\/tr>\n<\/tbody>\n<\/table>\n","protected":false},"excerpt":{"rendered":"<p><span>Entscheiden Sie sich f\u00fcr einen raffinierten und zeitlosen Look mit dem dreiteiligen Herrenanzug in Anthrazitgrau. Ideal f\u00fcr Gesch\u00e4ftstreffen, Hochzeiten oder andere formelle Anl\u00e4sse.<\/span><\/p>\n<p><span>Dieser stilvolle Anzug vereint Komfort mit einem modernen Look. Erh\u00e4ltlich in den kleinen Gr\u00f6\u00dfen 46\u201362 und gro\u00dfen Gr\u00f6\u00dfen 58\u201372, perfekt f\u00fcr jeden K\u00f6rpertyp.<\/span><\/p>\n<p>\u2702\ufe0f<span>\u00a0Perfekte Passform, speziell f\u00fcr Sie gefertigt.<\/span><\/p>\n<p>\ud83d\udc54<span>\u00a0Individuelle Beratung f\u00fcr Ihren einzigartigen Look.<\/span><\/p>\n<p>\ud83e\uddf5<span>\u00a0Hochwertige Materialien f\u00fcr ultimativen Komfort.<\/span><\/p>\n<p>\ud83c\udfa8<span>\u00a0Stilvoll f\u00fcr jeden Anlass.<\/span><\/p>\n<p>\ud83c\udf81<span>\u00a0Genie\u00dfen Sie bei jedem Ladenbesuch ein Gratisgeschenk!<\/span><\/p>\n","protected":false},"featured_media":2944,"template":"","meta":{"_acf_changed":false},"product_brand":[],"product_cat":[138],"product_tag":[],"class_list":{"0":"post-4901","1":"product","2":"type-product","3":"status-publish","4":"has-post-thumbnail","6":"product_cat-outlet","8":"first","9":"instock","10":"sale","11":"shipping-taxable","12":"purchasable","13":"product-type-simple"},"acf":[],"_links":{"self":[{"href":"https:\/\/www.lomoro.nl\/de\/wp-json\/wp\/v2\/product\/4901","targetHints":{"allow":["GET"]}}],"collection":[{"href":"https:\/\/www.lomoro.nl\/de\/wp-json\/wp\/v2\/product"}],"about":[{"href":"https:\/\/www.lomoro.nl\/de\/wp-json\/wp\/v2\/types\/product"}],"wp:featuredmedia":[{"embeddable":true,"href":"https:\/\/www.lomoro.nl\/de\/wp-json\/wp\/v2\/media\/2944"}],"wp:attachment":[{"href":"https:\/\/www.lomoro.nl\/de\/wp-json\/wp\/v2\/media?parent=4901"}],"wp:term":[{"taxonomy":"product_brand","embeddable":true,"href":"https:\/\/www.lomoro.nl\/de\/wp-json\/wp\/v2\/product_brand?post=4901"},{"taxonomy":"product_cat","embeddable":true,"href":"https:\/\/www.lomoro.nl\/de\/wp-json\/wp\/v2\/product_cat?post=4901"},{"taxonomy":"product_tag","embeddable":true,"href":"https:\/\/www.lomoro.nl\/de\/wp-json\/wp\/v2\/product_tag?post=4901"}],"curies":[{"name":"wp","href":"https:\/\/api.w.org\/{rel}","templated":true}]}}