{"id":4916,"date":"2024-12-17T10:08:53","date_gmt":"2024-12-17T10:08:53","guid":{"rendered":"https:\/\/lomoro.nl\/?post_type=product&#038;p=4916"},"modified":"2025-01-09T16:11:25","modified_gmt":"2025-01-09T16:11:25","slug":"handgemaakte-leren-laarzen-10","status":"publish","type":"product","link":"https:\/\/www.lomoro.nl\/de\/products\/handgemaakte-leren-laarzen-10\/","title":{"rendered":"Handgefertigte Chelsea-Stiefel aus bordeauxrotem Leder"},"content":{"rendered":"<p><span>Die\u00a0<\/span><b><span>handgefertigten Chelsea-Stiefel aus burgunderrotem Leder\u00a0<\/span><\/b><span>sind ein ultimatives Beispiel f\u00fcr Stil und Funktionalit\u00e4t. Mit einer satten Burgunderfarbe und einem glatten, minimalistischen Design verleihen diese Stiefel jedem Outfit eine raffinierte Note. Sie bestehen aus hochwertigem Leder und bieten sowohl Haltbarkeit als auch einen luxuri\u00f6sen Look, ideal f\u00fcr den t\u00e4glichen Gebrauch oder besondere Anl\u00e4sse.<\/span><\/p>\n<p><span>Diese Stiefel sind auf Bequemlichkeit und Komfort ausgelegt. Die elastischen Seiteneins\u00e4tze sorgen f\u00fcr einen m\u00fchelosen Einstieg, w\u00e4hrend das weiche Lederfutter und die robuste Sohle f\u00fcr langanhaltenden Komfort sorgen. Egal, ob Sie ein Gesch\u00e4ftstreffen oder einen entspannten Abend haben, diese Chelsea-Stiefel passen perfekt zu jeder Situation und jedem Outfit.<\/span><\/p>\n<table>\n<tbody>\n<tr>\n<td><b><span>Besonderheit<\/span><\/b><\/td>\n<td><b><span>Einzelheiten<\/span><\/b><\/td>\n<\/tr>\n<tr>\n<td><b><span>Material<\/span><\/b><\/td>\n<td><span>Echtes Premium-Leder<\/span><\/td>\n<\/tr>\n<tr>\n<td><b><span>Farbe<\/span><\/b><\/td>\n<td><span>Bordeauxrot<\/span><\/td>\n<\/tr>\n<tr>\n<td><b><span>Stil<\/span><\/b><\/td>\n<td><span>Chelsea-Stiefel<\/span><\/td>\n<\/tr>\n<tr>\n<td><b><span>Beschichtung<\/span><\/b><\/td>\n<td><span>Weiches Leder f\u00fcr zus\u00e4tzlichen Komfort<\/span><\/td>\n<\/tr>\n<tr>\n<td><b><span>Sohle, einzig, alleinig<\/span><\/b><\/td>\n<td><span>Verschlei\u00dffestes Gummi<\/span><\/td>\n<\/tr>\n<tr>\n<td><b><span>Wartung<\/span><\/b><\/td>\n<td><span>Verwenden Sie Lederpflegemittel und wasserabweisendes Spray<\/span><\/td>\n<\/tr>\n<\/tbody>\n<\/table>\n","protected":false},"excerpt":{"rendered":"<p><span>Verleihen Sie Ihrem Stil ein raffiniertes Upgrade mit den\u00a0<\/span><b><span>handgefertigten Chelsea-Stiefeln aus burgunderfarbenem Leder\u00a0<\/span><\/b><span>. Diese Stiefel vereinen zeitloses Design mit erstklassiger Handwerkskunst und eignen sich perfekt f\u00fcr jeden Anlass, von formell bis leger.<\/span><\/p>\n<p><span>Mit einem sch\u00f6nen Burgunderton und elastischen Seiteneins\u00e4tzen bieten diese Chelsea-Stiefel eine perfekte Balance zwischen Stil und Komfort. Ein Must-Have f\u00fcr die moderne Garderobe.<\/span><\/p>\n<p>\u2702\ufe0f<span>Perfekte Passform, speziell f\u00fcr Sie gefertigt.<\/span><\/p>\n<p>\ud83d\udc54<span>Individuelle Beratung f\u00fcr Ihren einzigartigen Look.<\/span><\/p>\n<p>\ud83e\uddf5<span>Hochwertige Materialien f\u00fcr ultimativen Komfort.<\/span><\/p>\n<p>\ud83c\udfa8<span>Stilvoll f\u00fcr jeden Anlass.<\/span><\/p>\n<p>\ud83c\udf81<span>Genie\u00dfen Sie bei jedem Ladenbesuch ein Gratisgeschenk!<\/span><\/p>\n","protected":false},"featured_media":2827,"template":"","meta":{"_acf_changed":false},"product_brand":[],"product_cat":[125],"product_tag":[],"class_list":{"0":"post-4916","1":"product","2":"type-product","3":"status-publish","4":"has-post-thumbnail","6":"product_cat-schoenen-collectie","8":"first","9":"instock","10":"sale","11":"shipping-taxable","12":"purchasable","13":"product-type-simple"},"acf":[],"_links":{"self":[{"href":"https:\/\/www.lomoro.nl\/de\/wp-json\/wp\/v2\/product\/4916","targetHints":{"allow":["GET"]}}],"collection":[{"href":"https:\/\/www.lomoro.nl\/de\/wp-json\/wp\/v2\/product"}],"about":[{"href":"https:\/\/www.lomoro.nl\/de\/wp-json\/wp\/v2\/types\/product"}],"wp:featuredmedia":[{"embeddable":true,"href":"https:\/\/www.lomoro.nl\/de\/wp-json\/wp\/v2\/media\/2827"}],"wp:attachment":[{"href":"https:\/\/www.lomoro.nl\/de\/wp-json\/wp\/v2\/media?parent=4916"}],"wp:term":[{"taxonomy":"product_brand","embeddable":true,"href":"https:\/\/www.lomoro.nl\/de\/wp-json\/wp\/v2\/product_brand?post=4916"},{"taxonomy":"product_cat","embeddable":true,"href":"https:\/\/www.lomoro.nl\/de\/wp-json\/wp\/v2\/product_cat?post=4916"},{"taxonomy":"product_tag","embeddable":true,"href":"https:\/\/www.lomoro.nl\/de\/wp-json\/wp\/v2\/product_tag?post=4916"}],"curies":[{"name":"wp","href":"https:\/\/api.w.org\/{rel}","templated":true}]}}