{"id":4922,"date":"2024-12-17T13:15:23","date_gmt":"2024-12-17T13:15:23","guid":{"rendered":"https:\/\/lomoro.nl\/?post_type=product&#038;p=4922"},"modified":"2025-01-09T16:43:39","modified_gmt":"2025-01-09T16:43:39","slug":"pak-34","status":"publish","type":"product","link":"https:\/\/www.lomoro.nl\/de\/products\/pak-34\/","title":{"rendered":"Zweireihiger grauer Nadelstreifenanzug"},"content":{"rendered":"<p><span>Unser\u00a0<\/span><b><span>zweireihiger grauer Nadelstreifenanzug\u00a0<\/span><\/b><span>kombiniert klassische Eleganz mit modernen Schnitten. Das hochwertige Material sorgt f\u00fcr eine luxuri\u00f6se Optik und ein angenehmes Tragegef\u00fchl. Die Nadelstreifen sorgen f\u00fcr einen Hauch von Klasse, w\u00e4hrend die zweireihigen Kn\u00f6pfe das Design abrunden. Dieser Anzug ist ideal f\u00fcr stilvolle Herren, die auf elegante Weise auffallen m\u00f6chten.<\/span><\/p>\n<p><span>Dieser Anzug ist sowohl in kleinen als auch gro\u00dfen Gr\u00f6\u00dfen erh\u00e4ltlich und bietet f\u00fcr jeden die perfekte Passform. Die kleinen Gr\u00f6\u00dfen reichen von 46 bis 62, die gro\u00dfen von 58 bis 72. Ob Sie an einer formellen Veranstaltung oder einem Gesch\u00e4ftstreffen teilnehmen, dieser Anzug verleiht Ihnen den selbstbewussten Look, den Sie suchen.<\/span><\/p>\n<table>\n<tbody>\n<tr>\n<td><b><span>Besonderheit<\/span><\/b><\/td>\n<td><b><span>Einzelheiten<\/span><\/b><\/td>\n<\/tr>\n<tr>\n<td><b><span>Material<\/span><\/b><\/td>\n<td><span>Hochwertige Wollmischung<\/span><\/td>\n<\/tr>\n<tr>\n<td><b><span>Farbe<\/span><\/b><\/td>\n<td><span>Grau mit Nadelstreifen<\/span><\/td>\n<\/tr>\n<tr>\n<td><b><span>Gr\u00f6\u00dfen<\/span><\/b><\/td>\n<td><span>Kleine Gr\u00f6\u00dfen 46-62, gro\u00dfe Gr\u00f6\u00dfen 58-72<\/span><\/td>\n<\/tr>\n<tr>\n<td><b><span>Fit<\/span><\/b><\/td>\n<td><span>Slim Fit und Regular Fit erh\u00e4ltlich<\/span><\/td>\n<\/tr>\n<tr>\n<td><b><span>Stil<\/span><\/b><\/td>\n<td><span>Gesch\u00e4ftlich und formell<\/span><\/td>\n<\/tr>\n<tr>\n<td><b><span>Wartung<\/span><\/b><\/td>\n<td><span>Professionelle Reinigung empfohlen<\/span><\/td>\n<\/tr>\n<\/tbody>\n<\/table>\n","protected":false},"excerpt":{"rendered":"<p><span>Entscheiden Sie sich f\u00fcr einen raffinierten Look mit diesem zweireihigen grauen Nadelstreifenanzug. Dieser aus hochwertigen Stoffen gefertigte Anzug strahlt zeitlose Eleganz aus.<\/span><\/p>\n<p><span>Mit seinen stilvollen zweireihigen Kn\u00f6pfen und dem dezenten Nadelstreifendesign ist es die perfekte Wahl f\u00fcr formelle Anl\u00e4sse und Gesch\u00e4ftstreffen.<\/span><\/p>\n<p>\u2702\ufe0f<span>Perfekte Passform, speziell f\u00fcr Sie gefertigt.<\/span><\/p>\n<p>\ud83d\udc54<span>Individuelle Beratung f\u00fcr Ihren einzigartigen Look.<\/span><\/p>\n<p>\ud83e\uddf5<span>Hochwertige Materialien f\u00fcr ultimativen Komfort.<\/span><\/p>\n<p>\ud83c\udfa8<span>Stilvoll f\u00fcr jeden Anlass.<\/span><\/p>\n<p>\ud83c\udf81<span>Genie\u00dfen Sie bei jedem Ladenbesuch ein Gratisgeschenk!<\/span><\/p>\n","protected":false},"featured_media":2962,"template":"","meta":{"_acf_changed":false},"product_brand":[],"product_cat":[138],"product_tag":[],"class_list":{"0":"post-4922","1":"product","2":"type-product","3":"status-publish","4":"has-post-thumbnail","6":"product_cat-outlet","8":"first","9":"instock","10":"sale","11":"shipping-taxable","12":"purchasable","13":"product-type-simple"},"acf":[],"_links":{"self":[{"href":"https:\/\/www.lomoro.nl\/de\/wp-json\/wp\/v2\/product\/4922","targetHints":{"allow":["GET"]}}],"collection":[{"href":"https:\/\/www.lomoro.nl\/de\/wp-json\/wp\/v2\/product"}],"about":[{"href":"https:\/\/www.lomoro.nl\/de\/wp-json\/wp\/v2\/types\/product"}],"wp:featuredmedia":[{"embeddable":true,"href":"https:\/\/www.lomoro.nl\/de\/wp-json\/wp\/v2\/media\/2962"}],"wp:attachment":[{"href":"https:\/\/www.lomoro.nl\/de\/wp-json\/wp\/v2\/media?parent=4922"}],"wp:term":[{"taxonomy":"product_brand","embeddable":true,"href":"https:\/\/www.lomoro.nl\/de\/wp-json\/wp\/v2\/product_brand?post=4922"},{"taxonomy":"product_cat","embeddable":true,"href":"https:\/\/www.lomoro.nl\/de\/wp-json\/wp\/v2\/product_cat?post=4922"},{"taxonomy":"product_tag","embeddable":true,"href":"https:\/\/www.lomoro.nl\/de\/wp-json\/wp\/v2\/product_tag?post=4922"}],"curies":[{"name":"wp","href":"https:\/\/api.w.org\/{rel}","templated":true}]}}