{"id":4934,"date":"2024-12-17T10:16:54","date_gmt":"2024-12-17T10:16:54","guid":{"rendered":"https:\/\/lomoro.nl\/?post_type=product&#038;p=4934"},"modified":"2025-01-09T18:27:39","modified_gmt":"2025-01-09T18:27:39","slug":"handgemaakte-leren-laarzen-7","status":"publish","type":"product","link":"https:\/\/www.lomoro.nl\/de\/products\/handgemaakte-leren-laarzen-7\/","title":{"rendered":"Handgefertigte marineblaue Wildleder-Loafer-Stiefel"},"content":{"rendered":"<p><span style=\"vertical-align: inherit;\"><span style=\"vertical-align: inherit;\">Diese\u00a0 <\/span><\/span><b><span style=\"vertical-align: inherit;\"><span style=\"vertical-align: inherit;\">handgefertigten marineblauen Leder-Loafer-Schuhe\u00a0<\/span><\/span><\/b><span style=\"vertical-align: inherit;\"><span style=\"vertical-align: inherit;\"> sind eine einzigartige Kombination aus Luxus und Komfort. Sie sehen in der Natur gro\u00dfartig aus und sorgen mit dieser Struktur f\u00fcr eine ruhige Optik. Das Marineblau sorgt daf\u00fcr, dass Ihre Kleidung raffiniert wirkt, wodurch die Farben und klassischen Details perfekt zu Ihren Outfits passen.<\/span><\/span><\/p>\n<p><span style=\"vertical-align: inherit;\"><span style=\"vertical-align: inherit;\">Das handgefertigte Design garantiert hohen Komfort und Stabilit\u00e4t. Dies ist unser Innenleben, das uns hilft, gute Ergebnisse zu erzielen und gleichzeitig robuste L\u00f6sungen f\u00fcr eine optimale Gesundheit bietet. Wenn Sie sie mit einem perfekten Blick betrachten, werden Sie mit ihnen ein wundersch\u00f6nes Aussehen haben.<\/span><\/span><\/p>\n<table>\n<tbody>\n<tr>\n<td><b><span style=\"vertical-align: inherit;\"><span style=\"vertical-align: inherit;\">Besonderheit<\/span><\/span><\/b><\/td>\n<td><b><span style=\"vertical-align: inherit;\"><span style=\"vertical-align: inherit;\">Details<\/span><\/span><\/b><\/td>\n<\/tr>\n<tr>\n<td><b><span style=\"vertical-align: inherit;\"><span style=\"vertical-align: inherit;\">Material<\/span><\/span><\/b><\/td>\n<td><span style=\"vertical-align: inherit;\"><span style=\"vertical-align: inherit;\">Hochwertiges Wildleder und Leder<\/span><\/span><\/td>\n<\/tr>\n<tr>\n<td><b><span style=\"vertical-align: inherit;\"><span style=\"vertical-align: inherit;\">Farbe<\/span><\/span><\/b><\/td>\n<td><span style=\"vertical-align: inherit;\"><span style=\"vertical-align: inherit;\">Marineblau<\/span><\/span><\/td>\n<\/tr>\n<tr>\n<td><b><span style=\"vertical-align: inherit;\"><span style=\"vertical-align: inherit;\">Ruhig<\/span><\/span><\/b><\/td>\n<td><span style=\"vertical-align: inherit;\"><span style=\"vertical-align: inherit;\">Zeitlos und Fellseitig<\/span><\/span><\/td>\n<\/tr>\n<tr>\n<td><b><span style=\"vertical-align: inherit;\"><span style=\"vertical-align: inherit;\">Beschichtung<\/span><\/span><\/b><\/td>\n<td><span style=\"vertical-align: inherit;\"><span style=\"vertical-align: inherit;\">Weiches Leder f\u00fcr tollen Komfort<\/span><\/span><\/td>\n<\/tr>\n<tr>\n<td><b><span style=\"vertical-align: inherit;\"><span style=\"vertical-align: inherit;\">Sohle, einzig, alleinig<\/span><\/span><\/b><\/td>\n<td><span style=\"vertical-align: inherit;\"><span style=\"vertical-align: inherit;\">Langlebig mit Anti-Rutsch-Eigenschaften<\/span><\/span><\/td>\n<\/tr>\n<tr>\n<td><b><span style=\"vertical-align: inherit;\"><span style=\"vertical-align: inherit;\">Wartung<\/span><\/span><\/b><\/td>\n<td><span style=\"vertical-align: inherit;\"><span style=\"vertical-align: inherit;\">Mit wei\u00dfer Lederb\u00fcrste reinigen<\/span><\/span><\/td>\n<\/tr>\n<\/tbody>\n<\/table>\n","protected":false},"excerpt":{"rendered":"<p><span style=\"vertical-align: inherit;\"><span style=\"vertical-align: inherit;\">Verleihen Sie Ihrer Garderobe einen Hauch von Eleganz mit\u00a0 <\/span><\/span><b><span style=\"vertical-align: inherit;\"><span style=\"vertical-align: inherit;\">handgefertigten marineblauen Wildleder-Loafers-Stiefels\u00a0<\/span><\/span><\/b><span style=\"vertical-align: inherit;\"><span style=\"vertical-align: inherit;\"> . Das marineblaue Wildleder gl\u00e4nzt mit Raffinesse und passt perfekt zu formellen Outfits.<\/span><\/span><\/p>\n<p><span style=\"vertical-align: inherit;\"><span style=\"vertical-align: inherit;\">Diese Studenten kombinieren zeitloses Design mit modernem Komfort. Sie werden von Hand gefertigt, sind perfekt auf ihre Bed\u00fcrfnisse zugeschnitten und haben ihr eigenes Ideal f\u00fcr Ihren Komfort, mit Ruhe und Komfort in bester Umgebung.<\/span><\/span><\/p>\n<p>\u2702\ufe0f<span style=\"vertical-align: inherit;\"><span style=\"vertical-align: inherit;\">Perfekte Passform, besonders f\u00fcr Ihre Kleidung.<\/span><\/span><\/p>\n<p>\ud83d\udc54<span style=\"vertical-align: inherit;\"><span style=\"vertical-align: inherit;\">Individuelle Ber\u00fccksichtigung f\u00fcr Ihren individuellen Look.<\/span><\/span><\/p>\n<p>\ud83e\uddf5<span style=\"vertical-align: inherit;\"><span style=\"vertical-align: inherit;\">Hochwertige Materialien f\u00fcr ultimativen Komfort.<\/span><\/span><\/p>\n<p>\ud83c\udfa8<span style=\"vertical-align: inherit;\"><span style=\"vertical-align: inherit;\">Stilvoll f\u00fcr jeden Anlass.<\/span><\/span><\/p>\n<p>\ud83c\udf81<span style=\"vertical-align: inherit;\"><span style=\"vertical-align: inherit;\">Genie\u00dfen Sie Ihr Einkaufserlebnis mit einem Gratisgeschenk!<\/span><\/span><\/p>\n","protected":false},"featured_media":2836,"template":"","meta":{"_acf_changed":false},"product_brand":[],"product_cat":[125],"product_tag":[],"class_list":{"0":"post-4934","1":"product","2":"type-product","3":"status-publish","4":"has-post-thumbnail","6":"product_cat-schoenen-collectie","8":"first","9":"instock","10":"sale","11":"shipping-taxable","12":"purchasable","13":"product-type-simple"},"acf":[],"_links":{"self":[{"href":"https:\/\/www.lomoro.nl\/de\/wp-json\/wp\/v2\/product\/4934","targetHints":{"allow":["GET"]}}],"collection":[{"href":"https:\/\/www.lomoro.nl\/de\/wp-json\/wp\/v2\/product"}],"about":[{"href":"https:\/\/www.lomoro.nl\/de\/wp-json\/wp\/v2\/types\/product"}],"wp:featuredmedia":[{"embeddable":true,"href":"https:\/\/www.lomoro.nl\/de\/wp-json\/wp\/v2\/media\/2836"}],"wp:attachment":[{"href":"https:\/\/www.lomoro.nl\/de\/wp-json\/wp\/v2\/media?parent=4934"}],"wp:term":[{"taxonomy":"product_brand","embeddable":true,"href":"https:\/\/www.lomoro.nl\/de\/wp-json\/wp\/v2\/product_brand?post=4934"},{"taxonomy":"product_cat","embeddable":true,"href":"https:\/\/www.lomoro.nl\/de\/wp-json\/wp\/v2\/product_cat?post=4934"},{"taxonomy":"product_tag","embeddable":true,"href":"https:\/\/www.lomoro.nl\/de\/wp-json\/wp\/v2\/product_tag?post=4934"}],"curies":[{"name":"wp","href":"https:\/\/api.w.org\/{rel}","templated":true}]}}