{"id":4947,"date":"2024-12-20T09:30:15","date_gmt":"2024-12-20T09:30:15","guid":{"rendered":"https:\/\/lomoro.nl\/?post_type=product&#038;p=4947"},"modified":"2025-01-10T08:23:45","modified_gmt":"2025-01-10T08:23:45","slug":"stropdas-19","status":"publish","type":"product","link":"https:\/\/www.lomoro.nl\/de\/products\/stropdas-19\/","title":{"rendered":"Mehrfarbige Paisley-Krawatte f\u00fcr Herren"},"content":{"rendered":"<section id=\"shopify-section-template--23762923880771__rich_text_kx9yLB\" class=\"shopify-section section\">\n<div class=\"isolate\">\n<div class=\"rich-text content-container color-scheme-1 gradient rich-text--full-width content-container--full-width section-template--23762923880771__rich_text_kx9yLB-padding\">\n<div class=\"rich-text__wrapper rich-text__wrapper--left page-width\">\n<div class=\"rich-text__blocks left\">\n<p><span>Die\u00a0<\/span><b><span>mehrfarbige Paisley-Krawatte f\u00fcr Herren\u00a0<\/span><\/b><span>kombiniert das zeitlose Paisley-Muster mit einem modernen Farbschema und schafft so ein einzigartiges und auff\u00e4lliges Accessoire. Die reichhaltigen, mehrfarbigen Details strahlen Eleganz aus und verleihen Ihrem formellen Outfit eine verspielte Note. Diese Krawatte ist ideal f\u00fcr Hochzeiten, Galas und Gesch\u00e4ftstreffen und verleiht Ihrer Garderobe einen Hauch von Kreativit\u00e4t.<\/span><\/p>\n<p><span>Diese Krawatte aus hochwertigem Jacquard-Polyester bietet Haltbarkeit und eine glatte, seidige Textur. Die raffinierte Handwerkskunst und das vielseitige Design erleichtern die Kombination mit einer Vielzahl von Anz\u00fcgen und Hemden, sodass Sie m\u00fchelos einen auff\u00e4lligen und stilvollen Look kreieren k\u00f6nnen.<\/span><\/p>\n<table>\n<tbody>\n<tr>\n<td><b><span>Besonderheit<\/span><\/b><\/td>\n<td><b><span>Einzelheiten<\/span><\/b><\/td>\n<\/tr>\n<tr>\n<td><b><span>Material<\/span><\/b><\/td>\n<td><span>Hochwertiges Jacquard-Polyester<\/span><\/td>\n<\/tr>\n<tr>\n<td><b><span>Patrone<\/span><\/b><\/td>\n<td><span>Paisley<\/span><\/td>\n<\/tr>\n<tr>\n<td><b><span>Farbe<\/span><\/b><\/td>\n<td><span>Mehrfarbig<\/span><\/td>\n<\/tr>\n<tr>\n<td><b><span>Abmessungen<\/span><\/b><\/td>\n<td><span>150cm x 8cm<\/span><\/td>\n<\/tr>\n<tr>\n<td><b><span>Wartung<\/span><\/b><\/td>\n<td><span>Handw\u00e4sche empfohlen<\/span><\/td>\n<\/tr>\n<\/tbody>\n<\/table>\n<\/div>\n<\/div>\n<\/div>\n<\/div>\n<\/section>\n","protected":false},"excerpt":{"rendered":"<div class=\"product__tax caption rte\">\n<p><span>Erwecken Sie Ihr Outfit zum Leben mit der\u00a0<\/span><b><span>mehrfarbigen Paisley-Krawatte f\u00fcr Herren\u00a0<\/span><\/b><span>, einer raffinierten Wahl mit einem verspielten und stilvollen Muster. Die Kombination aus leuchtenden Farben und dem klassischen Paisley-Design macht es zu einem perfekten Accessoire f\u00fcr formelle und halbformelle Anl\u00e4sse. Diese aus hochwertigem Jacquard-Material gefertigte Krawatte bietet einen luxuri\u00f6sen Look und eine seidig-weiche Textur. Lassen Sie Ihre Pers\u00f6nlichkeit strahlen und hinterlassen Sie bei jedem Anlass einen unvergesslichen Eindruck.<\/span><\/p>\n<p>\u2702\ufe0f<span>Perfekte Passform, speziell f\u00fcr Sie gefertigt.<\/span><\/p>\n<p>\ud83d\udc54<span>Individuelle Beratung f\u00fcr Ihren einzigartigen Look.<\/span><\/p>\n<p>\ud83e\uddf5<span>Hochwertige Materialien f\u00fcr ultimativen Komfort.<\/span><\/p>\n<p>\ud83c\udfa8<span>Stilvoll f\u00fcr jeden Anlass.<\/span><\/p>\n<p>\ud83c\udf81<span>Genie\u00dfen Sie bei jedem Ladenbesuch ein Gratisgeschenk!<\/span><\/p>\n<\/div>\n","protected":false},"featured_media":3040,"template":"","meta":{"_acf_changed":false},"product_brand":[],"product_cat":[152],"product_tag":[],"class_list":{"0":"post-4947","1":"product","2":"type-product","3":"status-publish","4":"has-post-thumbnail","6":"product_cat-stropdas","8":"first","9":"instock","10":"sale","11":"shipping-taxable","12":"purchasable","13":"product-type-simple"},"acf":[],"_links":{"self":[{"href":"https:\/\/www.lomoro.nl\/de\/wp-json\/wp\/v2\/product\/4947","targetHints":{"allow":["GET"]}}],"collection":[{"href":"https:\/\/www.lomoro.nl\/de\/wp-json\/wp\/v2\/product"}],"about":[{"href":"https:\/\/www.lomoro.nl\/de\/wp-json\/wp\/v2\/types\/product"}],"wp:featuredmedia":[{"embeddable":true,"href":"https:\/\/www.lomoro.nl\/de\/wp-json\/wp\/v2\/media\/3040"}],"wp:attachment":[{"href":"https:\/\/www.lomoro.nl\/de\/wp-json\/wp\/v2\/media?parent=4947"}],"wp:term":[{"taxonomy":"product_brand","embeddable":true,"href":"https:\/\/www.lomoro.nl\/de\/wp-json\/wp\/v2\/product_brand?post=4947"},{"taxonomy":"product_cat","embeddable":true,"href":"https:\/\/www.lomoro.nl\/de\/wp-json\/wp\/v2\/product_cat?post=4947"},{"taxonomy":"product_tag","embeddable":true,"href":"https:\/\/www.lomoro.nl\/de\/wp-json\/wp\/v2\/product_tag?post=4947"}],"curies":[{"name":"wp","href":"https:\/\/api.w.org\/{rel}","templated":true}]}}