{"id":5050,"date":"2024-12-20T09:49:50","date_gmt":"2024-12-20T09:49:50","guid":{"rendered":"https:\/\/lomoro.nl\/?post_type=product&#038;p=5050"},"modified":"2025-01-10T11:13:09","modified_gmt":"2025-01-10T11:13:09","slug":"stropdas-18","status":"publish","type":"product","link":"https:\/\/www.lomoro.nl\/de\/products\/stropdas-18\/","title":{"rendered":"Herrenkrawatte mit grauer Textur"},"content":{"rendered":"<p><span>Die raue Textur der Kleidungsst\u00fccke verleiht dem Design Subtilit\u00e4t und Raffinesse mit dem Vorteil der Eleganz des Outfits. Die Details der Texturen sorgen f\u00fcr einen eleganten und modernen Look, ideal f\u00fcr Hochzeiten, Zusammenk\u00fcnfte und gelegentliche formelle Anl\u00e4sse. Vielen Dank f\u00fcr Ihre neutrale Farbe, Sie k\u00f6nnen sich m\u00fchelos an eine gro\u00dfe Auswahl an Farben und Stilen anpassen.<\/span><\/p>\n<p><span>Hergestellt aus Polyester-Jacquard mit h\u00f6chster Qualit\u00e4t, garantiert es eine lange Haltbarkeit und eine angenehme und bequeme Textur. Das gro\u00dfe Erscheinungsbild und die endg\u00fcltige Pr\u00e4zision des Looks sind elegant und zeitgem\u00e4\u00df, was auch eine vielseitige Wahl f\u00fcr klassische und moderne Kleiderschr\u00e4nke ist.<\/span><\/p>\n<table>\n<tbody>\n<tr>\n<td><b><span>Charakteristisch<\/span><\/b><\/td>\n<td><b><span>Details<\/span><\/b><\/td>\n<\/tr>\n<tr>\n<td><b><span>Material<\/span><\/b><\/td>\n<td><span>Polyester-Jacquard von h\u00f6chster Qualit\u00e4t<\/span><\/td>\n<\/tr>\n<tr>\n<td><b><span>Motiv<\/span><\/b><\/td>\n<td><span>Textur<\/span><\/td>\n<\/tr>\n<tr>\n<td><b><span>Farbe<\/span><\/b><\/td>\n<td><span>Gris<\/span><\/td>\n<\/tr>\n<tr>\n<td><b><span>Abmessungen<\/span><\/b><\/td>\n<td><span>150cm x 8cm<\/span><\/td>\n<\/tr>\n<tr>\n<td><b><span>Entretien<\/span><\/b><\/td>\n<td><span>Sp\u00fclung nach der Hauptempfehlung<\/span><\/td>\n<\/tr>\n<\/tbody>\n<\/table>\n","protected":false},"excerpt":{"rendered":"<p><span>Tragen Sie kein formelles Outfit mit anspruchsvollem Look, sondern verwenden Sie die Cravate Textur\u00e9e Grise pour Homme, ein perfektes Accessoire f\u00fcr einen modernen und eleganten Look. Die dezente Textur des Motivs entsprechend dem verwendeten Stil eignet sich ideal f\u00fcr den gelegentlichen Beruf und festlichen Anlass.<\/span><\/p>\n<p><span>Hergestellt aus einem hochwertigen Jacquard-Material, das sich durch Langlebigkeit und einen luxuri\u00f6sen Look auszeichnet. Ein vielseitiges und elegantes Design, das sich leicht mit verschiedenen Designs und Kost\u00fcmen kombinieren l\u00e4sst.<\/span><\/p>\n<p>\u2702\ufe0f<span>Stellen Sie das Parfait ein und machen Sie es speziell f\u00fcr Sie.<\/span><\/p>\n<p>\ud83d\udc54<span>Pers\u00f6nliche \u00dcberlegungen verleihen Ihnen einen einzigartigen Look.<\/span><\/p>\n<p>\ud83e\uddf5<span>Die hochwertigen Materialien f\u00fcr ultimativen Komfort.<\/span><\/p>\n<p>\ud83c\udfa8<span>Elegant f\u00fcr einen schicken Anlass.<\/span><\/p>\n<p>\ud83c\udf81<span>Profitieren Sie von Ihrem Gratisgeschenk f\u00fcr Ihren Besuch und Ihr Magazin!<\/span><\/p>\n","protected":false},"featured_media":3043,"template":"","meta":{"_acf_changed":false},"product_brand":[],"product_cat":[152],"product_tag":[],"class_list":{"0":"post-5050","1":"product","2":"type-product","3":"status-publish","4":"has-post-thumbnail","6":"product_cat-stropdas","8":"first","9":"instock","10":"sale","11":"shipping-taxable","12":"purchasable","13":"product-type-simple"},"acf":[],"_links":{"self":[{"href":"https:\/\/www.lomoro.nl\/de\/wp-json\/wp\/v2\/product\/5050","targetHints":{"allow":["GET"]}}],"collection":[{"href":"https:\/\/www.lomoro.nl\/de\/wp-json\/wp\/v2\/product"}],"about":[{"href":"https:\/\/www.lomoro.nl\/de\/wp-json\/wp\/v2\/types\/product"}],"wp:featuredmedia":[{"embeddable":true,"href":"https:\/\/www.lomoro.nl\/de\/wp-json\/wp\/v2\/media\/3043"}],"wp:attachment":[{"href":"https:\/\/www.lomoro.nl\/de\/wp-json\/wp\/v2\/media?parent=5050"}],"wp:term":[{"taxonomy":"product_brand","embeddable":true,"href":"https:\/\/www.lomoro.nl\/de\/wp-json\/wp\/v2\/product_brand?post=5050"},{"taxonomy":"product_cat","embeddable":true,"href":"https:\/\/www.lomoro.nl\/de\/wp-json\/wp\/v2\/product_cat?post=5050"},{"taxonomy":"product_tag","embeddable":true,"href":"https:\/\/www.lomoro.nl\/de\/wp-json\/wp\/v2\/product_tag?post=5050"}],"curies":[{"name":"wp","href":"https:\/\/api.w.org\/{rel}","templated":true}]}}