{"id":5066,"date":"2024-12-20T09:54:54","date_gmt":"2024-12-20T09:54:54","guid":{"rendered":"https:\/\/lomoro.nl\/?post_type=product&#038;p=5066"},"modified":"2025-01-10T11:23:24","modified_gmt":"2025-01-10T11:23:24","slug":"stropdas-17","status":"publish","type":"product","link":"https:\/\/www.lomoro.nl\/de\/products\/stropdas-17\/","title":{"rendered":"Rote Paisley-Krawatte f\u00fcr Herren"},"content":{"rendered":"<p><span>Die\u00a0<\/span><b><span>rote Paisley-Krawatte f\u00fcr Herren\u00a0<\/span><\/b><span>ist ein zeitloses Accessoire, das Stil und Raffinesse auf die n\u00e4chste Stufe hebt. Das wundersch\u00f6ne Paisley-Muster in satten Rott\u00f6nen bietet einen klassischen und dennoch modernen Look. Ob Sie an einem formellen Anlass teilnehmen oder bei einem Gesch\u00e4ftstreffen beeindrucken m\u00f6chten, diese Krawatte ist die perfekte Wahl.<\/span><\/p>\n<p><span>Diese pr\u00e4zisionsgefertigte Krawatte aus hochwertigem Jacquard-Material bietet eine weiche Textur und langlebige Qualit\u00e4t. Die reichhaltigen Details im Design sind eine Augenweide und machen es einfach, diese Krawatte sowohl mit hellen als auch mit dunklen Farben zu kombinieren, was sie zu einer unverzichtbaren Erg\u00e4nzung f\u00fcr jede Garderobe macht.<\/span><\/p>\n<table style=\"height: 181px;\" width=\"437\">\n<tbody>\n<tr>\n<td><b><span>Besonderheit<\/span><\/b><\/td>\n<td><b><span>Details<\/span><\/b><\/td>\n<\/tr>\n<tr>\n<td><b><span>Material<\/span><\/b><\/td>\n<td><span>Hochwertiges Jacquard-Polyester<\/span><\/td>\n<\/tr>\n<tr>\n<td><b><span>Patrone<\/span><\/b><\/td>\n<td><span>Paisley<\/span><\/td>\n<\/tr>\n<tr>\n<td><b><span>Farbe<\/span><\/b><\/td>\n<td><span>Tiefrot<\/span><\/td>\n<\/tr>\n<tr>\n<td><b><span>Abmessungen<\/span><\/b><\/td>\n<td><span>150cm x 8cm<\/span><\/td>\n<\/tr>\n<tr>\n<td><b><span>Wartung<\/span><\/b><\/td>\n<td><span>Handw\u00e4sche empfohlen<\/span><\/td>\n<\/tr>\n<\/tbody>\n<\/table>\n","protected":false},"excerpt":{"rendered":"<p><span>Verleihen Sie Ihrem Outfit einen Hauch von Raffinesse mit der\u00a0<\/span><b><span>roten Paisley-Krawatte f\u00fcr Herren\u00a0<\/span><\/b><span>, einem Symbol f\u00fcr Eleganz und Klasse. Das luxuri\u00f6se Paisley-Muster verleiht Ihrem formellen Look einen subtilen k\u00fcnstlerischen Akzent und eignet sich perfekt f\u00fcr Hochzeiten, Gesch\u00e4ftstreffen und festliche Anl\u00e4sse. Diese Krawatte besteht aus hochwertigem Jacquard-Stoff und strahlt Qualit\u00e4t und Langlebigkeit aus. Dank der tiefroten Farbe und dem raffinierten Muster ist es eine vielseitige Wahl, die sich leicht mit verschiedenen Hemden und Anz\u00fcgen kombinieren l\u00e4sst.<\/span><\/p>\n<p>\u2702\ufe0f<span>Perfekte Passform, speziell f\u00fcr Sie gefertigt.<\/span><\/p>\n<p>\ud83d\udc54<span>Individuelle Beratung f\u00fcr Ihren einzigartigen Look.<\/span><\/p>\n<p>\ud83e\uddf5<span>Hochwertige Materialien f\u00fcr ultimativen Komfort.<\/span><\/p>\n<p>\ud83c\udfa8<span>Stilvoll f\u00fcr jeden Anlass.<\/span><\/p>\n<p>\ud83c\udf81<span>Genie\u00dfen Sie bei jedem Ladenbesuch ein Gratisgeschenk!<\/span><\/p>\n","protected":false},"featured_media":3046,"template":"","meta":{"_acf_changed":false},"product_brand":[],"product_cat":[152],"product_tag":[],"class_list":{"0":"post-5066","1":"product","2":"type-product","3":"status-publish","4":"has-post-thumbnail","6":"product_cat-stropdas","8":"first","9":"instock","10":"sale","11":"shipping-taxable","12":"purchasable","13":"product-type-simple"},"acf":[],"_links":{"self":[{"href":"https:\/\/www.lomoro.nl\/de\/wp-json\/wp\/v2\/product\/5066","targetHints":{"allow":["GET"]}}],"collection":[{"href":"https:\/\/www.lomoro.nl\/de\/wp-json\/wp\/v2\/product"}],"about":[{"href":"https:\/\/www.lomoro.nl\/de\/wp-json\/wp\/v2\/types\/product"}],"wp:featuredmedia":[{"embeddable":true,"href":"https:\/\/www.lomoro.nl\/de\/wp-json\/wp\/v2\/media\/3046"}],"wp:attachment":[{"href":"https:\/\/www.lomoro.nl\/de\/wp-json\/wp\/v2\/media?parent=5066"}],"wp:term":[{"taxonomy":"product_brand","embeddable":true,"href":"https:\/\/www.lomoro.nl\/de\/wp-json\/wp\/v2\/product_brand?post=5066"},{"taxonomy":"product_cat","embeddable":true,"href":"https:\/\/www.lomoro.nl\/de\/wp-json\/wp\/v2\/product_cat?post=5066"},{"taxonomy":"product_tag","embeddable":true,"href":"https:\/\/www.lomoro.nl\/de\/wp-json\/wp\/v2\/product_tag?post=5066"}],"curies":[{"name":"wp","href":"https:\/\/api.w.org\/{rel}","templated":true}]}}