{"id":5089,"date":"2024-12-20T10:02:51","date_gmt":"2024-12-20T10:02:51","guid":{"rendered":"https:\/\/lomoro.nl\/?post_type=product&#038;p=5089"},"modified":"2025-01-10T11:38:11","modified_gmt":"2025-01-10T11:38:11","slug":"stropdas-15","status":"publish","type":"product","link":"https:\/\/www.lomoro.nl\/de\/products\/stropdas-15\/","title":{"rendered":"Braune strukturierte Herrenkrawatte"},"content":{"rendered":"<p><span>Die\u00a0<\/span><b><span>braune strukturierte Krawatte f\u00fcr Herren\u00a0<\/span><\/b><span>wurde entwickelt, um dem modernen Mann Stil und Klasse zu bieten. Die satte braune Farbe und die raffinierte Textur verleihen jedem Outfit eine subtile Eleganz. Ob Hochzeit, Gesch\u00e4ftspr\u00e4sentation oder formelles Abendessen, diese Krawatte macht immer den richtigen Eindruck.<\/span><\/p>\n<p><span>Die aus hochwertigem Jacquard-Material gefertigte Krawatte bietet eine perfekte Balance zwischen Haltbarkeit und Komfort. Das hochwertige Design sorgt daf\u00fcr, dass die Krawatte ihre Form beh\u00e4lt, w\u00e4hrend der warme Farbton vielseitig genug ist, um sie mit verschiedenen Hemden und Anz\u00fcgen zu kombinieren. Erg\u00e4nzen Sie Ihre Garderobe um dieses zeitlose Accessoire f\u00fcr einen stilvollen und raffinierten Look.<\/span><\/p>\n<table style=\"height: 177px;\" width=\"489\">\n<tbody>\n<tr>\n<td><b><span>Besonderheit<\/span><\/b><\/td>\n<td><b><span>Details<\/span><\/b><\/td>\n<\/tr>\n<tr>\n<td><b><span>Material<\/span><\/b><\/td>\n<td><span>Hochwertiges Jacquard-Polyester<\/span><\/td>\n<\/tr>\n<tr>\n<td><b><span>Patrone<\/span><\/b><\/td>\n<td><span>Strukturiert<\/span><\/td>\n<\/tr>\n<tr>\n<td><b><span>Farbe<\/span><\/b><\/td>\n<td><span>Braun<\/span><\/td>\n<\/tr>\n<tr>\n<td><b><span>Abmessungen<\/span><\/b><\/td>\n<td><span>150cm x 8cm<\/span><\/td>\n<\/tr>\n<tr>\n<td><b><span>Wartung<\/span><\/b><\/td>\n<td><span>Handw\u00e4sche empfohlen<\/span><\/td>\n<\/tr>\n<\/tbody>\n<\/table>\n<p>&nbsp;<\/p>\n","protected":false},"excerpt":{"rendered":"<div class=\"product__tax caption rte\">\n<p><span>Bringen Sie Ihren Stil auf die n\u00e4chste Stufe mit der\u00a0<\/span><b><span>braunen strukturierten Krawatte f\u00fcr Herren\u00a0<\/span><\/b><span>. Das dezente Muster und der warme Braunton machen dieses Accessoire perfekt f\u00fcr Gesch\u00e4ftstreffen und formelle Veranstaltungen.\u00a0<\/span><span>Diese aus hochwertigem Jacquard-Material gefertigte Krawatte bietet Haltbarkeit und einen luxuri\u00f6sen Look. Kombinieren Sie es mit einem klassischen Anzug f\u00fcr einen zeitlosen Look.<\/span><\/p>\n<p>\u2702\ufe0f<span>Perfekte Passform, speziell f\u00fcr Sie gefertigt.<\/span><\/p>\n<p>\ud83d\udc54<span>Individuelle Beratung f\u00fcr Ihren einzigartigen Look.<\/span><\/p>\n<p>\ud83e\uddf5<span>Hochwertige Materialien f\u00fcr ultimativen Komfort.<\/span><\/p>\n<p>\ud83c\udfa8<span>Stilvoll f\u00fcr jeden Anlass.<\/span><\/p>\n<p>\ud83c\udf81<span>Genie\u00dfen Sie bei jedem Ladenbesuch ein Gratisgeschenk!<\/span><\/p>\n<\/div>\n","protected":false},"featured_media":3052,"template":"","meta":{"_acf_changed":false},"product_brand":[],"product_cat":[152],"product_tag":[],"class_list":{"0":"post-5089","1":"product","2":"type-product","3":"status-publish","4":"has-post-thumbnail","6":"product_cat-stropdas","8":"first","9":"instock","10":"sale","11":"shipping-taxable","12":"purchasable","13":"product-type-simple"},"acf":[],"_links":{"self":[{"href":"https:\/\/www.lomoro.nl\/de\/wp-json\/wp\/v2\/product\/5089","targetHints":{"allow":["GET"]}}],"collection":[{"href":"https:\/\/www.lomoro.nl\/de\/wp-json\/wp\/v2\/product"}],"about":[{"href":"https:\/\/www.lomoro.nl\/de\/wp-json\/wp\/v2\/types\/product"}],"wp:featuredmedia":[{"embeddable":true,"href":"https:\/\/www.lomoro.nl\/de\/wp-json\/wp\/v2\/media\/3052"}],"wp:attachment":[{"href":"https:\/\/www.lomoro.nl\/de\/wp-json\/wp\/v2\/media?parent=5089"}],"wp:term":[{"taxonomy":"product_brand","embeddable":true,"href":"https:\/\/www.lomoro.nl\/de\/wp-json\/wp\/v2\/product_brand?post=5089"},{"taxonomy":"product_cat","embeddable":true,"href":"https:\/\/www.lomoro.nl\/de\/wp-json\/wp\/v2\/product_cat?post=5089"},{"taxonomy":"product_tag","embeddable":true,"href":"https:\/\/www.lomoro.nl\/de\/wp-json\/wp\/v2\/product_tag?post=5089"}],"curies":[{"name":"wp","href":"https:\/\/api.w.org\/{rel}","templated":true}]}}