{"id":5148,"date":"2024-12-20T10:40:43","date_gmt":"2024-12-20T10:40:43","guid":{"rendered":"https:\/\/lomoro.nl\/?post_type=product&#038;p=5148"},"modified":"2025-01-11T06:02:00","modified_gmt":"2025-01-11T06:02:00","slug":"stropdas-11","status":"publish","type":"product","link":"https:\/\/www.lomoro.nl\/de\/products\/stropdas-11\/","title":{"rendered":"Graue strukturierte Herrenkrawatte"},"content":{"rendered":"<p><span>Die\u00a0<\/span><b><span>graue strukturierte Herrenkrawatte\u00a0<\/span><\/b><span>ist ein raffiniertes Accessoire, das jeder Mann tragen kann, um sein Aussehen auf die n\u00e4chste Stufe zu heben. Das Design hat eine subtile Textur, die einen modernen Look bietet, ohne die klassische Eleganz zu beeintr\u00e4chtigen, die man von einer Krawatte erwartet. Der graue Farbton macht es zu einem vielseitigen Kleidungsst\u00fcck, das sowohl zu dunklen als auch zu hellen Anz\u00fcgen hervorragend passt. Es ist die perfekte Wahl sowohl f\u00fcr gesch\u00e4ftliche Veranstaltungen als auch f\u00fcr informelle Zusammenk\u00fcnfte.<\/span><\/p>\n<p><span>Diese aus einem hochwertigen Jacquard-Stoff gefertigte Krawatte bietet nicht nur einen optischen Reiz, sondern auch Komfort und Haltbarkeit. Die strukturierte Oberfl\u00e4che sorgt f\u00fcr einen raffinierten und einzigartigen Look, der sich ideal f\u00fcr jeden Anlass eignet. Die\u00a0<\/span><b><span>graue strukturierte Herrenkrawatte\u00a0<\/span><\/b><span>ist ein unverzichtbares Kleidungsst\u00fcck f\u00fcr jeden Mann, der Wert auf Stil und Qualit\u00e4t in seiner Garderobe legt.<\/span><\/p>\n<table>\n<tbody>\n<tr>\n<td><b><span>Besonderheit<\/span><\/b><\/td>\n<td><b><span>Einzelheiten<\/span><\/b><\/td>\n<\/tr>\n<tr>\n<td><b><span>Material<\/span><\/b><\/td>\n<td><span>Jacquard-Polyester<\/span><\/td>\n<\/tr>\n<tr>\n<td><b><span>Farbe<\/span><\/b><\/td>\n<td><span>Grau<\/span><\/td>\n<\/tr>\n<tr>\n<td><b><span>Abmessungen<\/span><\/b><\/td>\n<td><span>150cm x 8cm<\/span><\/td>\n<\/tr>\n<tr>\n<td><b><span>Wartung<\/span><\/b><\/td>\n<td><span>Handw\u00e4sche empfohlen<\/span><\/td>\n<\/tr>\n<\/tbody>\n<\/table>\n","protected":false},"excerpt":{"rendered":"<p><span>Die\u00a0<\/span><b><span>graue strukturierte Herrenkrawatte\u00a0<\/span><\/b><span>ist die perfekte Wahl f\u00fcr jeden Mann, der seinen Stil mit einer dezenten und dennoch eleganten Krawatte verfeinern m\u00f6chte. Das feine Strukturmuster in der Farbe Grau verleiht Ihrem Outfit Tiefe und Charakter und macht es zu einem vielseitigen Accessoire f\u00fcr verschiedene Anl\u00e4sse.<\/span><\/p>\n<p><span>Diese Krawatte bietet eine hervorragende Balance zwischen Klassik und Moderne und ist ideal f\u00fcr formelle und halbformelle Anl\u00e4sse. Ganz gleich, ob es sich um ein Gesch\u00e4ftstreffen oder einen Abend handelt, die graue Krawatte mit Struktur verleiht Ihrem Look das gewisse Extra.<\/span><\/p>\n<p>\u2702\ufe0f<span>Perfekte Passform, speziell f\u00fcr Sie gefertigt.<\/span><\/p>\n<p>\ud83d\udc54<span>Individuelle Beratung f\u00fcr Ihren einzigartigen Look.<\/span><\/p>\n<p>\ud83e\uddf5<span>Hochwertige Materialien f\u00fcr ultimativen Komfort.<\/span><\/p>\n<p>\ud83c\udfa8<span>Stilvoll f\u00fcr jeden Anlass.<\/span><\/p>\n<p>\ud83c\udf81<span>Genie\u00dfen Sie bei jedem Ladenbesuch ein Gratisgeschenk!<\/span><\/p>\n","protected":false},"featured_media":3064,"template":"","meta":{"_acf_changed":false},"product_brand":[],"product_cat":[152],"product_tag":[],"class_list":{"0":"post-5148","1":"product","2":"type-product","3":"status-publish","4":"has-post-thumbnail","6":"product_cat-stropdas","8":"first","9":"instock","10":"sale","11":"shipping-taxable","12":"purchasable","13":"product-type-simple"},"acf":[],"_links":{"self":[{"href":"https:\/\/www.lomoro.nl\/de\/wp-json\/wp\/v2\/product\/5148","targetHints":{"allow":["GET"]}}],"collection":[{"href":"https:\/\/www.lomoro.nl\/de\/wp-json\/wp\/v2\/product"}],"about":[{"href":"https:\/\/www.lomoro.nl\/de\/wp-json\/wp\/v2\/types\/product"}],"wp:featuredmedia":[{"embeddable":true,"href":"https:\/\/www.lomoro.nl\/de\/wp-json\/wp\/v2\/media\/3064"}],"wp:attachment":[{"href":"https:\/\/www.lomoro.nl\/de\/wp-json\/wp\/v2\/media?parent=5148"}],"wp:term":[{"taxonomy":"product_brand","embeddable":true,"href":"https:\/\/www.lomoro.nl\/de\/wp-json\/wp\/v2\/product_brand?post=5148"},{"taxonomy":"product_cat","embeddable":true,"href":"https:\/\/www.lomoro.nl\/de\/wp-json\/wp\/v2\/product_cat?post=5148"},{"taxonomy":"product_tag","embeddable":true,"href":"https:\/\/www.lomoro.nl\/de\/wp-json\/wp\/v2\/product_tag?post=5148"}],"curies":[{"name":"wp","href":"https:\/\/api.w.org\/{rel}","templated":true}]}}