{"id":5149,"date":"2024-12-20T10:43:28","date_gmt":"2024-12-20T10:43:28","guid":{"rendered":"https:\/\/lomoro.nl\/?post_type=product&#038;p=5149"},"modified":"2025-01-11T06:09:55","modified_gmt":"2025-01-11T06:09:55","slug":"stropdas-10","status":"publish","type":"product","link":"https:\/\/www.lomoro.nl\/de\/products\/stropdas-10\/","title":{"rendered":"Schwarze Krawatte f\u00fcr Herren mit goldenem Paisleymuster"},"content":{"rendered":"<p><span>Die\u00a0<\/span><b><span>schwarze Krawatte f\u00fcr Herren mit goldenem Paisley-Muster\u00a0<\/span><\/b><span>ist f\u00fcr M\u00e4nner konzipiert, die eine stilvolle und auff\u00e4llige Erg\u00e4nzung ihrer Garderobe suchen. Das goldene Paisley-Muster bildet einen sch\u00f6nen Kontrast zum schwarzen Stoff, der f\u00fcr einen luxuri\u00f6sen Look sorgt. Diese Krawatte ist nicht nur eine modische Wahl, sondern auch eine M\u00f6glichkeit, in wichtigen Momenten Eleganz und Raffinesse auszustrahlen. Durch die satten, kr\u00e4ftigen Farben passt diese Krawatte sowohl zu formellen als auch zu festlichen Anl\u00e4ssen wie Hochzeiten, Galas oder formellen Abendessen.<\/span><\/p>\n<p><span>Diese aus hochwertigen Materialien gefertigte Krawatte bietet nicht nur einen optischen Reiz, sondern auch Komfort und Haltbarkeit. Das dezente und dennoch auff\u00e4llige Paisley-Muster macht die Krawatte vielseitig einsetzbar, sodass sie sowohl zu schwarzen als auch zu dunklen Anz\u00fcgen perfekt passt. F\u00fcgen Sie diese elegante Krawatte Ihrer Sammlung hinzu und hinterlassen Sie \u00fcberall einen gewagten, aber eleganten Eindruck.<\/span><\/p>\n<table>\n<tbody>\n<tr>\n<td><b><span>Besonderheit<\/span><\/b><\/td>\n<td><b><span>Einzelheiten<\/span><\/b><\/td>\n<\/tr>\n<tr>\n<td><b><span>Material<\/span><\/b><\/td>\n<td><span>Jacquard-Polyester<\/span><\/td>\n<\/tr>\n<tr>\n<td><b><span>Farbe<\/span><\/b><\/td>\n<td><span>Schwarz mit goldenem Paisleymuster<\/span><\/td>\n<\/tr>\n<tr>\n<td><b><span>Abmessungen<\/span><\/b><\/td>\n<td><span>150cm x 8cm<\/span><\/td>\n<\/tr>\n<tr>\n<td><b><span>Wartung<\/span><\/b><\/td>\n<td><span>Handw\u00e4sche empfohlen<\/span><\/td>\n<\/tr>\n<\/tbody>\n<\/table>\n","protected":false},"excerpt":{"rendered":"<p><span>Die\u00a0<\/span><b><span>schwarze Krawatte f\u00fcr Herren mit goldenem Paisley-Muster\u00a0<\/span><\/b><span>ist ein auff\u00e4lliges Accessoire, das sowohl Eleganz als auch Raffinesse ausstrahlt. Das goldene Paisley-Muster auf dem tiefschwarzen Hintergrund macht diese Krawatte zur idealen Wahl f\u00fcr festliche oder formelle Anl\u00e4sse.<\/span><\/p>\n<p><span>Diese Krawatte bietet eine perfekte Balance zwischen klassischem Stil und modernem Flair und verleiht jedem Outfit einen luxuri\u00f6sen Look. Ob zur Hochzeit, zur Gala oder zu einem anderen besonderen Anlass, diese Krawatte macht jeden Look zu einem Statement.<\/span><\/p>\n<p>\u2702\ufe0f<span>Perfekte Passform, speziell f\u00fcr Sie gefertigt.<\/span><\/p>\n<p>\ud83d\udc54<span>Individuelle Beratung f\u00fcr Ihren einzigartigen Look.<\/span><\/p>\n<p>\ud83e\uddf5<span>Hochwertige Materialien f\u00fcr ultimativen Komfort.<\/span><\/p>\n<p>\ud83c\udfa8<span>Stilvoll f\u00fcr jeden Anlass.<\/span><\/p>\n<p>\ud83c\udf81<span>Genie\u00dfen Sie bei jedem Ladenbesuch ein Gratisgeschenk!<\/span><\/p>\n","protected":false},"featured_media":3067,"template":"","meta":{"_acf_changed":false},"product_brand":[],"product_cat":[152],"product_tag":[],"class_list":{"0":"post-5149","1":"product","2":"type-product","3":"status-publish","4":"has-post-thumbnail","6":"product_cat-stropdas","8":"first","9":"instock","10":"sale","11":"shipping-taxable","12":"purchasable","13":"product-type-simple"},"acf":[],"_links":{"self":[{"href":"https:\/\/www.lomoro.nl\/de\/wp-json\/wp\/v2\/product\/5149","targetHints":{"allow":["GET"]}}],"collection":[{"href":"https:\/\/www.lomoro.nl\/de\/wp-json\/wp\/v2\/product"}],"about":[{"href":"https:\/\/www.lomoro.nl\/de\/wp-json\/wp\/v2\/types\/product"}],"wp:featuredmedia":[{"embeddable":true,"href":"https:\/\/www.lomoro.nl\/de\/wp-json\/wp\/v2\/media\/3067"}],"wp:attachment":[{"href":"https:\/\/www.lomoro.nl\/de\/wp-json\/wp\/v2\/media?parent=5149"}],"wp:term":[{"taxonomy":"product_brand","embeddable":true,"href":"https:\/\/www.lomoro.nl\/de\/wp-json\/wp\/v2\/product_brand?post=5149"},{"taxonomy":"product_cat","embeddable":true,"href":"https:\/\/www.lomoro.nl\/de\/wp-json\/wp\/v2\/product_cat?post=5149"},{"taxonomy":"product_tag","embeddable":true,"href":"https:\/\/www.lomoro.nl\/de\/wp-json\/wp\/v2\/product_tag?post=5149"}],"curies":[{"name":"wp","href":"https:\/\/api.w.org\/{rel}","templated":true}]}}