{"id":5151,"date":"2024-12-20T10:48:36","date_gmt":"2024-12-20T10:48:36","guid":{"rendered":"https:\/\/lomoro.nl\/?post_type=product&#038;p=5151"},"modified":"2025-01-11T06:44:56","modified_gmt":"2025-01-11T06:44:56","slug":"stropdas-8","status":"publish","type":"product","link":"https:\/\/www.lomoro.nl\/de\/products\/stropdas-8\/","title":{"rendered":"Schwarze Herrenkrawatte mit goldenem Paisleymuster"},"content":{"rendered":"<p><span>Die\u00a0<\/span><b><span>schwarze Herrenkrawatte mit goldenem Paisleymuster\u00a0<\/span><\/b><span>ist eine perfekte Balance zwischen Eleganz und Raffinesse. Das satte goldene Paisley-Muster in Kombination mit der klassischen schwarzen Farbe macht diese Krawatte f\u00fcr die formellsten Anl\u00e4sse geeignet. Ganz gleich, ob Sie an einer Hochzeit, einer Gala oder einem Gesch\u00e4ftstreffen teilnehmen, mit dieser Krawatte setzen Sie garantiert ein Statement. Das Design strahlt Luxus aus und rundet ein schickes Outfit perfekt ab.<\/span><\/p>\n<p><span>Die aus hochwertigen Materialien gefertigte Krawatte sorgt nicht nur f\u00fcr einen sch\u00f6nen optischen Effekt, sondern auch f\u00fcr langanhaltenden Tragekomfort und einen sicheren Sitz. Das Paisley-Muster in Gold sorgt f\u00fcr einen Hauch von Glamour, w\u00e4hrend der schwarze Hintergrund f\u00fcr Vielseitigkeit sorgt, sodass sich diese Krawatte leicht mit verschiedenen Farben und Stilen kombinieren l\u00e4sst. Diese Krawatte ist ein unverzichtbares Accessoire f\u00fcr jeden Mann, der seinen formellen Look verfeinern m\u00f6chte.<\/span><\/p>\n<table>\n<tbody>\n<tr>\n<td><b><span>Besonderheit<\/span><\/b><\/td>\n<td><b><span>Einzelheiten<\/span><\/b><\/td>\n<\/tr>\n<tr>\n<td><b><span>Material<\/span><\/b><\/td>\n<td><span>Jacquard-Polyester<\/span><\/td>\n<\/tr>\n<tr>\n<td><b><span>Farbe<\/span><\/b><\/td>\n<td><span>Schwarz mit goldenem Paisley<\/span><\/td>\n<\/tr>\n<tr>\n<td><b><span>Abmessungen<\/span><\/b><\/td>\n<td><span>150cm x 8cm<\/span><\/td>\n<\/tr>\n<tr>\n<td><b><span>Wartung<\/span><\/b><\/td>\n<td><span>Handw\u00e4sche empfohlen<\/span><\/td>\n<\/tr>\n<\/tbody>\n<\/table>\n","protected":false},"excerpt":{"rendered":"<p><span>Die\u00a0<\/span><b><span>schwarze Herrenkrawatte mit goldenem Paisleymuster\u00a0<\/span><\/b><span>bietet einen eleganten und zeitlosen Look, der sich perfekt f\u00fcr formelle Anl\u00e4sse eignet. Das goldene Paisley-Muster verleiht der klassischen schwarzen Krawatte eine luxuri\u00f6se und raffinierte Note.<\/span><\/p>\n<p><span>Diese Krawatte ist ideal f\u00fcr Hochzeiten, Galas oder andere festliche Anl\u00e4sse. Das auff\u00e4llige Muster macht es zu einem stilvollen Accessoire, das zu jedem formellen Outfit passt, w\u00e4hrend die schwarze Farbe f\u00fcr Vielseitigkeit und Eleganz sorgt.<\/span><\/p>\n<p>\u2702\ufe0f<span>Perfekte Passform, speziell f\u00fcr Sie gefertigt.<\/span><\/p>\n<p>\ud83d\udc54<span>Individuelle Beratung f\u00fcr Ihren einzigartigen Look.<\/span><\/p>\n<p>\ud83e\uddf5<span>Hochwertige Materialien f\u00fcr ultimativen Komfort.<\/span><\/p>\n<p>\ud83c\udfa8<span>Stilvoll f\u00fcr jeden Anlass.<\/span><\/p>\n<p>\ud83c\udf81<span>Genie\u00dfen Sie bei jedem Ladenbesuch ein Gratisgeschenk!<\/span><\/p>\n","protected":false},"featured_media":3073,"template":"","meta":{"_acf_changed":false},"product_brand":[],"product_cat":[152],"product_tag":[],"class_list":{"0":"post-5151","1":"product","2":"type-product","3":"status-publish","4":"has-post-thumbnail","6":"product_cat-stropdas","8":"first","9":"instock","10":"sale","11":"shipping-taxable","12":"purchasable","13":"product-type-simple"},"acf":[],"_links":{"self":[{"href":"https:\/\/www.lomoro.nl\/de\/wp-json\/wp\/v2\/product\/5151","targetHints":{"allow":["GET"]}}],"collection":[{"href":"https:\/\/www.lomoro.nl\/de\/wp-json\/wp\/v2\/product"}],"about":[{"href":"https:\/\/www.lomoro.nl\/de\/wp-json\/wp\/v2\/types\/product"}],"wp:featuredmedia":[{"embeddable":true,"href":"https:\/\/www.lomoro.nl\/de\/wp-json\/wp\/v2\/media\/3073"}],"wp:attachment":[{"href":"https:\/\/www.lomoro.nl\/de\/wp-json\/wp\/v2\/media?parent=5151"}],"wp:term":[{"taxonomy":"product_brand","embeddable":true,"href":"https:\/\/www.lomoro.nl\/de\/wp-json\/wp\/v2\/product_brand?post=5151"},{"taxonomy":"product_cat","embeddable":true,"href":"https:\/\/www.lomoro.nl\/de\/wp-json\/wp\/v2\/product_cat?post=5151"},{"taxonomy":"product_tag","embeddable":true,"href":"https:\/\/www.lomoro.nl\/de\/wp-json\/wp\/v2\/product_tag?post=5151"}],"curies":[{"name":"wp","href":"https:\/\/api.w.org\/{rel}","templated":true}]}}