{"id":5153,"date":"2024-12-20T10:56:34","date_gmt":"2024-12-20T10:56:34","guid":{"rendered":"https:\/\/lomoro.nl\/?post_type=product&#038;p=5153"},"modified":"2025-01-11T06:55:22","modified_gmt":"2025-01-11T06:55:22","slug":"stropdas-6","status":"publish","type":"product","link":"https:\/\/www.lomoro.nl\/de\/products\/stropdas-6\/","title":{"rendered":"Marineblaue Paisley-Krawatte f\u00fcr Herren"},"content":{"rendered":"<p><span>Die\u00a0<\/span><b><span>marineblaue Paisley-Krawatte f\u00fcr Herren\u00a0<\/span><\/b><span>ist die perfekte Wahl f\u00fcr M\u00e4nner, die einen stilvollen und raffinierten Look suchen. Das tiefe Marineblau bildet eine elegante Leinwand f\u00fcr das klassische Paisley-Muster und verleiht der Krawatte einen zeitlosen Look. Egal, ob Sie zu einer Hochzeit, einem Gesch\u00e4ftstreffen oder zum Ausgehen gehen, diese Krawatte verleiht Ihrem Outfit immer eine luxuri\u00f6se Note. Das Paisley-Design sorgt f\u00fcr eine subtile Verspieltheit, w\u00e4hrend die marineblaue Farbe f\u00fcr einen dezenten, eleganten Look sorgt.<\/span><\/p>\n<p><span>Diese aus hochwertigen Materialien gefertigte Krawatte bietet nicht nur eine optisch ansprechende Optik, sondern auch Komfort und Haltbarkeit. Das klassische Paisley-Muster passt gut zu verschiedenen Hemden- und Jackenstilen und macht die Krawatte vielseitig und praktisch. Die\u00a0<\/span><b><span>marineblaue Paisley-Krawatte\u00a0<\/span><\/b><span>ist ein unverzichtbares Accessoire f\u00fcr jeden Mann, der seine Garderobe mit einem Element von Raffinesse und Stil erg\u00e4nzen m\u00f6chte, perfekt f\u00fcr jeden formellen oder halbformellen Anlass.<\/span><\/p>\n<table>\n<tbody>\n<tr>\n<td><b><span>Besonderheit<\/span><\/b><\/td>\n<td><b><span>Einzelheiten<\/span><\/b><\/td>\n<\/tr>\n<tr>\n<td><b><span>Material<\/span><\/b><\/td>\n<td><span>Jacquard-Polyester<\/span><\/td>\n<\/tr>\n<tr>\n<td><b><span>Farbe<\/span><\/b><\/td>\n<td><span>Marineblau mit Paisleymuster<\/span><\/td>\n<\/tr>\n<tr>\n<td><b><span>Abmessungen<\/span><\/b><\/td>\n<td><span>150cm x 8cm<\/span><\/td>\n<\/tr>\n<tr>\n<td><b><span>Wartung<\/span><\/b><\/td>\n<td><span>Handw\u00e4sche empfohlen<\/span><\/td>\n<\/tr>\n<\/tbody>\n<\/table>\n","protected":false},"excerpt":{"rendered":"<p><span>Die\u00a0<\/span><b><span>marineblaue Paisley-Krawatte f\u00fcr Herren\u00a0<\/span><\/b><span>ist eine perfekte Kombination aus Stil und Klasse. Das satte Marineblau bildet die Grundlage f\u00fcr das klassische Paisley-Muster und macht diese Krawatte zu einer vielseitigen Wahl f\u00fcr verschiedene Anl\u00e4sse.<\/span><\/p>\n<p><span>Diese Krawatte bietet einen luxuri\u00f6sen Look und ist ideal f\u00fcr formelle und halbformelle Anl\u00e4sse. Das elegante Design sorgt daf\u00fcr, dass Sie unabh\u00e4ngig vom Anlass immer gut aussehen.<\/span><\/p>\n<p>\u2702\ufe0f<span>Perfekte Passform, speziell f\u00fcr Sie gefertigt.<\/span><\/p>\n<p>\ud83d\udc54<span>Individuelle Beratung f\u00fcr Ihren einzigartigen Look.<\/span><\/p>\n<p>\ud83e\uddf5<span>Hochwertige Materialien f\u00fcr ultimativen Komfort.<\/span><\/p>\n<p>\ud83c\udfa8<span>Stilvoll f\u00fcr jeden Anlass.<\/span><\/p>\n<p>\ud83c\udf81<span>Genie\u00dfen Sie bei jedem Ladenbesuch ein Gratisgeschenk!<\/span><\/p>\n","protected":false},"featured_media":3079,"template":"","meta":{"_acf_changed":false},"product_brand":[],"product_cat":[152],"product_tag":[],"class_list":{"0":"post-5153","1":"product","2":"type-product","3":"status-publish","4":"has-post-thumbnail","6":"product_cat-stropdas","8":"first","9":"instock","10":"sale","11":"shipping-taxable","12":"purchasable","13":"product-type-simple"},"acf":[],"_links":{"self":[{"href":"https:\/\/www.lomoro.nl\/de\/wp-json\/wp\/v2\/product\/5153","targetHints":{"allow":["GET"]}}],"collection":[{"href":"https:\/\/www.lomoro.nl\/de\/wp-json\/wp\/v2\/product"}],"about":[{"href":"https:\/\/www.lomoro.nl\/de\/wp-json\/wp\/v2\/types\/product"}],"wp:featuredmedia":[{"embeddable":true,"href":"https:\/\/www.lomoro.nl\/de\/wp-json\/wp\/v2\/media\/3079"}],"wp:attachment":[{"href":"https:\/\/www.lomoro.nl\/de\/wp-json\/wp\/v2\/media?parent=5153"}],"wp:term":[{"taxonomy":"product_brand","embeddable":true,"href":"https:\/\/www.lomoro.nl\/de\/wp-json\/wp\/v2\/product_brand?post=5153"},{"taxonomy":"product_cat","embeddable":true,"href":"https:\/\/www.lomoro.nl\/de\/wp-json\/wp\/v2\/product_cat?post=5153"},{"taxonomy":"product_tag","embeddable":true,"href":"https:\/\/www.lomoro.nl\/de\/wp-json\/wp\/v2\/product_tag?post=5153"}],"curies":[{"name":"wp","href":"https:\/\/api.w.org\/{rel}","templated":true}]}}