{"id":5154,"date":"2024-12-20T10:59:22","date_gmt":"2024-12-20T10:59:22","guid":{"rendered":"https:\/\/lomoro.nl\/?post_type=product&#038;p=5154"},"modified":"2025-01-11T07:00:05","modified_gmt":"2025-01-11T07:00:05","slug":"stropdas-5","status":"publish","type":"product","link":"https:\/\/www.lomoro.nl\/de\/products\/stropdas-5\/","title":{"rendered":"Set aus Krawatte und Einstecktuch mit burgunderfarbenem Paisleymuster"},"content":{"rendered":"<p><span>Das\u00a0<\/span><b><span>burgunderfarbene Paisley-Krawatten- und Einstecktuch-Set\u00a0<\/span><\/b><span>bietet die perfekte Balance zwischen Eleganz und Stil. Das tiefe Burgunderrot in Kombination mit dem zeitlosen Paisley-Muster sorgt f\u00fcr einen klassischen und raffinierten Look. Ob Sie an einer Hochzeit, einem Gesch\u00e4ftstreffen oder einem anderen besonderen Anlass teilnehmen, dieses Set verleiht Ihrem Look immer eine luxuri\u00f6se Note. Das Paisley-Design sorgt f\u00fcr ein wenig Verspieltheit, w\u00e4hrend die burgunderrote Farbe f\u00fcr einen dezenten, eleganten Look sorgt, der zu verschiedenen Outfits passt.<\/span><\/p>\n<p><span>Dieses Set besteht aus einer hochwertigen Krawatte und einem passenden Einstecktuch, die Ihr Outfit komplettieren. Das aus langlebigen Materialien gefertigte Set bietet nicht nur einen optischen Reiz, sondern auch Komfort und eine lange Nutzungsdauer. Das\u00a0<\/span><b><span>burgunderrote Paisley-Krawatten- und Einstecktuch-Set\u00a0<\/span><\/b><span>ist ein unverzichtbares Accessoire f\u00fcr jeden Mann, der seine formelle oder halbformelle Garderobe mit einem eleganten und zeitlosen Design aufwerten m\u00f6chte, das nie aus der Mode kommt.<\/span><\/p>\n<table>\n<tbody>\n<tr>\n<td><b><span>Besonderheit<\/span><\/b><\/td>\n<td><b><span>Einzelheiten<\/span><\/b><\/td>\n<\/tr>\n<tr>\n<td><b><span>Material<\/span><\/b><\/td>\n<td><span>Jacquard-Polyester<\/span><\/td>\n<\/tr>\n<tr>\n<td><b><span>Farbe<\/span><\/b><\/td>\n<td><span>Bordeauxrot mit Paisleymuster<\/span><\/td>\n<\/tr>\n<tr>\n<td><b><span>Krawattenma\u00dfe<\/span><\/b><\/td>\n<td><span>150cm x 8cm<\/span><\/td>\n<\/tr>\n<tr>\n<td><b><span>Abmessungen des Einstecktuchs<\/span><\/b><\/td>\n<td><span>30cm x 30cm<\/span><\/td>\n<\/tr>\n<tr>\n<td><b><span>Wartung<\/span><\/b><\/td>\n<td><span>Handw\u00e4sche empfohlen<\/span><\/td>\n<\/tr>\n<\/tbody>\n<\/table>\n","protected":false},"excerpt":{"rendered":"<p><span>Das\u00a0<\/span><b><span>burgunderrote Paisley-Krawatten- und Einstecktuch-Set\u00a0<\/span><\/b><span>ist die perfekte Wahl f\u00fcr M\u00e4nner, die einen eleganten und raffinierten Look suchen. Das satte Burgunderrot in Kombination mit dem klassischen Paisley-Muster verleiht diesem Set einen luxuri\u00f6sen Look.<\/span><\/p>\n<p><span>Dieses stilvolle Set verleiht jedem Outfit einen Hauch von Eleganz, egal ob Sie an einem formellen Anlass oder einem Gesch\u00e4ftstreffen teilnehmen. Die Kombination aus Krawatte und Einstecktuch macht dieses Set zu einem Must-Have-Accessoire f\u00fcr jeden modebewussten Mann.<\/span><\/p>\n<p>\u2702\ufe0f<span>Perfekte Passform, speziell f\u00fcr Sie gefertigt.<\/span><\/p>\n<p>\ud83d\udc54<span>Individuelle Beratung f\u00fcr Ihren einzigartigen Look.<\/span><\/p>\n<p>\ud83e\uddf5<span>Hochwertige Materialien f\u00fcr ultimativen Komfort.<\/span><\/p>\n<p>\ud83c\udfa8<span>Stilvoll f\u00fcr jeden Anlass.<\/span><\/p>\n<p>\ud83c\udf81<span>Genie\u00dfen Sie bei jedem Ladenbesuch ein Gratisgeschenk!<\/span><\/p>\n","protected":false},"featured_media":3082,"template":"","meta":{"_acf_changed":false},"product_brand":[],"product_cat":[152],"product_tag":[],"class_list":{"0":"post-5154","1":"product","2":"type-product","3":"status-publish","4":"has-post-thumbnail","6":"product_cat-stropdas","8":"first","9":"instock","10":"sale","11":"shipping-taxable","12":"purchasable","13":"product-type-simple"},"acf":[],"_links":{"self":[{"href":"https:\/\/www.lomoro.nl\/de\/wp-json\/wp\/v2\/product\/5154","targetHints":{"allow":["GET"]}}],"collection":[{"href":"https:\/\/www.lomoro.nl\/de\/wp-json\/wp\/v2\/product"}],"about":[{"href":"https:\/\/www.lomoro.nl\/de\/wp-json\/wp\/v2\/types\/product"}],"wp:featuredmedia":[{"embeddable":true,"href":"https:\/\/www.lomoro.nl\/de\/wp-json\/wp\/v2\/media\/3082"}],"wp:attachment":[{"href":"https:\/\/www.lomoro.nl\/de\/wp-json\/wp\/v2\/media?parent=5154"}],"wp:term":[{"taxonomy":"product_brand","embeddable":true,"href":"https:\/\/www.lomoro.nl\/de\/wp-json\/wp\/v2\/product_brand?post=5154"},{"taxonomy":"product_cat","embeddable":true,"href":"https:\/\/www.lomoro.nl\/de\/wp-json\/wp\/v2\/product_cat?post=5154"},{"taxonomy":"product_tag","embeddable":true,"href":"https:\/\/www.lomoro.nl\/de\/wp-json\/wp\/v2\/product_tag?post=5154"}],"curies":[{"name":"wp","href":"https:\/\/api.w.org\/{rel}","templated":true}]}}