{"id":6604,"date":"2025-02-08T16:14:04","date_gmt":"2025-02-08T16:14:04","guid":{"rendered":"https:\/\/www.lomoro.nl\/?post_type=product&#038;p=6604"},"modified":"2025-02-10T11:20:43","modified_gmt":"2025-02-10T11:20:43","slug":"creme-en-bruin-trouwpak","status":"publish","type":"product","link":"https:\/\/www.lomoro.nl\/de\/products\/creme-en-bruin-trouwpak\/","title":{"rendered":"Cremefarbener und brauner Hochzeitsanzug"},"content":{"rendered":"<p><span>Ein\u00a0<\/span><b><span>Hochzeitsanzug\u00a0<\/span><\/b><span>, der Eleganz und Raffinesse vereint. Die\u00a0<\/span><b><span>Creme- und Braunt\u00f6ne\u00a0<\/span><\/b><span>verleihen einen luxuri\u00f6sen Look und machen diesen Anzug perfekt f\u00fcr eine klassische oder moderne Hochzeit. Der hochwertige Stoff f\u00fchlt sich angenehm an und sorgt f\u00fcr eine sch\u00f6ne Passform. Das\u00a0<\/span><b><span>3-teilige Design\u00a0<\/span><\/b><span>mit Jacke, Weste und Hose macht es zu einer zeitlosen Wahl f\u00fcr jeden Br\u00e4utigam.<\/span><\/p>\n<p><span>Dieser Anzug verleiht jedem Mann ein stilvolles Aussehen. Die Kombination aus hellen und dunklen T\u00f6nen erzeugt einen subtilen Kontrast und einen edlen Look. Mit\u00a0<\/span><b><span>den Untergr\u00f6\u00dfen 46-62\u00a0<\/span><\/b><span>und\u00a0<\/span><b><span>den \u00dcbergr\u00f6\u00dfen 58-72\u00a0<\/span><\/b><span>ist dieser Hochzeitsanzug in verschiedenen Gr\u00f6\u00dfen f\u00fcr die perfekte Passform erh\u00e4ltlich.<\/span><\/p>\n<table width=\"584\">\n<tbody>\n<tr>\n<td><b><span>Besonderheit<\/span><\/b><\/td>\n<td><b><span>Details<\/span><\/b><\/td>\n<\/tr>\n<tr>\n<td><b><span>Material<\/span><\/b><\/td>\n<td><span>Hochwertige Wollmischung<\/span><\/td>\n<\/tr>\n<tr>\n<td><b><span>Farbe<\/span><\/b><\/td>\n<td><span>Creme und Braun<\/span><\/td>\n<\/tr>\n<tr>\n<td><b><span>Gr\u00f6\u00dfen<\/span><\/b><\/td>\n<td><span>Kleine Gr\u00f6\u00dfen 46-62, gro\u00dfe Gr\u00f6\u00dfen 58-72<\/span><\/td>\n<\/tr>\n<tr>\n<td><b><span>Fit<\/span><\/b><\/td>\n<td><span>Schmale Passform f\u00fcr einen modernen Look<\/span><\/td>\n<\/tr>\n<tr>\n<td><b><span>Stil<\/span><\/b><\/td>\n<td><span>Hochzeit, formell, schick<\/span><\/td>\n<\/tr>\n<tr>\n<td><b><span>Wartung<\/span><\/b><\/td>\n<td><span>Chemische Reinigung empfohlen<\/span><\/td>\n<\/tr>\n<\/tbody>\n<\/table>\n<p>&nbsp;<\/p>\n","protected":false},"excerpt":{"rendered":"<p><span>Dieser stilvolle\u00a0<\/span><b><span>creme-braune Hochzeitsanzug\u00a0<\/span><\/b><span>strahlt Eleganz und Klasse aus. Die dezente Farbkombination sorgt f\u00fcr einen edlen und modernen Look.<\/span><\/p>\n<p><span>Hergestellt aus hochwertigen Stoffen und f\u00fcr eine perfekte Passform konzipiert. Erh\u00e4ltlich in\u00a0<\/span><b><span>den kleinen Gr\u00f6\u00dfen 46\u201362\u00a0<\/span><\/b><span>und\u00a0<\/span><b><span>den gro\u00dfen Gr\u00f6\u00dfen 58\u201372\u00a0<\/span><\/b><span>, ideal f\u00fcr jeden Br\u00e4utigam.<\/span><\/p>\n<p>\u2702\ufe0f<span>\u00a0Perfekte Passform, speziell f\u00fcr Sie gefertigt.<\/span><\/p>\n<p>\ud83d\udc54<span>\u00a0Individuelle Beratung f\u00fcr Ihren einzigartigen Look.<\/span><\/p>\n<p>\ud83e\uddf5<span>\u00a0Hochwertige Materialien f\u00fcr ultimativen Komfort.<\/span><\/p>\n<p>\ud83c\udfa8<span>\u00a0Stilvoll f\u00fcr jeden Anlass.<\/span><\/p>\n<p>\ud83c\udf81<span>\u00a0Freuen Sie sich bei jedem Filialbesuch \u00fcber ein Gratisgeschenk!<\/span><\/p>\n","protected":false},"featured_media":6512,"template":"","meta":{"_acf_changed":false},"product_brand":[],"product_cat":[154],"product_tag":[],"class_list":{"0":"post-6604","1":"product","2":"type-product","3":"status-publish","4":"has-post-thumbnail","6":"product_cat-trouwpak-voor-mannen","8":"first","9":"instock","10":"sale","11":"shipping-taxable","12":"purchasable","13":"product-type-simple"},"acf":[],"_links":{"self":[{"href":"https:\/\/www.lomoro.nl\/de\/wp-json\/wp\/v2\/product\/6604","targetHints":{"allow":["GET"]}}],"collection":[{"href":"https:\/\/www.lomoro.nl\/de\/wp-json\/wp\/v2\/product"}],"about":[{"href":"https:\/\/www.lomoro.nl\/de\/wp-json\/wp\/v2\/types\/product"}],"wp:featuredmedia":[{"embeddable":true,"href":"https:\/\/www.lomoro.nl\/de\/wp-json\/wp\/v2\/media\/6512"}],"wp:attachment":[{"href":"https:\/\/www.lomoro.nl\/de\/wp-json\/wp\/v2\/media?parent=6604"}],"wp:term":[{"taxonomy":"product_brand","embeddable":true,"href":"https:\/\/www.lomoro.nl\/de\/wp-json\/wp\/v2\/product_brand?post=6604"},{"taxonomy":"product_cat","embeddable":true,"href":"https:\/\/www.lomoro.nl\/de\/wp-json\/wp\/v2\/product_cat?post=6604"},{"taxonomy":"product_tag","embeddable":true,"href":"https:\/\/www.lomoro.nl\/de\/wp-json\/wp\/v2\/product_tag?post=6604"}],"curies":[{"name":"wp","href":"https:\/\/api.w.org\/{rel}","templated":true}]}}