{"id":6613,"date":"2025-02-10T07:24:23","date_gmt":"2025-02-10T07:24:23","guid":{"rendered":"https:\/\/www.lomoro.nl\/?post_type=product&#038;p=6613"},"modified":"2025-07-09T10:00:22","modified_gmt":"2025-07-09T10:00:22","slug":"mosgroen-trouwpak","status":"publish","type":"product","link":"https:\/\/www.lomoro.nl\/de\/products\/mosgroen-trouwpak\/","title":{"rendered":"Moosgr\u00fcner Hochzeitsanzug"},"content":{"rendered":"<p>Der\u00a0<strong>moosgr\u00fcne<\/strong>\u00a0<b>Hochzeitsanzug\u00a0<\/b>kombiniert die Sanftheit von Rosa mit den beruhigenden T\u00f6nen von Gr\u00fcn und ist damit eine einzigartige Wahl f\u00fcr den modernen Br\u00e4utigam. Der luxuri\u00f6se Stoff und die pr\u00e4zise Verarbeitung sorgen f\u00fcr einen edlen Look, perfekt f\u00fcr eine elegante Hochzeit.<\/p>\n<p>Der\u00a0<b>schmale Schnitt\u00a0<\/b>und\u00a0<b>die 3-teilige Konstruktion\u00a0<\/b>mit Sakko, Weste und Hose zaubern eine perfekte Silhouette. Dieser stilvolle Hochzeitsanzug ist in\u00a0<b>den kleinen Gr\u00f6\u00dfen 46\u201362<\/b>, ideal f\u00fcr eine bequeme und ma\u00dfgeschneiderte Passform.<\/p>\n<table width=\"627\">\n<tbody>\n<tr>\n<td><b>Besonderheit<\/b><\/td>\n<td><b>Details<\/b><\/td>\n<\/tr>\n<tr>\n<td><b>Material<\/b><\/td>\n<td>Hochwertiger Stoff-Mix<\/td>\n<\/tr>\n<tr>\n<td><b>Farbe<\/b><\/td>\n<td>Moosgr\u00fcn<\/td>\n<\/tr>\n<tr>\n<td><strong>Gr\u00f6\u00dfe<\/strong><\/td>\n<td>Kleine Gr\u00f6\u00dfen 46-62<\/td>\n<\/tr>\n<tr>\n<td><b>Fit<\/b><\/td>\n<td>Schmaler Schnitt f\u00fcr einen eleganten Look<\/td>\n<\/tr>\n<tr>\n<td><b>Stil<\/b><\/td>\n<td>Klassisch, modern und raffiniert<\/td>\n<\/tr>\n<tr>\n<td><b>Wartung<\/b><\/td>\n<td>Chemische Reinigung empfohlen<\/td>\n<\/tr>\n<\/tbody>\n<\/table>\n","protected":false},"excerpt":{"rendered":"<p>Geben Sie an Ihrem Hochzeitstag ein Statement ab mit dem\u00a0<strong>moosgr\u00fcnen<\/strong>\u00a0<b>Hochzeitsanzug\u00a0<\/b>, einer stilvollen und modernen Wahl. Die subtile Mischung aus Rosa und Gr\u00fcn sorgt f\u00fcr einen raffinierten und eleganten Look.<\/p>\n<p>Dieser\u00a0<b>dreiteilige Anzug\u00a0<\/b>hat eine\u00a0<b>schmale Passform\u00a0<\/b>, perfekt f\u00fcr einen eleganten Look. Erh\u00e4ltlich in\u00a0<b>den kleinen Gr\u00f6\u00dfen 46\u201362<\/b>, damit sich jeder Br\u00e4utigam wohl und stilvoll f\u00fchlt.<\/p>\n<p>\u2702\ufe0f\u00a0Perfekte Passform, speziell f\u00fcr Sie gefertigt.<\/p>\n<p>\ud83d\udc54\u00a0Individuelle Beratung f\u00fcr Ihren einzigartigen Look.<\/p>\n<p>\ud83e\uddf5\u00a0Hochwertige Materialien f\u00fcr ultimativen Komfort.<\/p>\n<p>\ud83c\udfa8\u00a0Stilvoll f\u00fcr jeden Anlass.<\/p>\n<p>\ud83c\udf81\u00a0Freuen Sie sich bei jedem Filialbesuch \u00fcber ein Gratisgeschenk!<\/p>\n","protected":false},"featured_media":6558,"template":"","meta":{"_acf_changed":false},"product_brand":[],"product_cat":[154],"product_tag":[],"class_list":{"0":"post-6613","1":"product","2":"type-product","3":"status-publish","4":"has-post-thumbnail","6":"product_cat-trouwpak-voor-mannen","8":"first","9":"instock","10":"sale","11":"shipping-taxable","12":"purchasable","13":"product-type-simple"},"acf":[],"_links":{"self":[{"href":"https:\/\/www.lomoro.nl\/de\/wp-json\/wp\/v2\/product\/6613","targetHints":{"allow":["GET"]}}],"collection":[{"href":"https:\/\/www.lomoro.nl\/de\/wp-json\/wp\/v2\/product"}],"about":[{"href":"https:\/\/www.lomoro.nl\/de\/wp-json\/wp\/v2\/types\/product"}],"wp:featuredmedia":[{"embeddable":true,"href":"https:\/\/www.lomoro.nl\/de\/wp-json\/wp\/v2\/media\/6558"}],"wp:attachment":[{"href":"https:\/\/www.lomoro.nl\/de\/wp-json\/wp\/v2\/media?parent=6613"}],"wp:term":[{"taxonomy":"product_brand","embeddable":true,"href":"https:\/\/www.lomoro.nl\/de\/wp-json\/wp\/v2\/product_brand?post=6613"},{"taxonomy":"product_cat","embeddable":true,"href":"https:\/\/www.lomoro.nl\/de\/wp-json\/wp\/v2\/product_cat?post=6613"},{"taxonomy":"product_tag","embeddable":true,"href":"https:\/\/www.lomoro.nl\/de\/wp-json\/wp\/v2\/product_tag?post=6613"}],"curies":[{"name":"wp","href":"https:\/\/api.w.org\/{rel}","templated":true}]}}