{"id":6617,"date":"2025-02-08T16:33:42","date_gmt":"2025-02-08T16:33:42","guid":{"rendered":"https:\/\/www.lomoro.nl\/?post_type=product&#038;p=6617"},"modified":"2025-02-10T12:33:49","modified_gmt":"2025-02-10T12:33:49","slug":"zwarte-krijtstreep-trouwpak","status":"publish","type":"product","link":"https:\/\/www.lomoro.nl\/de\/products\/zwarte-krijtstreep-trouwpak\/","title":{"rendered":"Schwarz gestreifter Hochzeitsanzug"},"content":{"rendered":"<p>Ein\u00a0\u00a0<b>Hochzeitsanzug\u00a0<\/b>\u00a0, der Tradition und Moderne vereint. Die\u00a0\u00a0<b>schwarze Farbe mit feinen Streifen\u00a0<\/b>\u00a0bietet einen unverwechselbaren und raffinierten Look. Dieser\u00a0\u00a0<b>3-teilige Anzug<\/b>\u00a0\u00a0, bestehend aus Jacke, Weste und Hose, bietet die perfekte Balance zwischen Stil und Komfort. Die schmale Passform betont die Silhouette und verleiht einen selbstbewussten Look.<\/p>\n<p>Egal, ob Sie zu einer formellen oder klassischen Hochzeit gehen, dieser Anzug l\u00e4sst Sie strahlen. Atmungsaktives und luxuri\u00f6ses Gewebe sorgt den ganzen Tag \u00fcber f\u00fcr optimalen Tragekomfort. Erh\u00e4ltlich in\u00a0\u00a0<b>den kleinen Gr\u00f6\u00dfen 46\u201362\u00a0<\/b>\u00a0und\u00a0\u00a0<b>den gro\u00dfen Gr\u00f6\u00dfen 58\u201372\u00a0<\/b>\u00a0, sodass jeder Br\u00e4utigam die perfekte Passform findet.<\/p>\n<table width=\"608\">\n<tbody>\n<tr>\n<td><b>Funktionalit\u00e4t<\/b><\/td>\n<td><b>Details<\/b><\/td>\n<\/tr>\n<tr>\n<td><b>Material<\/b><\/td>\n<td>Hochwertige Wollmischung<\/td>\n<\/tr>\n<tr>\n<td><b>Farbe<\/b><\/td>\n<td>Schwarz mit feinen Streifen<\/td>\n<\/tr>\n<tr>\n<td><b>Gr\u00f6\u00dfen<\/b><\/td>\n<td>Kleine Gr\u00f6\u00dfen 46-62, gro\u00dfe Gr\u00f6\u00dfen 58-72<\/td>\n<\/tr>\n<tr>\n<td><b>Anpassen<\/b><\/td>\n<td>Schmale Passform f\u00fcr einen modernen Look<\/td>\n<\/tr>\n<tr>\n<td><b>Stil<\/b><\/td>\n<td>Hochzeit, formell, gesch\u00e4ftlich<\/td>\n<\/tr>\n<tr>\n<td><b>Interview<\/b><\/td>\n<td>Chemische Reinigung empfohlen<\/td>\n<\/tr>\n<\/tbody>\n<\/table>\n","protected":false},"excerpt":{"rendered":"<p>Dieser elegante\u00a0\u00a0<b>schwarz gestreifte Hochzeitsanzug\u00a0<\/b>\u00a0strahlt pure Klasse und Raffinesse aus. Das klassische Streifendesign sorgt f\u00fcr einen zeitlosen und eleganten Look.<\/p>\n<p>Hergestellt aus hochwertigen Stoffen mit bequemer Passform. Erh\u00e4ltlich in\u00a0\u00a0<b>den kleinen Gr\u00f6\u00dfen 46\u201362<\/b>\u00a0\u00a0und\u00a0\u00a0<b>den gro\u00dfen Gr\u00f6\u00dfen 58\u201372\u00a0<\/b>\u00a0, perfekt f\u00fcr jeden Br\u00e4utigam.<\/p>\n<p>\u2702\ufe0f\u00a0Perfekte Passform, speziell f\u00fcr Sie gefertigt.<\/p>\n<p>\ud83d\udc54\u00a0Pers\u00f6nliche Beratung f\u00fcr Ihren einzigartigen Look.<\/p>\n<p>\ud83e\uddf5\u00a0Hochwertige Materialien f\u00fcr ultimativen Komfort.<\/p>\n<p>\ud83c\udfa8\u00a0Elegant f\u00fcr alle Anl\u00e4sse.<\/p>\n<p>\ud83c\udf81\u00a0Erhalten Sie bei jedem Store-Besuch ein Gratisgeschenk!<\/p>\n","protected":false},"featured_media":6517,"template":"","meta":{"_acf_changed":false},"product_brand":[],"product_cat":[154],"product_tag":[],"class_list":{"0":"post-6617","1":"product","2":"type-product","3":"status-publish","4":"has-post-thumbnail","6":"product_cat-trouwpak-voor-mannen","8":"first","9":"instock","10":"sale","11":"shipping-taxable","12":"purchasable","13":"product-type-simple"},"acf":[],"_links":{"self":[{"href":"https:\/\/www.lomoro.nl\/de\/wp-json\/wp\/v2\/product\/6617","targetHints":{"allow":["GET"]}}],"collection":[{"href":"https:\/\/www.lomoro.nl\/de\/wp-json\/wp\/v2\/product"}],"about":[{"href":"https:\/\/www.lomoro.nl\/de\/wp-json\/wp\/v2\/types\/product"}],"wp:featuredmedia":[{"embeddable":true,"href":"https:\/\/www.lomoro.nl\/de\/wp-json\/wp\/v2\/media\/6517"}],"wp:attachment":[{"href":"https:\/\/www.lomoro.nl\/de\/wp-json\/wp\/v2\/media?parent=6617"}],"wp:term":[{"taxonomy":"product_brand","embeddable":true,"href":"https:\/\/www.lomoro.nl\/de\/wp-json\/wp\/v2\/product_brand?post=6617"},{"taxonomy":"product_cat","embeddable":true,"href":"https:\/\/www.lomoro.nl\/de\/wp-json\/wp\/v2\/product_cat?post=6617"},{"taxonomy":"product_tag","embeddable":true,"href":"https:\/\/www.lomoro.nl\/de\/wp-json\/wp\/v2\/product_tag?post=6617"}],"curies":[{"name":"wp","href":"https:\/\/api.w.org\/{rel}","templated":true}]}}