{"id":5512,"date":"2024-12-21T10:02:55","date_gmt":"2024-12-21T10:02:55","guid":{"rendered":"https:\/\/lomoro.nl\/?page_id=5512"},"modified":"2025-01-17T05:03:09","modified_gmt":"2025-01-17T05:03:09","slug":"privacy-policy","status":"publish","type":"page","link":"https:\/\/www.lomoro.nl\/fr\/privacy-policy\/","title":{"rendered":"politique de confidentialit\u00e9"},"content":{"rendered":"\t\t<div data-elementor-type=\"wp-page\" data-elementor-id=\"5512\" class=\"elementor elementor-5512 elementor-5452\" data-elementor-post-type=\"page\">\n\t\t\t\t<div class=\"elementor-element elementor-element-39ac4ec e-flex e-con-boxed e-con e-parent\" data-id=\"39ac4ec\" data-element_type=\"container\" data-e-type=\"container\" data-settings=\"{&quot;background_background&quot;:&quot;classic&quot;}\">\n\t\t\t\t\t<div class=\"e-con-inner\">\n\t\t\t\t<div class=\"elementor-element elementor-element-1b2e86a elementor-widget elementor-widget-heading\" data-id=\"1b2e86a\" data-element_type=\"widget\" data-e-type=\"widget\" data-widget_type=\"heading.default\">\n\t\t\t\t<div class=\"elementor-widget-container\">\n\t\t\t\t\t<h2 class=\"elementor-heading-title elementor-size-default\">Politique de confidentialit\u00e9<\/h2>\t\t\t\t<\/div>\n\t\t\t\t<\/div>\n\t\t\t\t\t<\/div>\n\t\t\t\t<\/div>\n\t\t<div class=\"elementor-element elementor-element-4bf1899 e-flex e-con-boxed e-con e-parent\" data-id=\"4bf1899\" data-element_type=\"container\" data-e-type=\"container\">\n\t\t\t\t\t<div class=\"e-con-inner\">\n\t\t\t\t<div class=\"elementor-element elementor-element-1926c14 elementor-widget elementor-widget-text-editor\" data-id=\"1926c14\" data-element_type=\"widget\" data-e-type=\"widget\" data-widget_type=\"text-editor.default\">\n\t\t\t\t<div class=\"elementor-widget-container\">\n\t\t\t\t\t\t\t\t\t<p><strong><span>Politiques<\/span><\/strong><br \/><br \/><strong><span>Politique client<\/span><\/strong><br \/><br \/><strong><span>Introduction<\/span><\/strong><br \/><span>Bienvenue chez LOMORO Nous nous sp\u00e9cialisons dans la fourniture de costumes sur mesure de haute qualit\u00e9, avec des retouches expertes pour assurer un ajustement parfait. Veuillez lire attentivement les politiques suivantes pour garantir une exp\u00e9rience fluide et satisfaisante.<\/span><br \/><br \/><strong><span>Prise de rendez-vous<\/span><\/strong><br \/><span>Afin de fournir une attention personnalis\u00e9e, nous encourageons les clients n\u00e9cessitant des retouches personnalis\u00e9es \u00e0 prendre rendez-vous. Les rendez-vous peuvent \u00eatre r\u00e9serv\u00e9s sur notre site Web, par t\u00e9l\u00e9phone ou en personne dans notre magasin.<\/span><br \/><br \/><strong><span>S\u00e9lection de costumes en magasin<\/span><\/strong><br \/><span>Lorsque vous visitez notre magasin, vous pouvez parcourir notre vaste collection de costumes sur mesure dans une vari\u00e9t\u00e9 de styles, de tissus et de tailles. Nos conseillers sont \u00e0 votre disposition pour vous aider \u00e0 s\u00e9lectionner un costume qui r\u00e9pond \u00e0 vos pr\u00e9f\u00e9rences et \u00e0 vos besoins.<\/span><br \/><br \/><strong><span>Retouches personnalis\u00e9es<\/span><\/strong><br \/><span>Une fois que vous avez s\u00e9lectionn\u00e9 votre costume, notre \u00e9quipe de tailleurs effectuera les retouches n\u00e9cessaires pour assurer un ajustement pr\u00e9cis. Lors de votre rendez-vous, notre tailleur prendra vos mesures et discutera avec vous de toutes les retouches n\u00e9cessaires.<\/span><br \/><br \/><strong><span>Paiement<\/span><\/strong><br \/><span>Une fois votre s\u00e9lection de costume et toutes les retouches effectu\u00e9es, le paiement est requis. Le paiement est d\u00fb en totalit\u00e9 au moment de l&rsquo;achat, y compris le co\u00fbt de tous les services de personnalisation.<\/span><br \/><br \/><strong><span>Essayage et ajustements finaux<\/span><\/strong><br \/><span>Une fois votre costume ajust\u00e9, vous recevrez un message pour planifier un rendez-vous d&rsquo;essayage dans notre magasin. Au cours de cet essayage, des ajustements mineurs suppl\u00e9mentaires seront effectu\u00e9s pour garantir que le costume r\u00e9pond \u00e0 vos attentes.<\/span><br \/><br \/><strong><span>Ramassage et livraison<\/span><\/strong><br \/><span>Les costumes peuvent \u00eatre r\u00e9cup\u00e9r\u00e9s en personne dans notre magasin. Nous n&rsquo;offrons pas de services d&rsquo;exp\u00e9dition pour garantir le plus haut niveau de qualit\u00e9 et d&rsquo;ajustement. Nous vous recommandons de planifier votre rendez-vous de ramassage \u00e0 l&rsquo;avance afin que votre costume soit pr\u00eat \u00e0 \u00eatre r\u00e9cup\u00e9r\u00e9.<\/span><br \/><br \/><strong><span>Politique d&rsquo;annulation et de retour<\/span><\/strong><br \/><span>Chez LOMORO, nous avons une politique d&rsquo;annulation et de retour stricte. Cette politique s&rsquo;applique \u00e0 tous les achats effectu\u00e9s dans notre magasin et sur notre site Web. Nos produits sont fabriqu\u00e9s sur mesure et\/ou fabriqu\u00e9s sp\u00e9cialement pour vous, les annulations et les retours ne sont donc pas possibles. Assurez-vous de bien r\u00e9fl\u00e9chir \u00e0 votre choix.<\/span><br \/><br \/><strong><span>Contactez-nous<\/span><\/strong><br \/><span>Pour toute question ou assistance, veuillez contacter notre \u00e9quipe du service client \u00e0<\/span><br \/><strong><span>CUSTOMERSERVICELOMORO@GMAIL.COM<\/span><\/strong><br \/><span>Merci d&rsquo;avoir choisi LOMORO ! Nous sommes impatients de vous fournir un costume qui vous va parfaitement et qui correspond \u00e0 votre style<\/span><\/p>\t\t\t\t\t\t\t\t<\/div>\n\t\t\t\t<\/div>\n\t\t\t\t\t<\/div>\n\t\t\t\t<\/div>\n\t\t\t\t<\/div>\n\t\t","protected":false},"excerpt":{"rendered":"<p>Politiques Politique client Introduction Bienvenue chez LOMORO Nous nous sp\u00e9cialisons dans la fourniture de costumes sur mesure de haute qualit\u00e9, avec des retouches expertes pour assurer un ajustement parfait. Veuillez lire attentivement les politiques suivantes pour garantir une exp\u00e9rience fluide et satisfaisante. Prise de rendez-vous Afin de fournir une attention personnalis\u00e9e, nous encourageons les clients [&hellip;]<\/p>\n","protected":false},"author":7,"featured_media":0,"parent":0,"menu_order":0,"comment_status":"closed","ping_status":"closed","template":"elementor_header_footer","meta":{"_acf_changed":false,"footnotes":""},"class_list":["post-5512","page","type-page","status-publish","hentry"],"acf":[],"_links":{"self":[{"href":"https:\/\/www.lomoro.nl\/fr\/wp-json\/wp\/v2\/pages\/5512","targetHints":{"allow":["GET"]}}],"collection":[{"href":"https:\/\/www.lomoro.nl\/fr\/wp-json\/wp\/v2\/pages"}],"about":[{"href":"https:\/\/www.lomoro.nl\/fr\/wp-json\/wp\/v2\/types\/page"}],"author":[{"embeddable":true,"href":"https:\/\/www.lomoro.nl\/fr\/wp-json\/wp\/v2\/users\/7"}],"replies":[{"embeddable":true,"href":"https:\/\/www.lomoro.nl\/fr\/wp-json\/wp\/v2\/comments?post=5512"}],"version-history":[{"count":0,"href":"https:\/\/www.lomoro.nl\/fr\/wp-json\/wp\/v2\/pages\/5512\/revisions"}],"wp:attachment":[{"href":"https:\/\/www.lomoro.nl\/fr\/wp-json\/wp\/v2\/media?parent=5512"}],"curies":[{"name":"wp","href":"https:\/\/api.w.org\/{rel}","templated":true}]}}