{"id":5537,"date":"2025-01-15T04:57:36","date_gmt":"2025-01-15T04:57:36","guid":{"rendered":"https:\/\/lomoro.nl\/?page_id=5537"},"modified":"2025-01-17T05:14:03","modified_gmt":"2025-01-17T05:14:03","slug":"refund-policy","status":"publish","type":"page","link":"https:\/\/www.lomoro.nl\/fr\/refund-policy\/","title":{"rendered":"Politique de remboursement et de retour"},"content":{"rendered":"<p>Chez Lomoro, nous nous effor\u00e7ons de fournir des costumes de haute qualit\u00e9 et de garantir votre satisfaction \u00e0 chaque achat. Veuillez lire les directives de retour et d&rsquo;\u00e9change suivantes\u00a0:<\/p>\n<p>Les \u00e9changes sont valables jusqu&rsquo;\u00e0 30 jours apr\u00e8s l&rsquo;achat. Les \u00e9changes ne sont possibles qu&rsquo;en cas de d\u00e9faut de fabrication.<\/p>\n<p>Les retours sont valables jusqu&rsquo;\u00e0 14 jours apr\u00e8s l&rsquo;achat. Les retours ne sont possibles qu&rsquo;en cas de d\u00e9faut de fabrication.<\/p>\n","protected":false},"excerpt":{"rendered":"<p>Chez Lomoro, nous nous effor\u00e7ons de fournir des costumes de haute qualit\u00e9 et de garantir votre satisfaction \u00e0 chaque achat. Veuillez lire les directives de retour et d&rsquo;\u00e9change suivantes\u00a0: Les \u00e9changes sont valables jusqu&rsquo;\u00e0 30 jours apr\u00e8s l&rsquo;achat. Les \u00e9changes ne sont possibles qu&rsquo;en cas de d\u00e9faut de fabrication. Les retours sont valables jusqu&rsquo;\u00e0 14 [&hellip;]<\/p>\n","protected":false},"author":7,"featured_media":0,"parent":0,"menu_order":0,"comment_status":"closed","ping_status":"closed","template":"","meta":{"_acf_changed":false,"footnotes":""},"class_list":["post-5537","page","type-page","status-publish","hentry"],"acf":[],"_links":{"self":[{"href":"https:\/\/www.lomoro.nl\/fr\/wp-json\/wp\/v2\/pages\/5537","targetHints":{"allow":["GET"]}}],"collection":[{"href":"https:\/\/www.lomoro.nl\/fr\/wp-json\/wp\/v2\/pages"}],"about":[{"href":"https:\/\/www.lomoro.nl\/fr\/wp-json\/wp\/v2\/types\/page"}],"author":[{"embeddable":true,"href":"https:\/\/www.lomoro.nl\/fr\/wp-json\/wp\/v2\/users\/7"}],"replies":[{"embeddable":true,"href":"https:\/\/www.lomoro.nl\/fr\/wp-json\/wp\/v2\/comments?post=5537"}],"version-history":[{"count":0,"href":"https:\/\/www.lomoro.nl\/fr\/wp-json\/wp\/v2\/pages\/5537\/revisions"}],"wp:attachment":[{"href":"https:\/\/www.lomoro.nl\/fr\/wp-json\/wp\/v2\/media?parent=5537"}],"curies":[{"name":"wp","href":"https:\/\/api.w.org\/{rel}","templated":true}]}}