{"id":5585,"date":"2024-12-23T13:13:48","date_gmt":"2024-12-23T13:13:48","guid":{"rendered":"https:\/\/lomoro.nl\/?page_id=5585"},"modified":"2025-01-17T05:42:09","modified_gmt":"2025-01-17T05:42:09","slug":"terms-of-service","status":"publish","type":"page","link":"https:\/\/www.lomoro.nl\/fr\/terms-of-service\/","title":{"rendered":"Conditions g\u00e9n\u00e9rales"},"content":{"rendered":"<h2><strong><span>Bienvenue \u00e0 Lomoro !<\/span><\/strong><\/h2>\n<p><span>Veuillez lire attentivement ces conditions g\u00e9n\u00e9rales (\u00ab\u00a0Conditions\u00a0\u00bb) avant d&rsquo;utiliser notre site Web ou d&rsquo;acheter des produits chez nous. En visitant notre site Web ou en achetant des produits chez nous, vous acceptez ces conditions.<\/span><\/p>\n<p><strong><span>1. Acceptation des conditions<\/span><\/strong><br \/>\n<span>En acc\u00e9dant ou en utilisant notre site Web, vous acceptez de vous conformer et d&rsquo;\u00eatre li\u00e9 par ces conditions. Si vous n&rsquo;\u00eates pas d&rsquo;accord avec une partie de ces Conditions, vous ne devez pas acc\u00e9der au site Web ni utiliser nos services.<\/span><\/p>\n<p><strong><span>2. Produits<\/span><\/strong><br \/>\n<span>a. Nous nous effor\u00e7ons d&rsquo;afficher avec pr\u00e9cision les couleurs et les sp\u00e9cifications de nos produits sur notre site Web. Cependant, nous ne pouvons pas garantir que l&rsquo;\u00e9cran de votre appareil affichera avec pr\u00e9cision les couleurs de nos produits.<\/span><br \/>\n<span>b. Nous nous r\u00e9servons le droit de limiter les ventes de nos produits \u00e0 toute personne, r\u00e9gion g\u00e9ographique ou juridiction. Nous pouvons exercer ce droit \u00e0 notre seule discr\u00e9tion.<\/span><br \/>\n<span>c. Toutes les descriptions de produits ou les prix des produits sont sujets \u00e0 changement sans pr\u00e9avis, \u00e0 notre seule discr\u00e9tion.<\/span><br \/>\n<span>d. Nous nous r\u00e9servons le droit d&rsquo;interrompre tout produit \u00e0 tout moment. Toute offre pour tout produit faite sur ce site est nulle l\u00e0 o\u00f9 elle est interdite.<\/span><\/p>\n<p><strong><span>3. Prix et paiement<\/span><\/strong><br \/>\n<span>a. Tous les prix affich\u00e9s sur notre site Web sont dans la devise applicable \u00e0 votre emplacement et sont sujets \u00e0 changement sans pr\u00e9avis.<\/span><br \/>\n<span>b. Nous nous r\u00e9servons le droit de refuser toute commande que vous passez chez nous. Nous pouvons limiter ou annuler les quantit\u00e9s par personne, par foyer ou par commande \u00e0 notre seule discr\u00e9tion.<\/span><br \/>\n<span>c. Le paiement de toutes les commandes est d\u00fb au moment de l&rsquo;achat. Nous acceptons diverses m\u00e9thodes de paiement, notamment les cartes de cr\u00e9dit, les cartes de d\u00e9bit et PayPal.<\/span><br \/>\n<span>d. En nous fournissant des informations de paiement, vous d\u00e9clarez et garantissez que vous \u00eates autoris\u00e9 \u00e0 utiliser le mode de paiement fourni.<\/span><\/p>\n<p><strong><span>4. Retours et remboursements<\/span><\/strong><br \/>\n<span>a. Nous voulons que vous soyez enti\u00e8rement satisfait de votre achat. Si, pour une raison quelconque, vous n&rsquo;\u00eates pas satisfait, veuillez consulter notre politique de retour sur notre site Web pour obtenir des informations sur le retour des articles.<\/span><br \/>\n<span>b. Les remboursements seront effectu\u00e9s selon le mode de paiement original utilis\u00e9 pour l&rsquo;achat, d\u00e8s r\u00e9ception et inspection des articles retourn\u00e9s.<\/span><\/p>\n<p><strong><span>5. Propri\u00e9t\u00e9 intellectuelle<\/span><\/strong><br \/>\n<span>a. Tout le contenu inclus sur notre site Web, tel que les textes, graphiques, logos, images et logiciels, est la propri\u00e9t\u00e9 de Lomoro et est prot\u00e9g\u00e9 par les lois sur le droit d&rsquo;auteur.<\/span><br \/>\n<span>b. Vous ne pouvez pas reproduire, distribuer, afficher ou transmettre tout contenu de ce site Web sans notre autorisation \u00e9crite pr\u00e9alable.<\/span><\/p>\n<p><strong><span>6. Limitation de responsabilit\u00e9<\/span><\/strong><br \/>\n<span>a. En aucun cas Lomoro, ses administrateurs, dirigeants, employ\u00e9s, partenaires, agents, sous-traitants, stagiaires, fournisseurs, prestataires de services ou conc\u00e9dants de licence ne pourront \u00eatre tenus responsables de tout dommage, perte, r\u00e9clamation ou de tout dommage direct, indirect, accidentel. , criminels, sp\u00e9ciaux ou cons\u00e9cutifs de toute nature.<\/span><\/p>\n<p><strong><span>7. Loi applicable<\/span><\/strong><\/p>\n<p><span>a. Les pr\u00e9sentes Conditions seront r\u00e9gies et interpr\u00e9t\u00e9es conform\u00e9ment aux lois de [Votre Pays], sans \u00e9gard \u00e0 ses dispositions en mati\u00e8re de conflits de lois.<\/span><\/p>\n<p><strong><span>8. Modifications des Conditions<\/span><\/strong><br \/>\n<span>a. Nous nous r\u00e9servons le droit, \u00e0 notre seule discr\u00e9tion, de mettre \u00e0 jour, de modifier ou de remplacer toute partie de ces Conditions en publiant des mises \u00e0 jour et des modifications sur notre site Web. Il est de votre responsabilit\u00e9 de consulter p\u00e9riodiquement notre site Web pour conna\u00eetre les changements. Votre utilisation continue ou votre acc\u00e8s \u00e0 notre site Web ou au Service apr\u00e8s la publication de toute modification apport\u00e9e aux pr\u00e9sentes Conditions constitue l&rsquo;acceptation de ces modifications.<\/span><\/p>\n<p><span>En utilisant notre site Web ou en achetant des produits chez nous, vous reconnaissez que vous avez lu, compris et accept\u00e9 d&rsquo;\u00eatre li\u00e9 par ces termes et conditions.<\/span><\/p>\n","protected":false},"excerpt":{"rendered":"<p>Bienvenue \u00e0 Lomoro ! Veuillez lire attentivement ces conditions g\u00e9n\u00e9rales (\u00ab\u00a0Conditions\u00a0\u00bb) avant d&rsquo;utiliser notre site Web ou d&rsquo;acheter des produits chez nous. En visitant notre site Web ou en achetant des produits chez nous, vous acceptez ces conditions. 1. Acceptation des conditions En acc\u00e9dant ou en utilisant notre site Web, vous acceptez de vous conformer [&hellip;]<\/p>\n","protected":false},"author":7,"featured_media":0,"parent":0,"menu_order":0,"comment_status":"closed","ping_status":"closed","template":"","meta":{"_acf_changed":false,"footnotes":""},"class_list":["post-5585","page","type-page","status-publish","hentry"],"acf":[],"_links":{"self":[{"href":"https:\/\/www.lomoro.nl\/fr\/wp-json\/wp\/v2\/pages\/5585","targetHints":{"allow":["GET"]}}],"collection":[{"href":"https:\/\/www.lomoro.nl\/fr\/wp-json\/wp\/v2\/pages"}],"about":[{"href":"https:\/\/www.lomoro.nl\/fr\/wp-json\/wp\/v2\/types\/page"}],"author":[{"embeddable":true,"href":"https:\/\/www.lomoro.nl\/fr\/wp-json\/wp\/v2\/users\/7"}],"replies":[{"embeddable":true,"href":"https:\/\/www.lomoro.nl\/fr\/wp-json\/wp\/v2\/comments?post=5585"}],"version-history":[{"count":0,"href":"https:\/\/www.lomoro.nl\/fr\/wp-json\/wp\/v2\/pages\/5585\/revisions"}],"wp:attachment":[{"href":"https:\/\/www.lomoro.nl\/fr\/wp-json\/wp\/v2\/media?parent=5585"}],"curies":[{"name":"wp","href":"https:\/\/api.w.org\/{rel}","templated":true}]}}