{"id":10575,"date":"2025-07-24T09:23:11","date_gmt":"2025-07-24T09:23:11","guid":{"rendered":"https:\/\/www.lomoro.nl\/?post_type=product&#038;p=10575"},"modified":"2025-07-25T12:47:59","modified_gmt":"2025-07-25T12:47:59","slug":"costumes-de-mariage-vintage-baron","status":"publish","type":"product","link":"https:\/\/www.lomoro.nl\/fr\/products\/costumes-de-mariage-vintage-baron\/","title":{"rendered":"Costumes de mariage vintage Baron"},"content":{"rendered":"<p><span dir=\"auto\">Le\u00a0<\/span><b><span dir=\"auto\">costume de mariage Vintage Baron\u00a0<\/span><\/b><span dir=\"auto\">de Lomoro est con\u00e7u pour le mari\u00e9 qui ma\u00eetrise le pouvoir de l&rsquo;\u00e9l\u00e9gance subtile. Avec sa structure richement superpos\u00e9e et sa couleur douce qui respire \u00e0 la fois la tranquillit\u00e9 et l&rsquo;\u00e9l\u00e9gance, ce costume est le choix id\u00e9al pour les mariages classiques et rustiques.<\/span><\/p>\n<p><span dir=\"auto\">Le gilet crois\u00e9 \u00e0 boutons en bois et le motif saisissant de la cravate et de la pochette cr\u00e9ent une allure vintage, tandis que la silhouette et les finitions modernes cr\u00e9ent un look contemporain. Que vous organisiez un mariage champ\u00eatre ou une c\u00e9r\u00e9monie \u00e9l\u00e9gante en int\u00e9rieur, ce costume vous fera briller par sa sobri\u00e9t\u00e9.<\/span><\/p>\n<table>\n<tbody>\n<tr>\n<td><b><span dir=\"auto\">Fonctionnalit\u00e9<\/span><\/b><\/td>\n<td><b><span dir=\"auto\">D\u00e9tails<\/span><\/b><\/td>\n<\/tr>\n<tr>\n<td><b><span dir=\"auto\">Mat\u00e9riel<\/span><\/b><\/td>\n<td><span dir=\"auto\">M\u00e9lange de laine de haute qualit\u00e9 avec texture<\/span><\/td>\n<\/tr>\n<tr>\n<td><b><span dir=\"auto\">Couleur<\/span><\/b><\/td>\n<td><span dir=\"auto\">Beige vintage \/ Zandbruin<\/span><\/td>\n<\/tr>\n<tr>\n<td><b><span dir=\"auto\">Tailles disponibles<\/span><\/b><\/td>\n<td><span dir=\"auto\">46 \u2013 62 (tailles personnalis\u00e9es disponibles)<\/span><\/td>\n<\/tr>\n<tr>\n<td><b><span dir=\"auto\">Ajuster<\/span><\/b><\/td>\n<td><span dir=\"auto\">Coupe ajust\u00e9e \u2013 \u00e9galement disponible en tailles enti\u00e8rement personnalis\u00e9es<\/span><\/td>\n<\/tr>\n<tr>\n<td><b><span dir=\"auto\">Style<\/span><\/b><\/td>\n<td><span dir=\"auto\">Inspir\u00e9 du vintage avec des \u00e9l\u00e9ments modernes<\/span><\/td>\n<\/tr>\n<tr>\n<td><b><span dir=\"auto\">Entretien<\/span><\/b><\/td>\n<td><span dir=\"auto\">Nettoyage \u00e0 sec professionnel recommand\u00e9<\/span><\/td>\n<\/tr>\n<\/tbody>\n<\/table>\n","protected":false},"excerpt":{"rendered":"<p><span dir=\"auto\">Le\u00a0<\/span><b><span dir=\"auto\">costume de mariage Vintage Baron\u00a0<\/span><\/b><span dir=\"auto\">est une ode au style classique et \u00e0 l&rsquo;\u00e9l\u00e9gance aristocratique. Ce costume trois pi\u00e8ces, avec sa douce teinte marron et sa texture raffin\u00e9e, \u00e9voque le charme d&rsquo;antan et l&rsquo;associe au raffinement moderne. Le blazer droit, le gilet crois\u00e9 \u00e0 boutons contrastants et le pantalon assorti cr\u00e9ent une allure intemporelle. Associ\u00e9 \u00e0 une chemise bleu marine fonc\u00e9 et une \u00e9l\u00e9gante cravate \u00e0 motif cachemire, il est le choix id\u00e9al pour un mari\u00e9 \u00e9l\u00e9gant et de caract\u00e8re.<\/span><\/p>\n<p>\u2702\ufe0f\u00a0<b><span dir=\"auto\">Fabriqu\u00e9 sur mesure\u00a0<\/span><\/b><span dir=\"auto\">, avec savoir-faire artisanal<\/span><\/p>\n<p>\ud83d\udc54\u00a0<b><span dir=\"auto\">Des conseils de style personnalis\u00e9s\u00a0<\/span><\/b><span dir=\"auto\">, parfaitement adapt\u00e9s \u00e0 votre personnalit\u00e9<\/span><\/p>\n<p>\ud83e\uddf5\u00a0<b><span dir=\"auto\">Tissus classiques\u00a0<\/span><\/b><span dir=\"auto\">, avec structure et profondeur<\/span><\/p>\n<p>\ud83c\udfa8\u00a0<b><span dir=\"auto\">Flair vintage\u00a0<\/span><\/b><span dir=\"auto\">, avec une finesse moderne<\/span><\/p>\n<p>\ud83c\udf81\u00a0<b><span dir=\"auto\">Cadeau exclusif\u00a0<\/span><\/b><span dir=\"auto\">avec votre visite en magasin !<\/span><\/p>\n","protected":false},"featured_media":10270,"template":"","meta":{"_acf_changed":false},"product_brand":[],"product_cat":[153],"product_tag":[],"class_list":{"0":"post-10575","1":"product","2":"type-product","3":"status-publish","4":"has-post-thumbnail","6":"product_cat-trouwpak-voor-mannen","8":"first","9":"instock","10":"sale","11":"shipping-taxable","12":"purchasable","13":"product-type-simple"},"acf":[],"_links":{"self":[{"href":"https:\/\/www.lomoro.nl\/fr\/wp-json\/wp\/v2\/product\/10575","targetHints":{"allow":["GET"]}}],"collection":[{"href":"https:\/\/www.lomoro.nl\/fr\/wp-json\/wp\/v2\/product"}],"about":[{"href":"https:\/\/www.lomoro.nl\/fr\/wp-json\/wp\/v2\/types\/product"}],"wp:featuredmedia":[{"embeddable":true,"href":"https:\/\/www.lomoro.nl\/fr\/wp-json\/wp\/v2\/media\/10270"}],"wp:attachment":[{"href":"https:\/\/www.lomoro.nl\/fr\/wp-json\/wp\/v2\/media?parent=10575"}],"wp:term":[{"taxonomy":"product_brand","embeddable":true,"href":"https:\/\/www.lomoro.nl\/fr\/wp-json\/wp\/v2\/product_brand?post=10575"},{"taxonomy":"product_cat","embeddable":true,"href":"https:\/\/www.lomoro.nl\/fr\/wp-json\/wp\/v2\/product_cat?post=10575"},{"taxonomy":"product_tag","embeddable":true,"href":"https:\/\/www.lomoro.nl\/fr\/wp-json\/wp\/v2\/product_tag?post=10575"}],"curies":[{"name":"wp","href":"https:\/\/api.w.org\/{rel}","templated":true}]}}