{"id":13004,"date":"2025-09-25T03:53:26","date_gmt":"2025-09-25T03:53:26","guid":{"rendered":"https:\/\/www.lomoro.nl\/products\/costumes-violet-clair\/"},"modified":"2025-11-13T08:31:59","modified_gmt":"2025-11-13T08:31:59","slug":"costumes-violet-clair","status":"publish","type":"product","link":"https:\/\/www.lomoro.nl\/fr\/products\/costumes-violet-clair\/","title":{"rendered":"Costumes violet clair"},"content":{"rendered":"","protected":false},"excerpt":{"rendered":"<p>Costume de luxe sur mesure \u00e0 la coupe parfaite. Ce costume sur mesure est taill\u00e9 \u00e0 votre mesure exacte. Id\u00e9al pour les affaires et les occasions festives.  <\/p>\n","protected":false},"featured_media":13239,"template":"","meta":{"_acf_changed":false},"product_brand":[],"product_cat":[145],"product_tag":[],"class_list":{"0":"post-13004","1":"product","2":"type-product","3":"status-publish","4":"has-post-thumbnail","6":"product_cat-slim-fit-kostuums","8":"first","9":"instock","10":"sale","11":"shipping-taxable","12":"purchasable","13":"product-type-simple"},"acf":[],"_links":{"self":[{"href":"https:\/\/www.lomoro.nl\/fr\/wp-json\/wp\/v2\/product\/13004","targetHints":{"allow":["GET"]}}],"collection":[{"href":"https:\/\/www.lomoro.nl\/fr\/wp-json\/wp\/v2\/product"}],"about":[{"href":"https:\/\/www.lomoro.nl\/fr\/wp-json\/wp\/v2\/types\/product"}],"wp:featuredmedia":[{"embeddable":true,"href":"https:\/\/www.lomoro.nl\/fr\/wp-json\/wp\/v2\/media\/13239"}],"wp:attachment":[{"href":"https:\/\/www.lomoro.nl\/fr\/wp-json\/wp\/v2\/media?parent=13004"}],"wp:term":[{"taxonomy":"product_brand","embeddable":true,"href":"https:\/\/www.lomoro.nl\/fr\/wp-json\/wp\/v2\/product_brand?post=13004"},{"taxonomy":"product_cat","embeddable":true,"href":"https:\/\/www.lomoro.nl\/fr\/wp-json\/wp\/v2\/product_cat?post=13004"},{"taxonomy":"product_tag","embeddable":true,"href":"https:\/\/www.lomoro.nl\/fr\/wp-json\/wp\/v2\/product_tag?post=13004"}],"curies":[{"name":"wp","href":"https:\/\/api.w.org\/{rel}","templated":true}]}}