{"id":13356,"date":"2025-10-10T16:41:31","date_gmt":"2025-10-10T16:41:31","guid":{"rendered":"https:\/\/www.lomoro.nl\/?post_type=product&#038;p=13356"},"modified":"2025-10-11T05:49:08","modified_gmt":"2025-10-11T05:49:08","slug":"costume-de-mariage-couleur-aubergine","status":"publish","type":"product","link":"https:\/\/www.lomoro.nl\/fr\/products\/costume-de-mariage-couleur-aubergine\/","title":{"rendered":"Costume De Mariage Couleur Aubergine"},"content":{"rendered":"","protected":false},"excerpt":{"rendered":"<article class=\"text-token-text-primary w-full focus:outline-none [--shadow-height:45px] has-data-writing-block:pointer-events-none has-data-writing-block:-mt-(--shadow-height) has-data-writing-block:pt-(--shadow-height) [&amp;:has([data-writing-block])&gt;*]:pointer-events-auto [content-visibility:auto] supports-[content-visibility:auto]:[contain-intrinsic-size:auto_100lvh] scroll-mt-[calc(var(--header-height)+min(200px,max(70px,20svh)))]\" dir=\"auto\" tabindex=\"-1\" data-turn-id=\"request-68e9d9f8-3b94-8324-bf1d-c17b66286b87-23\" data-testid=\"conversation-turn-58\" data-scroll-anchor=\"true\" data-turn=\"assistant\">\n<div class=\"text-base my-auto mx-auto pb-10 [--thread-content-margin:--spacing(4)] thread-sm:[--thread-content-margin:--spacing(6)] thread-lg:[--thread-content-margin:--spacing(16)] px-(--thread-content-margin)\">\n<div class=\"[--thread-content-max-width:40rem] thread-lg:[--thread-content-max-width:48rem] mx-auto max-w-(--thread-content-max-width) flex-1 group\/turn-messages focus-visible:outline-hidden relative flex w-full min-w-0 flex-col agent-turn\" tabindex=\"-1\">\n<div class=\"flex max-w-full flex-col grow\">\n<div class=\"min-h-8 text-message relative flex w-full flex-col items-end gap-2 text-start break-words whitespace-normal [.text-message+&amp;]:mt-1\" dir=\"auto\" data-message-author-role=\"assistant\" data-message-id=\"9378fa2c-007e-47a5-a1ce-1f7967242cad\" data-message-model-slug=\"gpt-5-mini\">\n<div class=\"flex w-full flex-col gap-1 empty:hidden first:pt-[1px]\">\n<div class=\"markdown prose dark:prose-invert w-full break-words light markdown-new-styling\">\n<p data-start=\"70\" data-end=\"325\">Faites une impression durable avec ce costume sur mesure couleur aubergine \u2013 un m\u00e9lange parfait de luxe, d\u2019\u00e9l\u00e9gance et de modernit\u00e9. La teinte violette profonde offre un look raffin\u00e9 et unique, id\u00e9al pour des \u00e9v\u00e9nements formels ou des soir\u00e9es \u00e9l\u00e9gantes.<\/p>\n<p data-start=\"327\" data-end=\"351\"><strong data-start=\"327\" data-end=\"349\">Caract\u00e9ristiques :<\/strong><\/p>\n<p data-start=\"353\" data-end=\"600\" data-is-last-node=\"\" data-is-only-node=\"\">Tissu luxueux avec un subtil \u00e9clat pour un look raffin\u00e9.<br data-start=\"409\" data-end=\"412\" \/>Coupe parfaite pour un confort optimal.<br data-start=\"451\" data-end=\"454\" \/>Id\u00e9al pour les mariages, les galas et les occasions professionnelles.<br data-start=\"523\" data-end=\"526\" \/>Associez-le facilement \u00e0 nos accessoires \u00e9l\u00e9gants pour une tenue compl\u00e8te.<\/p>\n<\/div>\n<\/div>\n<\/div>\n<\/div>\n<div class=\"z-0 flex min-h-[46px] justify-start\"><\/div>\n<div class=\"mt-3 w-full empty:hidden\">\n<div class=\"text-center\"><\/div>\n<\/div>\n<\/div>\n<\/div>\n<\/article>\n<div class=\"pointer-events-none h-px w-px\" aria-hidden=\"true\" data-edge=\"true\"><\/div>\n","protected":false},"featured_media":13335,"template":"","meta":{"_acf_changed":false},"product_brand":[],"product_cat":[153],"product_tag":[],"class_list":{"0":"post-13356","1":"product","2":"type-product","3":"status-publish","4":"has-post-thumbnail","6":"product_cat-trouwpak-voor-mannen","8":"first","9":"instock","10":"sale","11":"shipping-taxable","12":"purchasable","13":"product-type-simple"},"acf":[],"_links":{"self":[{"href":"https:\/\/www.lomoro.nl\/fr\/wp-json\/wp\/v2\/product\/13356","targetHints":{"allow":["GET"]}}],"collection":[{"href":"https:\/\/www.lomoro.nl\/fr\/wp-json\/wp\/v2\/product"}],"about":[{"href":"https:\/\/www.lomoro.nl\/fr\/wp-json\/wp\/v2\/types\/product"}],"wp:featuredmedia":[{"embeddable":true,"href":"https:\/\/www.lomoro.nl\/fr\/wp-json\/wp\/v2\/media\/13335"}],"wp:attachment":[{"href":"https:\/\/www.lomoro.nl\/fr\/wp-json\/wp\/v2\/media?parent=13356"}],"wp:term":[{"taxonomy":"product_brand","embeddable":true,"href":"https:\/\/www.lomoro.nl\/fr\/wp-json\/wp\/v2\/product_brand?post=13356"},{"taxonomy":"product_cat","embeddable":true,"href":"https:\/\/www.lomoro.nl\/fr\/wp-json\/wp\/v2\/product_cat?post=13356"},{"taxonomy":"product_tag","embeddable":true,"href":"https:\/\/www.lomoro.nl\/fr\/wp-json\/wp\/v2\/product_tag?post=13356"}],"curies":[{"name":"wp","href":"https:\/\/api.w.org\/{rel}","templated":true}]}}