{"id":13359,"date":"2025-10-10T16:27:02","date_gmt":"2025-10-10T16:27:02","guid":{"rendered":"https:\/\/www.lomoro.nl\/?post_type=product&#038;p=13359"},"modified":"2025-10-11T06:09:42","modified_gmt":"2025-10-11T06:09:42","slug":"costume-de-mariage-de-couleur-creme","status":"publish","type":"product","link":"https:\/\/www.lomoro.nl\/fr\/products\/costume-de-mariage-de-couleur-creme\/","title":{"rendered":"Costume De Mariage De Couleur Cr\u00e8me"},"content":{"rendered":"","protected":false},"excerpt":{"rendered":"<p>D\u00e9couvrez le charme raffin\u00e9 de ce costume homme couleur cr\u00e8me : un choix \u00e9l\u00e9gant pour ceux qui recherchent \u00e9l\u00e9gance et modernit\u00e9. Parfait pour les mariages d&rsquo;\u00e9t\u00e9, les occasions formelles ou les d\u00eeners chics dans des villes comme Amsterdam, Rotterdam ou Breda.<\/p>\n<p><strong>Caract\u00e9ristiques principales :<\/strong><\/p>\n<p>Couleur cr\u00e8me : intemporel et raffin\u00e9<\/p>\n<p>Moderne, \u00e9l\u00e9gant et parfaitement ajust\u00e9<\/p>\n<p>Mariages, galas et \u00e9v\u00e9nements formels<\/p>\n<p>Confortable gr\u00e2ce \u00e0 sa coupe moderne et \u00e9pur\u00e9e<\/p>\n","protected":false},"featured_media":13328,"template":"","meta":{"_acf_changed":false},"product_brand":[],"product_cat":[153],"product_tag":[],"class_list":{"0":"post-13359","1":"product","2":"type-product","3":"status-publish","4":"has-post-thumbnail","6":"product_cat-trouwpak-voor-mannen","8":"first","9":"instock","10":"sale","11":"shipping-taxable","12":"purchasable","13":"product-type-simple"},"acf":[],"_links":{"self":[{"href":"https:\/\/www.lomoro.nl\/fr\/wp-json\/wp\/v2\/product\/13359","targetHints":{"allow":["GET"]}}],"collection":[{"href":"https:\/\/www.lomoro.nl\/fr\/wp-json\/wp\/v2\/product"}],"about":[{"href":"https:\/\/www.lomoro.nl\/fr\/wp-json\/wp\/v2\/types\/product"}],"wp:featuredmedia":[{"embeddable":true,"href":"https:\/\/www.lomoro.nl\/fr\/wp-json\/wp\/v2\/media\/13328"}],"wp:attachment":[{"href":"https:\/\/www.lomoro.nl\/fr\/wp-json\/wp\/v2\/media?parent=13359"}],"wp:term":[{"taxonomy":"product_brand","embeddable":true,"href":"https:\/\/www.lomoro.nl\/fr\/wp-json\/wp\/v2\/product_brand?post=13359"},{"taxonomy":"product_cat","embeddable":true,"href":"https:\/\/www.lomoro.nl\/fr\/wp-json\/wp\/v2\/product_cat?post=13359"},{"taxonomy":"product_tag","embeddable":true,"href":"https:\/\/www.lomoro.nl\/fr\/wp-json\/wp\/v2\/product_tag?post=13359"}],"curies":[{"name":"wp","href":"https:\/\/api.w.org\/{rel}","templated":true}]}}