{"id":3923,"date":"2024-12-20T17:59:16","date_gmt":"2024-12-20T17:59:16","guid":{"rendered":"https:\/\/lomoro.nl\/products\/costume-croise-a-motif-vert\/"},"modified":"2025-01-03T11:16:39","modified_gmt":"2025-01-03T11:16:39","slug":"double-breasted-pak-9","status":"publish","type":"product","link":"https:\/\/www.lomoro.nl\/fr\/products\/double-breasted-pak-9\/","title":{"rendered":"Costume crois\u00e9 \u00e0 motif vert"},"content":{"rendered":"<p><span style=\"font-weight: 400;\">Le<\/span><b> costume crois\u00e9 \u00e0 motif vert<\/b><span style=\"font-weight: 400;\"> est un chef-d&rsquo;\u0153uvre de style et d&rsquo;artisanat, id\u00e9al pour ceux qui recherchent quelque chose d&rsquo;extraordinaire. La teinte verte avec un motif subtil fait de ce costume un accroche-regard, adapt\u00e9 aussi bien aux occasions formelles que semi-formelles. Gr\u00e2ce au m\u00e9lange de laine de haute qualit\u00e9, la combinaison reste confortable m\u00eame apr\u00e8s des heures de port. <\/span><span style=\"font-weight: 400;\">Cet ensemble trois pi\u00e8ces se compose d&rsquo;un blazer crois\u00e9, d&rsquo;un gilet \u00e9l\u00e9gant et d&rsquo;un pantalon parfaitement assorti. La coupe moderne et la taille r\u00e9glable du pantalon assurent un ajustement ajust\u00e9 et personnalis\u00e9. Ce costume est l&rsquo;\u00e9quilibre parfait entre tradition et design contemporain, id\u00e9al pour ceux qui veulent laisser une impression durable. <\/span><\/p>\n<p>&nbsp;<\/p>\n<table>\n<tbody>\n<tr>\n<td>Fonctionnalit\u00e9<\/td>\n<td>D\u00e9tails<\/td>\n<\/tr>\n<tr>\n<td>Mat\u00e9riel<\/td>\n<td>M\u00e9lange de laine de luxe<\/td>\n<\/tr>\n<tr>\n<td><b>Couleur<\/b><\/td>\n<td>Vert<\/td>\n<\/tr>\n<tr>\n<td>Tailles disponibles<\/td>\n<td>Jusqu&rsquo;\u00e0 la taille 72<\/td>\n<\/tr>\n<tr>\n<td>Ajuster<\/td>\n<td>Coupe ajust\u00e9e<\/td>\n<\/tr>\n<tr>\n<td>Instructions de lavage<\/td>\n<td>Nettoyage chimique professionnel<\/td>\n<\/tr>\n<\/tbody>\n<\/table>\n","protected":false},"excerpt":{"rendered":"<p><span style=\"font-weight: 400;\">Le<\/span><b> costume crois\u00e9 \u00e0 motif vert<\/b><span style=\"font-weight: 400;\"> combine une couleur verte unique avec un motif raffin\u00e9 pour un look distinctif. Ce design \u00e9l\u00e9gant est parfait pour les \u00e9v\u00e9nements formels, les f\u00eates \u00e9l\u00e9gantes et les r\u00e9unions d&rsquo;affaires. <\/span><\/p>\n<p><span style=\"font-weight: 400;\">Avec sa finition luxueuse et son tissu respirant, cette combinaison offre non seulement du style mais aussi du confort. Le blazer \u00e0 double boutonnage respire la confiance, tandis que la coupe parfaite assure une silhouette flatteuse. <\/span><\/p>\n<p><span style=\"font-weight: 400;\">\u2702\ufe0f Ajustement parfait, fait sp\u00e9cialement pour vous.<\/span><\/p>\n<p><span style=\"font-weight: 400;\">Des conseils personnalis\u00e9s pour votre look unique.<\/span><\/p>\n<p><span style=\"font-weight: 400;\">Des mat\u00e9riaux de haute qualit\u00e9 pour un confort ultime.<\/span><\/p>\n<p><span style=\"font-weight: 400;\">\u00c9l\u00e9gant pour chaque occasion.<\/span><\/p>\n<p><span style=\"font-weight: 400;\">Profitez d&rsquo;un cadeau gratuit \u00e0 chaque visite en magasin !<\/span><\/p>\n","protected":false},"featured_media":6388,"template":"","meta":{"_acf_changed":false},"product_brand":[],"product_cat":[116],"product_tag":[],"class_list":{"0":"post-3923","1":"product","2":"type-product","3":"status-publish","4":"has-post-thumbnail","6":"product_cat-double-breasted-kostuums","8":"first","9":"instock","10":"sale","11":"shipping-taxable","12":"purchasable","13":"product-type-simple"},"acf":[],"_links":{"self":[{"href":"https:\/\/www.lomoro.nl\/fr\/wp-json\/wp\/v2\/product\/3923","targetHints":{"allow":["GET"]}}],"collection":[{"href":"https:\/\/www.lomoro.nl\/fr\/wp-json\/wp\/v2\/product"}],"about":[{"href":"https:\/\/www.lomoro.nl\/fr\/wp-json\/wp\/v2\/types\/product"}],"wp:featuredmedia":[{"embeddable":true,"href":"https:\/\/www.lomoro.nl\/fr\/wp-json\/wp\/v2\/media\/6388"}],"wp:attachment":[{"href":"https:\/\/www.lomoro.nl\/fr\/wp-json\/wp\/v2\/media?parent=3923"}],"wp:term":[{"taxonomy":"product_brand","embeddable":true,"href":"https:\/\/www.lomoro.nl\/fr\/wp-json\/wp\/v2\/product_brand?post=3923"},{"taxonomy":"product_cat","embeddable":true,"href":"https:\/\/www.lomoro.nl\/fr\/wp-json\/wp\/v2\/product_cat?post=3923"},{"taxonomy":"product_tag","embeddable":true,"href":"https:\/\/www.lomoro.nl\/fr\/wp-json\/wp\/v2\/product_tag?post=3923"}],"curies":[{"name":"wp","href":"https:\/\/api.w.org\/{rel}","templated":true}]}}