{"id":3924,"date":"2024-12-07T10:28:26","date_gmt":"2024-12-07T10:28:26","guid":{"rendered":"https:\/\/lomoro.nl\/products\/veste-trois-pieces-homme\/"},"modified":"2025-01-04T11:27:31","modified_gmt":"2025-01-04T11:27:31","slug":"3-delig-pak-7","status":"publish","type":"product","link":"https:\/\/www.lomoro.nl\/fr\/products\/3-delig-pak-7\/","title":{"rendered":"Veste trois pi\u00e8ces homme"},"content":{"rendered":"<section id=\"shopify-section-template--23762923880771__rich_text_kx9yLB\" class=\"shopify-section section\">\n<div class=\"isolate\">\n<div class=\"rich-text content-container color-scheme-1 gradient rich-text--full-width content-container--full-width section-template--23762923880771__rich_text_kx9yLB-padding\">\n<div class=\"rich-text__wrapper rich-text__wrapper--left page-width\">\n<div class=\"rich-text__blocks left\">\n<div class=\"rich-text__text rte scroll-trigger animate--slide-in\" data-cascade=\"\">\n<p><span style=\"font-weight: 400;\">Entrez dans le monde raffin\u00e9 de l&rsquo;\u00e9l\u00e9gance avec notre costume<\/span> <b>3 pi\u00e8ces veste homme<\/b><span style=\"font-weight: 400;\">. Speciaal ontworpen voor de moderne man, biedt dit pak een tijdloze en stijlvolle uitstraling. Gemaakt van premium kwaliteit stoffen, garandeert het zowel comfort als duurzaamheid. Het slim fit ontwerp accentueert uw lichaamsvorm, terwijl u de hele dag comfortabel blijft. Of u nu een bruiloft, professionele vergadering of casual bijeenkomst bijwoont, dit colbert voegt een vleugje elegantie toe aan uw algehele look. Kies uit een verscheidenheid aan kleuren en maten om de perfecte pasvorm te vinden. <\/span><\/p>\n<\/div>\n<table>\n<tbody>\n<tr>\n<td><b>Fonctionnalit\u00e9<\/b><\/td>\n<td>D\u00e9tails<\/td>\n<\/tr>\n<tr>\n<td>Mat\u00e9riel<\/td>\n<td>Tissus de qualit\u00e9 sup\u00e9rieure<\/td>\n<\/tr>\n<tr>\n<td><b>Couleur<\/b><\/td>\n<td>L\u00e9gume<\/td>\n<\/tr>\n<tr>\n<td><b>Tailles disponibles<\/b><\/td>\n<td><span style=\"font-weight: 400;\">Jusqu&rsquo;\u00e0 la taille 72<\/span><\/td>\n<\/tr>\n<tr>\n<td><b>Ajuster<\/b><\/td>\n<td><span style=\"font-weight: 400;\">Conception ajust\u00e9e<\/span><\/td>\n<\/tr>\n<tr>\n<td><b>Style<\/b><\/td>\n<td><span style=\"font-weight: 400;\">Classique avec des accents modernes<\/span><\/td>\n<\/tr>\n<tr>\n<td><b>Entretien<\/b><\/td>\n<td>Nettoyage professionnel recommand\u00e9<\/td>\n<\/tr>\n<\/tbody>\n<\/table>\n<\/div>\n<\/div>\n<\/div>\n<\/div>\n<\/section>\n","protected":false},"excerpt":{"rendered":"<div class=\"product__tax caption rte\">\n<p><span style=\"font-weight: 400;\">Le<\/span> <b>costume homme veste 3 pi\u00e8ces<\/b><span style=\"font-weight: 400;\"> est le choix parfait pour l&rsquo;homme moderne qui recherche un look intemporel et \u00e9l\u00e9gant. Ce costume sur mesure allie confort et \u00e9l\u00e9gance, ce qui le rend adapt\u00e9 \u00e0 diverses occasions formelles. <\/span><\/p>\n<p><span style=\"font-weight: 400;\">Le costume 3 pi\u00e8ces Lomoro est un ensemble sur mesure compos\u00e9 d&rsquo;une veste \u00e9l\u00e9gante, d&rsquo;un gilet assorti et d&rsquo;un pantalon classique, tous con\u00e7us pour se compl\u00e9ter parfaitement. Fabriqu\u00e9 \u00e0 partir de tissu de haute qualit\u00e9, ce costume offre \u00e0 la fois confort et durabilit\u00e9, ce qui en fait un excellent choix pour les \u00e9v\u00e9nements formels ou les occasions sp\u00e9ciales. <\/span><\/p>\n<p><span style=\"font-weight: 400;\">\u2702\ufe0f Ajustement parfait, fait sp\u00e9cialement pour vous.<\/span><\/p>\n<p><span style=\"font-weight: 400;\">Des conseils personnalis\u00e9s pour votre look unique.<\/span><\/p>\n<p><span style=\"font-weight: 400;\">Des mat\u00e9riaux de haute qualit\u00e9 pour un confort ultime.<\/span><\/p>\n<p><span style=\"font-weight: 400;\">\u00c9l\u00e9gant pour chaque occasion.<\/span><\/p>\n<p><span style=\"font-weight: 400;\">Profitez d&rsquo;un cadeau gratuit \u00e0 chaque visite en magasin !<\/span><\/p>\n<\/div>\n","protected":false},"featured_media":1758,"template":"","meta":{"_acf_changed":false},"product_brand":[],"product_cat":[113],"product_tag":[],"class_list":{"0":"post-3924","1":"product","2":"type-product","3":"status-publish","4":"has-post-thumbnail","6":"product_cat-3-delig-kostuums","8":"first","9":"instock","10":"sale","11":"shipping-taxable","12":"purchasable","13":"product-type-simple"},"acf":[],"_links":{"self":[{"href":"https:\/\/www.lomoro.nl\/fr\/wp-json\/wp\/v2\/product\/3924","targetHints":{"allow":["GET"]}}],"collection":[{"href":"https:\/\/www.lomoro.nl\/fr\/wp-json\/wp\/v2\/product"}],"about":[{"href":"https:\/\/www.lomoro.nl\/fr\/wp-json\/wp\/v2\/types\/product"}],"wp:featuredmedia":[{"embeddable":true,"href":"https:\/\/www.lomoro.nl\/fr\/wp-json\/wp\/v2\/media\/1758"}],"wp:attachment":[{"href":"https:\/\/www.lomoro.nl\/fr\/wp-json\/wp\/v2\/media?parent=3924"}],"wp:term":[{"taxonomy":"product_brand","embeddable":true,"href":"https:\/\/www.lomoro.nl\/fr\/wp-json\/wp\/v2\/product_brand?post=3924"},{"taxonomy":"product_cat","embeddable":true,"href":"https:\/\/www.lomoro.nl\/fr\/wp-json\/wp\/v2\/product_cat?post=3924"},{"taxonomy":"product_tag","embeddable":true,"href":"https:\/\/www.lomoro.nl\/fr\/wp-json\/wp\/v2\/product_tag?post=3924"}],"curies":[{"name":"wp","href":"https:\/\/api.w.org\/{rel}","templated":true}]}}