{"id":3927,"date":"2024-12-13T09:52:02","date_gmt":"2024-12-13T09:52:02","guid":{"rendered":"https:\/\/lomoro.nl\/products\/costume-croise-noir\/"},"modified":"2025-01-03T11:35:32","modified_gmt":"2025-01-03T11:35:32","slug":"double-breasted-pak-5","status":"publish","type":"product","link":"https:\/\/www.lomoro.nl\/fr\/products\/double-breasted-pak-5\/","title":{"rendered":"Costume crois\u00e9 Noir"},"content":{"rendered":"<p><span style=\"font-weight: 400;\">Le<\/span> <b>costume crois\u00e9 noir<\/b><span style=\"font-weight: 400;\"> offre la combinaison parfaite de classique et de moderne. La fermeture \u00e0 double bouton donne un look raffin\u00e9, tandis que la couleur noire profonde apporte une \u00e9l\u00e9gance intemporelle. Ce costume a \u00e9t\u00e9 con\u00e7u avec pr\u00e9cision et attention aux d\u00e9tails, ce qui le rend id\u00e9al pour les occasions formelles telles que les galas, les mariages et les r\u00e9unions d&rsquo;affaires. La coupe slim \u00e9pouse les contours de votre corps et offre \u00e0 la fois confort et style. <\/span><\/p>\n<p><span style=\"font-weight: 400;\">Avec son tissu respirant et r\u00e9sistant, le<\/span><b> Costume Crois\u00e9 Noir<\/b><span style=\"font-weight: 400;\"> adapt\u00e9 pour un port \u00e0 long terme. Les mat\u00e9riaux et le savoir-faire de haute qualit\u00e9 lui conf\u00e8rent un look luxueux, tandis que son design polyvalent vous donne la libert\u00e9 de le styliser de diff\u00e9rentes mani\u00e8res. Choisissez ce costume si vous souhaitez vous d\u00e9marquer avec un look classique mais moderne. <\/span><\/p>\n<p>&nbsp;<\/p>\n<table>\n<tbody>\n<tr>\n<td>Fonctionnalit\u00e9<\/td>\n<td>D\u00e9tails<\/td>\n<\/tr>\n<tr>\n<td>Mat\u00e9riel<\/td>\n<td>M\u00e9lange de laine luxueux et respirant<\/td>\n<\/tr>\n<tr>\n<td>Couleur<\/td>\n<td>Noir<\/td>\n<\/tr>\n<tr>\n<td><b>Tailles disponibles<\/b><\/td>\n<td>Petites tailles 46-62 \/ Grandes tailles 58-72<\/td>\n<\/tr>\n<tr>\n<td>Ajuster<\/td>\n<td>Coupe ajust\u00e9e<\/td>\n<\/tr>\n<tr>\n<td><b>Wasinstructies<\/b><\/td>\n<td><span style=\"font-weight: 400;\">Chemisch reinigen aanbevolen<\/span><\/td>\n<\/tr>\n<\/tbody>\n<\/table>\n","protected":false},"excerpt":{"rendered":"<p><span style=\"font-weight: 400;\">Le<\/span> <b>costume crois\u00e9 noir<\/b><span style=\"font-weight: 400;\"> est un chef-d&rsquo;\u0153uvre intemporel, con\u00e7u pour les hommes qui appr\u00e9cient l&rsquo;\u00e9l\u00e9gance et le raffinement. Avec une fermeture classique \u00e0 double bouton et une coupe ajust\u00e9e, ce costume respire le professionnalisme et le style. Parfait pour les \u00e9v\u00e9nements formels et les occasions professionnelles. <\/span><\/p>\n<p><span style=\"font-weight: 400;\">Ce costume combine des mat\u00e9riaux de haute qualit\u00e9 avec un design moderne. La couleur noir profond offre un look polyvalent qui convient \u00e0 toutes les occasions, des galas aux mariages. Sentez-vous confiant et \u00e9l\u00e9gant dans ce costume crois\u00e9 noir classique. <\/span><\/p>\n<p><span style=\"font-weight: 400;\">\u2702\ufe0f Ajustement parfait, fait sp\u00e9cialement pour vous.<\/span><\/p>\n<p><span style=\"font-weight: 400;\">Des conseils personnalis\u00e9s pour votre look unique.<\/span><\/p>\n<p><span style=\"font-weight: 400;\">Des mat\u00e9riaux de haute qualit\u00e9 pour un confort ultime.<\/span><\/p>\n<p><span style=\"font-weight: 400;\">\u00c9l\u00e9gant pour chaque occasion.<\/span><\/p>\n<p><span style=\"font-weight: 400;\">Profitez d&rsquo;un cadeau gratuit \u00e0 chaque visite en magasin !<\/span><\/p>\n","protected":false},"featured_media":2184,"template":"","meta":{"_acf_changed":false},"product_brand":[],"product_cat":[116],"product_tag":[],"class_list":{"0":"post-3927","1":"product","2":"type-product","3":"status-publish","4":"has-post-thumbnail","6":"product_cat-double-breasted-kostuums","8":"first","9":"instock","10":"sale","11":"shipping-taxable","12":"purchasable","13":"product-type-simple"},"acf":[],"_links":{"self":[{"href":"https:\/\/www.lomoro.nl\/fr\/wp-json\/wp\/v2\/product\/3927","targetHints":{"allow":["GET"]}}],"collection":[{"href":"https:\/\/www.lomoro.nl\/fr\/wp-json\/wp\/v2\/product"}],"about":[{"href":"https:\/\/www.lomoro.nl\/fr\/wp-json\/wp\/v2\/types\/product"}],"wp:featuredmedia":[{"embeddable":true,"href":"https:\/\/www.lomoro.nl\/fr\/wp-json\/wp\/v2\/media\/2184"}],"wp:attachment":[{"href":"https:\/\/www.lomoro.nl\/fr\/wp-json\/wp\/v2\/media?parent=3927"}],"wp:term":[{"taxonomy":"product_brand","embeddable":true,"href":"https:\/\/www.lomoro.nl\/fr\/wp-json\/wp\/v2\/product_brand?post=3927"},{"taxonomy":"product_cat","embeddable":true,"href":"https:\/\/www.lomoro.nl\/fr\/wp-json\/wp\/v2\/product_cat?post=3927"},{"taxonomy":"product_tag","embeddable":true,"href":"https:\/\/www.lomoro.nl\/fr\/wp-json\/wp\/v2\/product_tag?post=3927"}],"curies":[{"name":"wp","href":"https:\/\/api.w.org\/{rel}","templated":true}]}}