{"id":3928,"date":"2024-12-13T09:48:47","date_gmt":"2024-12-13T09:48:47","guid":{"rendered":"https:\/\/lomoro.nl\/products\/costume-croise-bleu-profond\/"},"modified":"2025-01-03T11:51:56","modified_gmt":"2025-01-03T11:51:56","slug":"double-breasted-pak-4","status":"publish","type":"product","link":"https:\/\/www.lomoro.nl\/fr\/products\/double-breasted-pak-4\/","title":{"rendered":"Costume crois\u00e9 bleu profond"},"content":{"rendered":"<p><span style=\"font-weight: 400;\">Le<\/span><b> costume crois\u00e9 bleu profond<\/b><span style=\"font-weight: 400;\"> combine l&rsquo;artisanat classique avec une touche moderne. La fermeture \u00e0 double bouton offre un look \u00e9l\u00e9gant et formel qui fera sensation en toute occasion. La palette de couleurs bleu profond ajoute un look luxueux, tout en soulignant la force et l&rsquo;\u00e9l\u00e9gance de celui qui le porte. Ce costume est id\u00e9al pour les hommes qui recherchent un style raffin\u00e9 tout en rayonnant de force. <\/span><\/p>\n<p><span style=\"font-weight: 400;\">La coupe slim de ce costume vous garantit un look toujours \u00e9l\u00e9gant, avec un \u00e9quilibre parfait entre confort et style. Le mat\u00e9riau de haute qualit\u00e9 est con\u00e7u pour une utilisation durable et offre \u00e0 la fois respirabilit\u00e9 et luxe. Il <\/span><b>Le costume crois\u00e9 bleu profond<\/b><span style=\"font-weight: 400;\"> est un excellent choix pour les \u00e9v\u00e9nements formels tels que les mariages, les galas et les r\u00e9unions d&rsquo;affaires, o\u00f9 vous souhaitez impressionner avec une apparence sophistiqu\u00e9e.<\/span><\/p>\n<p>&nbsp;<\/p>\n<table>\n<tbody>\n<tr>\n<td>Fonctionnalit\u00e9<\/td>\n<td>D\u00e9tails<\/td>\n<\/tr>\n<tr>\n<td>Mat\u00e9riel<\/td>\n<td>M\u00e9lange de laine pour le luxe et le confort<\/td>\n<\/tr>\n<tr>\n<td>Couleur<\/td>\n<td>Bleu profond<\/td>\n<\/tr>\n<tr>\n<td>Tailles disponibles<\/td>\n<td>Petites tailles 46-62 \/ Grandes tailles 58-72<\/td>\n<\/tr>\n<tr>\n<td>Ajuster<\/td>\n<td>Coupe slim pour un look moderne<\/td>\n<\/tr>\n<tr>\n<td>Instructions de lavage<\/td>\n<td>Nettoyage \u00e0 sec professionnel uniquement<\/td>\n<\/tr>\n<\/tbody>\n<\/table>\n","protected":false},"excerpt":{"rendered":"<p><span style=\"font-weight: 400;\">Le<\/span><b> costume crois\u00e9 bleu profond<\/b><span style=\"font-weight: 400;\"> est le choix parfait pour l&rsquo;homme moderne qui aime un look intemporel et \u00e9l\u00e9gant. La fermeture \u00e0 double bouton offre une finition sophistiqu\u00e9e et formelle, tandis que la couleur bleu profond transmet un sentiment d&rsquo;autorit\u00e9 et de style. Ce costume convient aussi bien aux \u00e9v\u00e9nements professionnels que sociaux. <\/span><\/p>\n<p><span style=\"font-weight: 400;\">Avec sa coupe slim et ses mat\u00e9riaux de qualit\u00e9, ce costume vous assurera d&rsquo;\u00eatre \u00e0 votre meilleur en toute occasion. Sa structure robuste <\/span><b>Le costume crois\u00e9 bleu profond<\/b><span style=\"font-weight: 400;\"> garantit un look parfaitement coup\u00e9 qui renforce votre confiance en vous.<\/span><\/p>\n<p><span style=\"font-weight: 400;\">\u2702\ufe0f Ajustement parfait, fait sp\u00e9cialement pour vous.<\/span><\/p>\n<p><span style=\"font-weight: 400;\">Des conseils personnalis\u00e9s pour votre look unique.<\/span><\/p>\n<p><span style=\"font-weight: 400;\">Des mat\u00e9riaux de haute qualit\u00e9 pour un confort ultime.<\/span><\/p>\n<p><span style=\"font-weight: 400;\">\u00c9l\u00e9gant pour chaque occasion.<\/span><\/p>\n<p><span style=\"font-weight: 400;\">Profitez d&rsquo;un cadeau gratuit \u00e0 chaque visite en magasin !<\/span><\/p>\n","protected":false},"featured_media":2181,"template":"","meta":{"_acf_changed":false},"product_brand":[],"product_cat":[116],"product_tag":[],"class_list":{"0":"post-3928","1":"product","2":"type-product","3":"status-publish","4":"has-post-thumbnail","6":"product_cat-double-breasted-kostuums","8":"first","9":"instock","10":"sale","11":"shipping-taxable","12":"purchasable","13":"product-type-simple"},"acf":[],"_links":{"self":[{"href":"https:\/\/www.lomoro.nl\/fr\/wp-json\/wp\/v2\/product\/3928","targetHints":{"allow":["GET"]}}],"collection":[{"href":"https:\/\/www.lomoro.nl\/fr\/wp-json\/wp\/v2\/product"}],"about":[{"href":"https:\/\/www.lomoro.nl\/fr\/wp-json\/wp\/v2\/types\/product"}],"wp:featuredmedia":[{"embeddable":true,"href":"https:\/\/www.lomoro.nl\/fr\/wp-json\/wp\/v2\/media\/2181"}],"wp:attachment":[{"href":"https:\/\/www.lomoro.nl\/fr\/wp-json\/wp\/v2\/media?parent=3928"}],"wp:term":[{"taxonomy":"product_brand","embeddable":true,"href":"https:\/\/www.lomoro.nl\/fr\/wp-json\/wp\/v2\/product_brand?post=3928"},{"taxonomy":"product_cat","embeddable":true,"href":"https:\/\/www.lomoro.nl\/fr\/wp-json\/wp\/v2\/product_cat?post=3928"},{"taxonomy":"product_tag","embeddable":true,"href":"https:\/\/www.lomoro.nl\/fr\/wp-json\/wp\/v2\/product_tag?post=3928"}],"curies":[{"name":"wp","href":"https:\/\/api.w.org\/{rel}","templated":true}]}}