{"id":3950,"date":"2024-12-07T09:49:03","date_gmt":"2024-12-07T09:49:03","guid":{"rendered":"https:\/\/lomoro.nl\/?post_type=product&#038;p=3950"},"modified":"2025-01-04T20:55:02","modified_gmt":"2025-01-04T20:55:02","slug":"3-delig-pak-13","status":"publish","type":"product","link":"https:\/\/www.lomoro.nl\/fr\/products\/3-delig-pak-13\/","title":{"rendered":"Costume 3 pi\u00e8ces noir"},"content":{"rendered":"<section id=\"shopify-section-template--23762923880771__rich_text_kx9yLB\" class=\"shopify-section section\">\n<div class=\"isolate\">\n<div class=\"rich-text content-container color-scheme-1 gradient rich-text--full-width content-container--full-width section-template--23762923880771__rich_text_kx9yLB-padding\">\n<div class=\"rich-text__wrapper rich-text__wrapper--left page-width\">\n<div class=\"rich-text__blocks left\">\n<div class=\"rich-text__text rte scroll-trigger animate--slide-in\" data-cascade=\"\">\n<p>Le costume 3 pi\u00e8ces noir offre la combinaison parfaite de style, de luxe et de confort. Que vous alliez \u00e0 un mariage, \u00e0 une r\u00e9union formelle ou \u00e0 une autre occasion sp\u00e9ciale, ce costume vous assurera de toujours faire bonne impression. Le mod\u00e8le 3 pi\u00e8ces compos\u00e9 d&rsquo;un blazer \u00e9l\u00e9gant, d&rsquo;un gilet \u00e9l\u00e9gant et d&rsquo;un pantalon assorti offre un look raffin\u00e9 et professionnel. La couleur noir profond rend ce costume adapt\u00e9 \u00e0 presque toutes les occasions et peut facilement \u00eatre port\u00e9 avec des accessoires tels qu&rsquo;une cravate ou une pochette de costume pour lui donner une touche personnelle.<\/p>\n<p>Ce costume est non seulement \u00e9l\u00e9gant mais offre \u00e9galement un excellent ajustement. Fabriqu\u00e9 \u00e0 partir de tissus haut de gamme, le costume 3 pi\u00e8ces noir vous offrira un confort toute la journ\u00e9e tout en garantissant la meilleure qualit\u00e9 et le meilleur savoir-faire.<\/p>\n<table>\n<tbody>\n<tr>\n<td><b>Caract\u00e9ristique<\/b><\/td>\n<td><b>D\u00e9tails<\/b><\/td>\n<\/tr>\n<tr>\n<td><b>Mat\u00e9riau<\/b><\/td>\n<td><span style=\"font-weight: 400;\">Tissus de haute qualit\u00e9<\/span><\/td>\n<\/tr>\n<tr>\n<td><b>Couleur<\/b><\/td>\n<td><span style=\"font-weight: 400;\">Noir<\/span><\/td>\n<\/tr>\n<tr>\n<td><b>Tailles disponibles<\/b><\/td>\n<td><span style=\"font-weight: 400;\">Petites tailles 46-62 \/ Grandes tailles 58-72<\/span><\/td>\n<\/tr>\n<tr>\n<td><b>Coupe<\/b><\/td>\n<td><span style=\"font-weight: 400;\">Sur mesure pour un ajustement parfait<\/span><\/td>\n<\/tr>\n<tr>\n<td><b>Style<\/b><\/td>\n<td><span style=\"font-weight: 400;\">Classique avec des accents modernes<\/span><\/td>\n<\/tr>\n<tr>\n<td><b>Instructions d&rsquo;entretien<\/b><\/td>\n<td><span style=\"font-weight: 400;\">Nettoyage professionnel recommand\u00e9<\/span><\/td>\n<\/tr>\n<\/tbody>\n<\/table>\n<\/div>\n<\/div>\n<\/div>\n<\/div>\n<\/div>\n<\/section>\n","protected":false},"excerpt":{"rendered":"<p>Le costume 3 pi\u00e8ces noir de Lomoro est le choix parfait pour l&rsquo;homme qui privil\u00e9gie l&rsquo;\u00e9l\u00e9gance et le raffinement. Le design classique de ce costume convient \u00e0 un large \u00e9ventail d&rsquo;occasions formelles, des mariages aux \u00e9v\u00e9nements professionnels. Le mod\u00e8le 3 pi\u00e8ces se compose d&rsquo;un blazer \u00e9l\u00e9gant, d&rsquo;un gilet raffin\u00e9 et d&rsquo;un pantalon bien ajust\u00e9, ce qui en fait un choix polyvalent et intemporel. La couleur noire offre un look professionnel incomparable, tandis que l&rsquo;utilisation de tissus de haute qualit\u00e9 garantit un confort et une durabilit\u00e9 ultimes.<\/p>\n<p>Le costume noir 3 pi\u00e8ces Lomoro est un ensemble sophistiqu\u00e9 con\u00e7u pour le gentleman moderne. Ce costume se compose d&rsquo;une veste ajust\u00e9e, d&rsquo;un gilet assorti et d&rsquo;un pantalon classique, tous fabriqu\u00e9s \u00e0 partir de mat\u00e9riaux de haute qualit\u00e9 pour garantir durabilit\u00e9 et look sophistiqu\u00e9.<\/p>\n<p>\u2702\ufe0f Ajustement parfait, fait sp\u00e9cialement pour vous.<br \/>\n\ud83d\udc54 Des conseils personnalis\u00e9s pour votre look unique.<br \/>\n\ud83e\uddf5 Des mat\u00e9riaux de haute qualit\u00e9 pour un confort ultime.<br \/>\n\ud83c\udfa8 \u00c9l\u00e9gant pour chaque occasion.<br \/>\n\ud83c\udf81 Profitez d&rsquo;un cadeau gratuit \u00e0 chaque visite en magasin !<\/p>\n","protected":false},"featured_media":1704,"template":"","meta":{"_acf_changed":false},"product_brand":[],"product_cat":[113],"product_tag":[],"class_list":{"0":"post-3950","1":"product","2":"type-product","3":"status-publish","4":"has-post-thumbnail","6":"product_cat-3-delig-kostuums","8":"first","9":"instock","10":"sale","11":"shipping-taxable","12":"purchasable","13":"product-type-simple"},"acf":[],"_links":{"self":[{"href":"https:\/\/www.lomoro.nl\/fr\/wp-json\/wp\/v2\/product\/3950","targetHints":{"allow":["GET"]}}],"collection":[{"href":"https:\/\/www.lomoro.nl\/fr\/wp-json\/wp\/v2\/product"}],"about":[{"href":"https:\/\/www.lomoro.nl\/fr\/wp-json\/wp\/v2\/types\/product"}],"wp:featuredmedia":[{"embeddable":true,"href":"https:\/\/www.lomoro.nl\/fr\/wp-json\/wp\/v2\/media\/1704"}],"wp:attachment":[{"href":"https:\/\/www.lomoro.nl\/fr\/wp-json\/wp\/v2\/media?parent=3950"}],"wp:term":[{"taxonomy":"product_brand","embeddable":true,"href":"https:\/\/www.lomoro.nl\/fr\/wp-json\/wp\/v2\/product_brand?post=3950"},{"taxonomy":"product_cat","embeddable":true,"href":"https:\/\/www.lomoro.nl\/fr\/wp-json\/wp\/v2\/product_cat?post=3950"},{"taxonomy":"product_tag","embeddable":true,"href":"https:\/\/www.lomoro.nl\/fr\/wp-json\/wp\/v2\/product_tag?post=3950"}],"curies":[{"name":"wp","href":"https:\/\/api.w.org\/{rel}","templated":true}]}}