{"id":3959,"date":"2024-12-07T10:31:14","date_gmt":"2024-12-07T10:31:14","guid":{"rendered":"https:\/\/lomoro.nl\/?post_type=product&#038;p=3959"},"modified":"2025-01-04T20:58:43","modified_gmt":"2025-01-04T20:58:43","slug":"3-delig-pak-8","status":"publish","type":"product","link":"https:\/\/www.lomoro.nl\/fr\/products\/3-delig-pak-8\/","title":{"rendered":"Costume 3 pi\u00e8ces beige fonc\u00e9"},"content":{"rendered":"<p>Le costume 3 pi\u00e8ces beige profond de Lomoro est le choix parfait pour les hommes qui recherchent un look raffin\u00e9 et moderne. La couleur beige fonc\u00e9 rend ce costume id\u00e9al pour le printemps et l&rsquo;\u00e9t\u00e9, mais il convient \u00e9galement \u00e0 d&rsquo;autres occasions sp\u00e9ciales. Le design du costume est classique et \u00e9l\u00e9gant, mais avec une touche moderne qui lui donne un look frais et \u00e9l\u00e9gant.<\/p>\n<p>Le costume trois pi\u00e8ces se compose d&rsquo;un blazer aux lignes \u00e9pur\u00e9es, d&rsquo;un gilet au design \u00e9pur\u00e9 et d&rsquo;un pantalon assorti. Le gilet \u00e0 six boutons est con\u00e7u pour offrir le juste \u00e9quilibre entre confort et style. Ce costume n&rsquo;est pas seulement destin\u00e9 aux \u00e9v\u00e9nements formels, mais convient \u00e9galement aux hommes qui souhaitent rester \u00e9l\u00e9gants toute la journ\u00e9e, avec la possibilit\u00e9 de personnaliser le costume avec divers accessoires, comme une cravate ou une pochette de costume.<\/p>\n<p>Avec le Costume 3 Pi\u00e8ces Beige Profond, vous optez pour une combinaison de luxe, de savoir-faire et de look moderne que vous appr\u00e9cierez certainement lors de toute occasion sp\u00e9ciale.<\/p>\n<table style=\"height: 404px;\" width=\"508\">\n<tbody>\n<tr>\n<td><b>Caract\u00e9ristique<\/b><\/td>\n<td><b>D\u00e9tails<\/b><\/td>\n<\/tr>\n<tr>\n<td><b>Mat\u00e9riau<\/b><\/td>\n<td><span style=\"font-weight: 400;\">Tissus de haute qualit\u00e9<\/span><\/td>\n<\/tr>\n<tr>\n<td><b>Couleur<\/b><\/td>\n<td><span style=\"font-weight: 400;\">Beige profond<\/span><\/td>\n<\/tr>\n<tr>\n<td><b>Tailles disponibles<\/b><\/td>\n<td><span style=\"font-weight: 400;\">Petites tailles 46-62 \/ Grandes tailles 58-72<\/span><\/td>\n<\/tr>\n<tr>\n<td><b>Coupe<\/b><\/td>\n<td><span style=\"font-weight: 400;\">Sur mesure pour un ajustement parfait<\/span><\/td>\n<\/tr>\n<tr>\n<td><b>Style<\/b><\/td>\n<td><span style=\"font-weight: 400;\">Classique avec des accents modernes<\/span><\/td>\n<\/tr>\n<tr>\n<td><b>Entretien<\/b><\/td>\n<td><span style=\"font-weight: 400;\">Nettoyage professionnel recommand\u00e9<\/span><\/td>\n<\/tr>\n<\/tbody>\n<\/table>\n","protected":false},"excerpt":{"rendered":"<div class=\"product__tax caption rte\">Le costume 3 pi\u00e8ces beige fonc\u00e9 de Lomoro est un costume intemporel et \u00e9l\u00e9gant, parfait pour les mariages, d\u00eeners de gala ou autres \u00e9v\u00e9nements formels. Le costume allie luxe, confort et sophistication et est sp\u00e9cialement con\u00e7u pour l&rsquo;homme qui appr\u00e9cie \u00e0 la fois le style et la qualit\u00e9. Le mod\u00e8le trois pi\u00e8ces se compose d&rsquo;un blazer raffin\u00e9, d&rsquo;un \u00e9l\u00e9gant gilet \u00e0 six boutons et d&rsquo;un pantalon assorti qui s&rsquo;accorde parfaitement avec le reste du costume. La couleur beige fonc\u00e9 donne \u00e0 ce costume un aspect chaleureux id\u00e9al pour diff\u00e9rentes saisons et occasions.<\/div>\n<div class=\"product__tax caption rte\">\u2702\ufe0f Ajustement parfait, fait sp\u00e9cialement pour vous.<br \/>\n\ud83d\udc54 Des conseils personnalis\u00e9s pour votre look unique.<br \/>\n\ud83e\uddf5 Des mat\u00e9riaux de haute qualit\u00e9 pour un confort ultime.<br \/>\n\ud83c\udfa8 \u00c9l\u00e9gant pour chaque occasion.<br \/>\n\ud83c\udf81 Profitez d&rsquo;un cadeau gratuit \u00e0 chaque visite en magasin !<\/div>\n","protected":false},"featured_media":1764,"template":"","meta":{"_acf_changed":false},"product_brand":[],"product_cat":[113],"product_tag":[],"class_list":{"0":"post-3959","1":"product","2":"type-product","3":"status-publish","4":"has-post-thumbnail","6":"product_cat-3-delig-kostuums","8":"first","9":"instock","10":"sale","11":"shipping-taxable","12":"purchasable","13":"product-type-simple"},"acf":[],"_links":{"self":[{"href":"https:\/\/www.lomoro.nl\/fr\/wp-json\/wp\/v2\/product\/3959","targetHints":{"allow":["GET"]}}],"collection":[{"href":"https:\/\/www.lomoro.nl\/fr\/wp-json\/wp\/v2\/product"}],"about":[{"href":"https:\/\/www.lomoro.nl\/fr\/wp-json\/wp\/v2\/types\/product"}],"wp:featuredmedia":[{"embeddable":true,"href":"https:\/\/www.lomoro.nl\/fr\/wp-json\/wp\/v2\/media\/1764"}],"wp:attachment":[{"href":"https:\/\/www.lomoro.nl\/fr\/wp-json\/wp\/v2\/media?parent=3959"}],"wp:term":[{"taxonomy":"product_brand","embeddable":true,"href":"https:\/\/www.lomoro.nl\/fr\/wp-json\/wp\/v2\/product_brand?post=3959"},{"taxonomy":"product_cat","embeddable":true,"href":"https:\/\/www.lomoro.nl\/fr\/wp-json\/wp\/v2\/product_cat?post=3959"},{"taxonomy":"product_tag","embeddable":true,"href":"https:\/\/www.lomoro.nl\/fr\/wp-json\/wp\/v2\/product_tag?post=3959"}],"curies":[{"name":"wp","href":"https:\/\/api.w.org\/{rel}","templated":true}]}}