{"id":3963,"date":"2024-12-07T09:34:58","date_gmt":"2024-12-07T09:34:58","guid":{"rendered":"https:\/\/lomoro.nl\/?post_type=product&#038;p=3963"},"modified":"2025-01-04T21:04:15","modified_gmt":"2025-01-04T21:04:15","slug":"3-delig-pak-41","status":"publish","type":"product","link":"https:\/\/www.lomoro.nl\/fr\/products\/3-delig-pak-41\/","title":{"rendered":"Driedelig wit kostuum"},"content":{"rendered":"<p>Le costume 3 pi\u00e8ces Blanc de Lomoro est con\u00e7u pour l&rsquo;homme qui veut se distinguer et marquer les esprits. Que vous soyez un mari\u00e9 c\u00e9l\u00e9brant son grand jour ou un invit\u00e9 \u00e0 un \u00e9v\u00e9nement de luxe, ce costume offre une sophistication ind\u00e9niable. Le design blanc \u00e9clatant vous donne un look frais et moderne, tandis que le design en trois pi\u00e8ces offre un look complet et harmonieux. Le blazer a une coupe raffin\u00e9e, tandis que le gilet et le pantalon sont parfaitement ajust\u00e9s pour une coupe \u00e9l\u00e9gante et confortable.<\/p>\n<p>La couleur blanche est id\u00e9ale pour les mariages et autres occasions formelles, et le costume peut facilement \u00eatre personnalis\u00e9 avec des accessoires tels que des boutons de manchette, une cravate ou une pochette de costume pour ajouter votre touche personnelle. Avec ce costume vous \u00eates assur\u00e9 d&rsquo;un look chic qui dure toute la journ\u00e9e.<\/p>\n<p>Choisissez le costume 3 pi\u00e8ces Blanc et assurez-vous d&rsquo;\u00eatre \u00e0 votre meilleur en toute occasion.<\/p>\n<table style=\"height: 403px;\" width=\"572\">\n<tbody>\n<tr>\n<td><b>Caract\u00e9ristique<\/b><\/td>\n<td><b>D\u00e9tails<\/b><\/td>\n<\/tr>\n<tr>\n<td><b>Mat\u00e9riau<\/b><\/td>\n<td><span style=\"font-weight: 400;\">Tissus luxueux de haute qualit\u00e9<\/span><\/td>\n<\/tr>\n<tr>\n<td><b>Couleur<\/b><\/td>\n<td><span style=\"font-weight: 400;\">Blanc<\/span><\/td>\n<\/tr>\n<tr>\n<td><b>Tailles disponibles<\/b><\/td>\n<td><span style=\"font-weight: 400;\">Petites tailles 46-62 \/ Grandes tailles 58-72<\/span><\/td>\n<\/tr>\n<tr>\n<td><b>Coupe<\/b><\/td>\n<td><span style=\"font-weight: 400;\">Sur mesure pour un ajustement parfait<\/span><\/td>\n<\/tr>\n<tr>\n<td><b>Style<\/b><\/td>\n<td><span style=\"font-weight: 400;\">Classique avec une touche contemporaine<\/span><\/td>\n<\/tr>\n<tr>\n<td><b>Entretien<\/b><\/td>\n<td><span style=\"font-weight: 400;\">Nettoyage professionnel recommand\u00e9<\/span><\/td>\n<\/tr>\n<\/tbody>\n<\/table>\n<p>&nbsp;<\/p>\n","protected":false},"excerpt":{"rendered":"<p>Le costume 3 pi\u00e8ces Blanc de Lomoro est le choix ultime pour celles qui recherchent un look intemporel, raffin\u00e9 et \u00e9l\u00e9gant. Ce costume est id\u00e9al pour les mariages, les d\u00eeners de gala et autres occasions sp\u00e9ciales o\u00f9 vous souhaitez absolument vous d\u00e9marquer. Le mod\u00e8le blanc rayonne \u00e0 la fois de puret\u00e9 et d&rsquo;\u00e9l\u00e9gance, tandis que le mod\u00e8le trois pi\u00e8ces compos\u00e9 d&rsquo;un blazer, d&rsquo;un gilet et d&rsquo;un pantalon offre un look moderne et raffin\u00e9. Parfaitement adapt\u00e9 \u00e0 l&rsquo;homme moderne qui appr\u00e9cie \u00e0 la fois le style et le confort.<\/p>\n<p>\u2702\ufe0f Ajustement parfait, fait sp\u00e9cialement pour vous.<br \/>\n\ud83d\udc54 Des conseils personnalis\u00e9s pour votre look unique.<br \/>\n\ud83e\uddf5 Des mat\u00e9riaux de haute qualit\u00e9 pour un confort ultime.<br \/>\n\ud83c\udfa8 \u00c9l\u00e9gant pour chaque occasion.<br \/>\n\ud83c\udf81 Profitez d&rsquo;un cadeau gratuit \u00e0 chaque visite en magasin !<\/p>\n","protected":false},"featured_media":1689,"template":"","meta":{"_acf_changed":false},"product_brand":[],"product_cat":[113],"product_tag":[],"class_list":{"0":"post-3963","1":"product","2":"type-product","3":"status-publish","4":"has-post-thumbnail","6":"product_cat-3-delig-kostuums","8":"first","9":"instock","10":"sale","11":"shipping-taxable","12":"purchasable","13":"product-type-simple"},"acf":[],"_links":{"self":[{"href":"https:\/\/www.lomoro.nl\/fr\/wp-json\/wp\/v2\/product\/3963","targetHints":{"allow":["GET"]}}],"collection":[{"href":"https:\/\/www.lomoro.nl\/fr\/wp-json\/wp\/v2\/product"}],"about":[{"href":"https:\/\/www.lomoro.nl\/fr\/wp-json\/wp\/v2\/types\/product"}],"wp:featuredmedia":[{"embeddable":true,"href":"https:\/\/www.lomoro.nl\/fr\/wp-json\/wp\/v2\/media\/1689"}],"wp:attachment":[{"href":"https:\/\/www.lomoro.nl\/fr\/wp-json\/wp\/v2\/media?parent=3963"}],"wp:term":[{"taxonomy":"product_brand","embeddable":true,"href":"https:\/\/www.lomoro.nl\/fr\/wp-json\/wp\/v2\/product_brand?post=3963"},{"taxonomy":"product_cat","embeddable":true,"href":"https:\/\/www.lomoro.nl\/fr\/wp-json\/wp\/v2\/product_cat?post=3963"},{"taxonomy":"product_tag","embeddable":true,"href":"https:\/\/www.lomoro.nl\/fr\/wp-json\/wp\/v2\/product_tag?post=3963"}],"curies":[{"name":"wp","href":"https:\/\/api.w.org\/{rel}","templated":true}]}}