{"id":3973,"date":"2024-12-07T09:55:05","date_gmt":"2024-12-07T09:55:05","guid":{"rendered":"https:\/\/lomoro.nl\/?post_type=product&#038;p=3973"},"modified":"2025-01-04T21:06:05","modified_gmt":"2025-01-04T21:06:05","slug":"3-delig-pak-42","status":"publish","type":"product","link":"https:\/\/www.lomoro.nl\/fr\/products\/3-delig-pak-42\/","title":{"rendered":"Costume 3 pi\u00e8ces bleu"},"content":{"rendered":"<section id=\"shopify-section-template--23762923880771__rich_text_kx9yLB\" class=\"shopify-section section\">\n<div class=\"isolate\">\n<div class=\"rich-text content-container color-scheme-1 gradient rich-text--full-width content-container--full-width section-template--23762923880771__rich_text_kx9yLB-padding\">\n<div class=\"rich-text__wrapper rich-text__wrapper--left page-width\">\n<div class=\"rich-text__blocks left\">\n<div class=\"rich-text__text rte scroll-trigger animate--slide-in\" data-cascade=\"\">\n<p>Entrez dans la sophistication avec le costume bleu 3 pi\u00e8ces, un costume con\u00e7u pour les hommes qui veulent faire une impression durable. Ce costume trois pi\u00e8ces est parfait pour tout \u00e9v\u00e9nement formel, des mariages aux galas avec cravate noire. La couleur bleue profonde et riche ajoute un \u00e9l\u00e9ment de fra\u00eecheur et de sophistication, ce qui en fait le choix id\u00e9al pour ceux qui veulent un costume qui se d\u00e9marque. Fabriqu\u00e9 \u00e0 partir de mat\u00e9riaux de haute qualit\u00e9, ce costume offre \u00e0 la fois style et confort, pour que vous ayez non seulement fi\u00e8re allure, mais que vous vous sentiez \u00e9galement \u00e0 l&rsquo;aise.<\/p>\n<p>La coupe de la veste est \u00e0 la fois flatteuse et parfaitement ajust\u00e9e, tandis que le gilet et le pantalon compl\u00e8tent le look avec la m\u00eame pr\u00e9cision. Ce costume est confectionn\u00e9 avec des techniques de couture modernes pour cr\u00e9er une silhouette nette qui met en valeur votre forme naturelle. Le design classique est compl\u00e9t\u00e9 par des accents contemporains, rendant le costume bleu 3 pi\u00e8ces \u00e0 la fois intemporel et \u00e9l\u00e9gant. La polyvalence de ce costume vous permet de le personnaliser avec diff\u00e9rents accessoires, d&rsquo;une cravate classique \u00e0 une pochette de costume, ajoutant une touche personnelle \u00e0 votre look g\u00e9n\u00e9ral.<\/p>\n<table style=\"height: 409px;\" width=\"526\">\n<tbody>\n<tr>\n<td><b>Caract\u00e9ristique<\/b><\/td>\n<td><b>D\u00e9tails<\/b><\/td>\n<\/tr>\n<tr>\n<td><b>Mat\u00e9riau<\/b><\/td>\n<td><span style=\"font-weight: 400;\">Tissus premium de haute qualit\u00e9<\/span><\/td>\n<\/tr>\n<tr>\n<td><b>Couleur<\/b><\/td>\n<td><span style=\"font-weight: 400;\">Bleu<\/span><\/td>\n<\/tr>\n<tr>\n<td><b>Tailles disponibles<\/b><\/td>\n<td><span style=\"font-weight: 400;\">Petites tailles 46-62 \/ Grandes tailles 58-72<\/span><\/td>\n<\/tr>\n<tr>\n<td><b>Coupe<\/b><\/td>\n<td><span style=\"font-weight: 400;\">Sur mesure pour un ajustement parfait<\/span><\/td>\n<\/tr>\n<tr>\n<td><b>Style<\/b><\/td>\n<td><span style=\"font-weight: 400;\">Classique avec des accents modernes<\/span><\/td>\n<\/tr>\n<tr>\n<td><b>Entretien<\/b><\/td>\n<td><span style=\"font-weight: 400;\">Nettoyage professionnel recommand\u00e9<\/span><\/td>\n<\/tr>\n<\/tbody>\n<\/table>\n<\/div>\n<\/div>\n<\/div>\n<\/div>\n<\/div>\n<\/section>\n","protected":false},"excerpt":{"rendered":"<div class=\"product__tax caption rte\">\n<p>Le costume bleu 3 pi\u00e8ces de Lomoro est un m\u00e9lange parfait d&rsquo;artisanat traditionnel et de couture moderne, con\u00e7u pour l&rsquo;homme qui recherche \u00e0 la fois sophistication et confort. Que ce soit pour un mariage, un gala ou une occasion formelle, ce costume trois pi\u00e8ces bleu fera une d\u00e9claration impeccable. Le design contemporain, combin\u00e9 au tissu luxueux, garantit non seulement que vous avez fi\u00e8re allure, mais que vous vous sentez \u00e9galement en confiance et \u00e0 l&rsquo;aise pendant l&rsquo;\u00e9v\u00e9nement. Ce costume est confectionn\u00e9 sur mesure dans les moindres d\u00e9tails et est un incontournable pour les hommes qui souhaitent se d\u00e9marquer et \u00eatre \u00e0 leur meilleur.<\/p>\n<p>\u2702\ufe0f Ajustement parfait, fait sp\u00e9cialement pour vous.<\/p>\n<p>\ud83d\udc54 Des conseils personnalis\u00e9s pour votre look unique.<\/p>\n<p>\ud83e\uddf5 Des mat\u00e9riaux de haute qualit\u00e9 pour un confort ultime.<\/p>\n<p>\ud83c\udfa8 \u00c9l\u00e9gant pour chaque occasion.<\/p>\n<p>\ud83c\udf81 Profitez d&rsquo;un cadeau gratuit \u00e0 chaque visite en magasin !<\/p>\n<\/div>\n","protected":false},"featured_media":1713,"template":"","meta":{"_acf_changed":false},"product_brand":[],"product_cat":[113],"product_tag":[],"class_list":{"0":"post-3973","1":"product","2":"type-product","3":"status-publish","4":"has-post-thumbnail","6":"product_cat-3-delig-kostuums","8":"first","9":"instock","10":"sale","11":"shipping-taxable","12":"purchasable","13":"product-type-simple"},"acf":[],"_links":{"self":[{"href":"https:\/\/www.lomoro.nl\/fr\/wp-json\/wp\/v2\/product\/3973","targetHints":{"allow":["GET"]}}],"collection":[{"href":"https:\/\/www.lomoro.nl\/fr\/wp-json\/wp\/v2\/product"}],"about":[{"href":"https:\/\/www.lomoro.nl\/fr\/wp-json\/wp\/v2\/types\/product"}],"wp:featuredmedia":[{"embeddable":true,"href":"https:\/\/www.lomoro.nl\/fr\/wp-json\/wp\/v2\/media\/1713"}],"wp:attachment":[{"href":"https:\/\/www.lomoro.nl\/fr\/wp-json\/wp\/v2\/media?parent=3973"}],"wp:term":[{"taxonomy":"product_brand","embeddable":true,"href":"https:\/\/www.lomoro.nl\/fr\/wp-json\/wp\/v2\/product_brand?post=3973"},{"taxonomy":"product_cat","embeddable":true,"href":"https:\/\/www.lomoro.nl\/fr\/wp-json\/wp\/v2\/product_cat?post=3973"},{"taxonomy":"product_tag","embeddable":true,"href":"https:\/\/www.lomoro.nl\/fr\/wp-json\/wp\/v2\/product_tag?post=3973"}],"curies":[{"name":"wp","href":"https:\/\/api.w.org\/{rel}","templated":true}]}}