{"id":3976,"date":"2024-12-07T10:25:45","date_gmt":"2024-12-07T10:25:45","guid":{"rendered":"https:\/\/lomoro.nl\/?post_type=product&#038;p=3976"},"modified":"2025-01-06T07:43:34","modified_gmt":"2025-01-06T07:43:34","slug":"3-delig-pak-6","status":"publish","type":"product","link":"https:\/\/www.lomoro.nl\/fr\/products\/3-delig-pak-6\/","title":{"rendered":"Costume 3 pi\u00e8ces bleu \u00e0 carreaux"},"content":{"rendered":"<section id=\"shopify-section-template--23762923880771__rich_text_kx9yLB\" class=\"shopify-section section\">\n<div class=\"isolate\">\n<div class=\"rich-text content-container color-scheme-1 gradient rich-text--full-width content-container--full-width section-template--23762923880771__rich_text_kx9yLB-padding\">\n<div class=\"rich-text__wrapper rich-text__wrapper--left page-width\">\n<div class=\"rich-text__blocks left\">\n<div class=\"rich-text__text rte scroll-trigger animate--slide-in\" data-cascade=\"\">\n<p>Le costume 3 pi\u00e8ces bleu \u00e0 carreaux est con\u00e7u pour l&rsquo;homme qui souhaite se distinguer et faire bonne impression. Ce costume \u00e9l\u00e9gant offre un look soign\u00e9, parfait pour un mariage ou une occasion formelle. Le motif \u00e0 carreaux subtil ajoute une touche de sophistication sans perdre le charme intemporel du design. Le gilet et le pantalon sont parfaitement ajust\u00e9s pour une coupe confortable et ajust\u00e9e, et le blazer est coup\u00e9 pour un look moderne.<\/p>\n<p>Le costume peut facilement \u00eatre personnalis\u00e9 avec des accessoires tels que des boutons de manchette, une cravate ou une pochette de costume pour accentuer votre style personnel. Que vous soyez mari\u00e9 ou invit\u00e9 \u00e0 un \u00e9v\u00e9nement de luxe, ce costume vous d\u00e9marquera par son aspect \u00e9l\u00e9gant et sophistiqu\u00e9.<\/p>\n<table style=\"height: 406px;\" width=\"593\">\n<tbody>\n<tr>\n<td><b>Caract\u00e9ristique<\/b><\/td>\n<td><b>D\u00e9tails<\/b><\/td>\n<\/tr>\n<tr>\n<td><b>Mat\u00e9riau<\/b><\/td>\n<td><span style=\"font-weight: 400;\">Tissus luxueux de haute qualit\u00e9<\/span><\/td>\n<\/tr>\n<tr>\n<td><b>Couleur<\/b><\/td>\n<td><span style=\"font-weight: 400;\">Bleu avec un subtil motif \u00e0 carreaux<\/span><\/td>\n<\/tr>\n<tr>\n<td><b>Tailles disponibles<\/b><\/td>\n<td><span style=\"font-weight: 400;\">Petites tailles 46-62 \/ Grandes tailles 58-72<\/span><\/td>\n<\/tr>\n<tr>\n<td><b>Coupe<\/b><\/td>\n<td><span style=\"font-weight: 400;\">Sur mesure pour un ajustement parfait<\/span><\/td>\n<\/tr>\n<tr>\n<td><b>Style<\/b><\/td>\n<td><span style=\"font-weight: 400;\">Classique avec une touche moderne<\/span><\/td>\n<\/tr>\n<tr>\n<td><b>Entretien<\/b><\/td>\n<td><span style=\"font-weight: 400;\">Nettoyage professionnel recommand\u00e9<\/span><\/td>\n<\/tr>\n<\/tbody>\n<\/table>\n<\/div>\n<\/div>\n<\/div>\n<\/div>\n<\/div>\n<\/section>\n","protected":false},"excerpt":{"rendered":"<p>Le costume bleu \u00e0 carreaux 3 pi\u00e8ces de Lomoro est le choix ultime pour l&rsquo;homme moderne qui appr\u00e9cie \u00e0 la fois le style et le confort. Ce costume \u00e9l\u00e9gant est parfait pour les mariages, les d\u00eeners de gala et les \u00e9v\u00e9nements d&rsquo;entreprise. La couleur bleue raffin\u00e9e avec un subtil motif en losanges offre un look chic et intemporel. Le mod\u00e8le trois pi\u00e8ces, compos\u00e9 d&rsquo;un blazer, d&rsquo;un gilet et d&rsquo;un pantalon, offre une sophistication inimitable et assure une coupe parfaite et sur mesure.<\/p>\n<p>\u2702\ufe0f Ajustement parfait, fait sp\u00e9cialement pour vous.<br \/>\n\ud83d\udc54 Des conseils personnalis\u00e9s pour votre look unique.<br \/>\n\ud83e\uddf5 Des mat\u00e9riaux de haute qualit\u00e9 pour un confort ultime.<br \/>\n\ud83c\udfa8 \u00c9l\u00e9gant pour chaque occasion.<br \/>\n\ud83c\udf81 Profitez d&rsquo;un cadeau gratuit \u00e0 chaque visite en magasin !<\/p>\n","protected":false},"featured_media":1755,"template":"","meta":{"_acf_changed":false},"product_brand":[],"product_cat":[113],"product_tag":[],"class_list":{"0":"post-3976","1":"product","2":"type-product","3":"status-publish","4":"has-post-thumbnail","6":"product_cat-3-delig-kostuums","8":"first","9":"instock","10":"sale","11":"shipping-taxable","12":"purchasable","13":"product-type-simple"},"acf":[],"_links":{"self":[{"href":"https:\/\/www.lomoro.nl\/fr\/wp-json\/wp\/v2\/product\/3976","targetHints":{"allow":["GET"]}}],"collection":[{"href":"https:\/\/www.lomoro.nl\/fr\/wp-json\/wp\/v2\/product"}],"about":[{"href":"https:\/\/www.lomoro.nl\/fr\/wp-json\/wp\/v2\/types\/product"}],"wp:featuredmedia":[{"embeddable":true,"href":"https:\/\/www.lomoro.nl\/fr\/wp-json\/wp\/v2\/media\/1755"}],"wp:attachment":[{"href":"https:\/\/www.lomoro.nl\/fr\/wp-json\/wp\/v2\/media?parent=3976"}],"wp:term":[{"taxonomy":"product_brand","embeddable":true,"href":"https:\/\/www.lomoro.nl\/fr\/wp-json\/wp\/v2\/product_brand?post=3976"},{"taxonomy":"product_cat","embeddable":true,"href":"https:\/\/www.lomoro.nl\/fr\/wp-json\/wp\/v2\/product_cat?post=3976"},{"taxonomy":"product_tag","embeddable":true,"href":"https:\/\/www.lomoro.nl\/fr\/wp-json\/wp\/v2\/product_tag?post=3976"}],"curies":[{"name":"wp","href":"https:\/\/api.w.org\/{rel}","templated":true}]}}